{"id":1037,"date":"2023-06-06T01:50:32","date_gmt":"2023-06-06T01:50:32","guid":{"rendered":"http:\/\/tempusfugit.mx\/blogniebla\/?page_id=1037"},"modified":"2023-06-06T18:21:49","modified_gmt":"2023-06-06T18:21:49","slug":"dragon-tornasol-articulado","status":"publish","type":"page","link":"https:\/\/tempusfugit.mx\/blogniebla\/dragon-tornasol-articulado\/","title":{"rendered":"Drag\u00f3n tornasol articulado"},"content":{"rendered":"\n<div class=\"wp-block-media-text alignwide is-stacked-on-mobile\" style=\"grid-template-columns:42% auto\"><figure class=\"wp-block-media-text__media\"><video controls src=\"https:\/\/tempusfugit.mx\/blogniebla\/wp-content\/uploads\/2023\/06\/Promo-dragon-simple.mp4\"><\/video><\/figure><div class=\"wp-block-media-text__content\">\n<p><\/p>\n<\/div><\/div>\n\n\n\n<p><\/p>\n\n\n\n<div class=\"slider-wrapper\"><div class=\"ribbon\"><\/div><div id=\"nivoslider-D1TGV-1039\" class=\"nivoSlider\"><img src=\"https:\/\/tempusfugit.mx\/blogniebla\/wp-content\/uploads\/2023\/06\/DSC01314.sqr1jpg-1-300x300.jpg\" alt=\"\" \/><\/div><\/div><script type=\"text\/javascript\">\njQuery(window).load(function(){\n    jQuery(\"#nivoslider-D1TGV-1039 img\").css(\"position\",\"relative\").show();\n});\n<\/script>\n\n\n\n\n<p>Impreso en material PLA <br>El drag\u00f3n est\u00e1 articulado desde el momento de imprimir.<br>Ideal para regalar, o para decorar ese lugar especial.<br>Impreso en material tornasol colores Azul con Morado y Negro.<\/p>\n\n\n\n<p>Para uso en interiores.<br><strong>Medidas<\/strong> extendido: 42 cm x 3.5 cm<br><strong>Costo <\/strong>: <strong>$250.00&nbsp;MXN<br><\/strong>Entrega gratuita en la Cd. de Monterrey, NL M\u00e9xico.<\/p>\n\n\n\n<p><br><strong>Tiempo de entrega<\/strong> 5 d\u00edas h\u00e1biles despu\u00e9s de recibir el pago<br><strong>Para env\u00edos fuera de Monterrey<\/strong>&nbsp;favor de enviar email con datos del sitio de recepci\u00f3n para realizar un presupuesto.<br><strong>Pedidos de m\u00e1s de 5 piezas<\/strong> favor de enviar email con datos del sitio de recepci\u00f3n para realizar un presupuesto.<\/p>\n\n\n\n<h3 class=\"wp-block-heading\"><strong>COMPRAR<\/strong><\/h3>\n\n\n\n<p>Solicite un formato de pago PayPal, llenando siguiente formulario, con el que podr\u00e1 pagar con Tarjeta de Cr\u00e9dito o con su cuenta PayPal.<br>Le ser\u00e1 enviado un correo electr\u00f3nico con el formato.<\/p>\n\n\n\n<p><\/p>\n\n\n\n<h2 class=\"wp-block-heading has-text-align-center has-luminous-vivid-orange-color has-text-color\"><strong>Solicitud de Formato de Pago<\/strong><br><img decoding=\"async\" loading=\"lazy\" width=\"3840\" height=\"2160\" class=\"wp-image-745\" style=\"width: 150px;\" src=\"https:\/\/tempusfugit.mx\/blogniebla\/wp-content\/uploads\/2023\/05\/logo-Paypal.png\" alt=\"\" srcset=\"https:\/\/tempusfugit.mx\/blogniebla\/wp-content\/uploads\/2023\/05\/logo-Paypal.png 3840w, https:\/\/tempusfugit.mx\/blogniebla\/wp-content\/uploads\/2023\/05\/logo-Paypal-300x169.png 300w, https:\/\/tempusfugit.mx\/blogniebla\/wp-content\/uploads\/2023\/05\/logo-Paypal-768x432.png 768w, https:\/\/tempusfugit.mx\/blogniebla\/wp-content\/uploads\/2023\/05\/logo-Paypal-1024x576.png 1024w, https:\/\/tempusfugit.mx\/blogniebla\/wp-content\/uploads\/2023\/05\/logo-Paypal-750x422.png 750w\" sizes=\"(max-width: 3840px) 100vw, 3840px\" \/><\/h2>\n\n\n\n<div class=\"wp-block-contact-form-7-contact-form-selector\">\n<div class=\"wpcf7 no-js\" id=\"wpcf7-f1029-o1\" lang=\"es-ES\" dir=\"ltr\">\n<div class=\"screen-reader-response\"><p role=\"status\" aria-live=\"polite\" aria-atomic=\"true\"><\/p> <ul><\/ul><\/div>\n<form action=\"\/blogniebla\/wp-json\/wp\/v2\/pages\/1037#wpcf7-f1029-o1\" method=\"post\" class=\"wpcf7-form init\" aria-label=\"Formulario de contacto\" novalidate=\"novalidate\" data-status=\"init\">\n<div style=\"display: none;\">\n<input type=\"hidden\" name=\"_wpcf7\" value=\"1029\" \/>\n<input type=\"hidden\" name=\"_wpcf7_version\" value=\"5.7.7\" \/>\n<input type=\"hidden\" name=\"_wpcf7_locale\" value=\"es_ES\" \/>\n<input type=\"hidden\" name=\"_wpcf7_unit_tag\" value=\"wpcf7-f1029-o1\" \/>\n<input type=\"hidden\" name=\"_wpcf7_container_post\" value=\"0\" \/>\n<input type=\"hidden\" name=\"_wpcf7_posted_data_hash\" value=\"\" \/>\n<\/div>\n<p><label> Tu nombre<br \/>\n<span class=\"wpcf7-form-control-wrap\" data-name=\"your-name\"><input size=\"40\" class=\"wpcf7-form-control wpcf7-text wpcf7-validates-as-required\" autocomplete=\"name\" aria-required=\"true\" aria-invalid=\"false\" value=\"\" type=\"text\" name=\"your-name\" \/><\/span> <\/label>\n<\/p>\n<p><label> Tu correo electr\u00f3nico<br \/>\n<span class=\"wpcf7-form-control-wrap\" data-name=\"your-email\"><input size=\"40\" class=\"wpcf7-form-control wpcf7-text wpcf7-email wpcf7-validates-as-required wpcf7-validates-as-email\" autocomplete=\"email\" aria-required=\"true\" aria-invalid=\"false\" value=\"\" type=\"email\" name=\"your-email\" \/><\/span> <\/label>\n<\/p>\n<p><label> Escribe el nombre de la pieza como confirmaci\u00f3n: Drag\u00f3n articulado<br \/>\n<span class=\"wpcf7-form-control-wrap\" data-name=\"your-subject\"><input size=\"40\" class=\"wpcf7-form-control wpcf7-text wpcf7-validates-as-required\" aria-required=\"true\" aria-invalid=\"false\" value=\"\" type=\"text\" name=\"your-subject\" \/><\/span> <\/label>\n<\/p>\n<p><label> Direcci\u00f3n completa para env\u00edo de la pieza<br \/>\n<span class=\"wpcf7-form-control-wrap\" data-name=\"your-message\"><textarea cols=\"40\" rows=\"10\" class=\"wpcf7-form-control wpcf7-textarea\" aria-invalid=\"false\" name=\"your-message\"><\/textarea><\/span> <\/label><br \/>\nEscoge la cantidad de piezas<br \/>\n<span class=\"wpcf7-form-control-wrap\" data-name=\"checkbox-165\"><span class=\"wpcf7-form-control wpcf7-checkbox wpcf7-validates-as-required wpcf7-exclusive-checkbox\"><span class=\"wpcf7-list-item first\"><label><input type=\"checkbox\" name=\"checkbox-165\" value=\"1\" \/><span class=\"wpcf7-list-item-label\">1<\/span><\/label><\/span><span class=\"wpcf7-list-item\"><label><input type=\"checkbox\" name=\"checkbox-165\" value=\"2\" \/><span class=\"wpcf7-list-item-label\">2<\/span><\/label><\/span><span class=\"wpcf7-list-item\"><label><input type=\"checkbox\" name=\"checkbox-165\" value=\"3\" \/><span class=\"wpcf7-list-item-label\">3<\/span><\/label><\/span><span class=\"wpcf7-list-item\"><label><input type=\"checkbox\" name=\"checkbox-165\" value=\"4\" \/><span class=\"wpcf7-list-item-label\">4<\/span><\/label><\/span><span class=\"wpcf7-list-item last\"><label><input type=\"checkbox\" name=\"checkbox-165\" value=\"5\" \/><span class=\"wpcf7-list-item-label\">5<\/span><\/label><\/span><\/span><\/span>\n<\/p>\n<p><input class=\"wpcf7-form-control has-spinner wpcf7-submit\" type=\"submit\" value=\"Enviar\" \/>\n<\/p><div class=\"wpcf7-response-output\" aria-hidden=\"true\"><\/div>\n<\/form>\n<\/div>\n<\/div>\n\n\n\n<h2 class=\"wp-block-heading\"><strong><a href=\"https:\/\/tempusfugit.mx\/blogniebla\/miscelanea-3d\/\" data-type=\"page\" data-id=\"945\">Regresa a Miscelanea 3d<\/a><\/strong><\/h2>\n","protected":false},"excerpt":{"rendered":"<p>Impreso en material PLA El drag\u00f3n est\u00e1 articulado desde el momento de imprimir.Ideal para regalar, o para decorar ese lugar especial.Impreso en material tornasol colores Azul con Morado y Negro. Para uso en interiores.Medidas extendido: 42 cm x 3.5 cmCosto : $250.00&nbsp;MXNEntrega gratuita en la Cd. de Monterrey, NL M\u00e9xico. Tiempo de entrega 5 d\u00edas [&hellip;]<\/p>\n","protected":false},"author":1,"featured_media":0,"parent":0,"menu_order":0,"comment_status":"closed","ping_status":"closed","template":"page_fullwidth.php","meta":[],"_links":{"self":[{"href":"https:\/\/tempusfugit.mx\/blogniebla\/wp-json\/wp\/v2\/pages\/1037"}],"collection":[{"href":"https:\/\/tempusfugit.mx\/blogniebla\/wp-json\/wp\/v2\/pages"}],"about":[{"href":"https:\/\/tempusfugit.mx\/blogniebla\/wp-json\/wp\/v2\/types\/page"}],"author":[{"embeddable":true,"href":"https:\/\/tempusfugit.mx\/blogniebla\/wp-json\/wp\/v2\/users\/1"}],"replies":[{"embeddable":true,"href":"https:\/\/tempusfugit.mx\/blogniebla\/wp-json\/wp\/v2\/comments?post=1037"}],"version-history":[{"count":4,"href":"https:\/\/tempusfugit.mx\/blogniebla\/wp-json\/wp\/v2\/pages\/1037\/revisions"}],"predecessor-version":[{"id":1054,"href":"https:\/\/tempusfugit.mx\/blogniebla\/wp-json\/wp\/v2\/pages\/1037\/revisions\/1054"}],"wp:attachment":[{"href":"https:\/\/tempusfugit.mx\/blogniebla\/wp-json\/wp\/v2\/media?parent=1037"}],"curies":[{"name":"wp","href":"https:\/\/api.w.org\/{rel}","templated":true}]}}