{"id":375,"date":"2021-11-03T06:41:27","date_gmt":"2021-11-03T06:41:27","guid":{"rendered":"http:\/\/tempusfugit.mx\/blogniebla\/?page_id=375"},"modified":"2022-10-01T17:16:54","modified_gmt":"2022-10-01T17:16:54","slug":"por-que-le-llaman-fuente-a-un-grupo-de-tipografias","status":"publish","type":"page","link":"https:\/\/tempusfugit.mx\/blogniebla\/por-que-le-llaman-fuente-a-un-grupo-de-tipografias\/","title":{"rendered":"Por qu\u00e9 le llaman \u201cfuente\u201d a un grupo de tipograf\u00edas."},"content":{"rendered":"<p><img decoding=\"async\" loading=\"lazy\" class=\"alignnone size-full wp-image-376\" src=\"https:\/\/tempusfugit.mx\/blogniebla\/wp-content\/uploads\/2021\/11\/paper_heidelbach_metaltype.jpg\" alt=\"\" width=\"500\" height=\"332\" srcset=\"https:\/\/tempusfugit.mx\/blogniebla\/wp-content\/uploads\/2021\/11\/paper_heidelbach_metaltype.jpg 500w, https:\/\/tempusfugit.mx\/blogniebla\/wp-content\/uploads\/2021\/11\/paper_heidelbach_metaltype-300x199.jpg 300w\" sizes=\"(max-width: 500px) 100vw, 500px\" \/><\/p>\n<p>En los tiempos del tipo m\u00f3vil met\u00e1lico, una imprenta que se preciara de tener un suficiente n\u00famero de caracteres del mismo dise\u00f1o, en tama\u00f1os diferentes, con variantes it\u00e1licas, negritas, extendidas y condensadas, ten\u00eda que comprar todos los caracteres a un proveedor que los fabricara. Este proveedor ten\u00eda que fundir en sus moldes todo lo que conten\u00eda la \u201ccaja\u201d del tip\u00f3grafo que armaba, como rompecabezas, cada p\u00e1gina (de ah\u00ed que se le llamara cajista, y de ah\u00ed tambi\u00e9n que le llamemos caja alta o simplemente altas a los tipos que el cajista pon\u00eda en el caj\u00f3n superior y caja baja, o bajas, a los caracteres que, desde tiempos <em>guttembergianos<\/em> se acomodaban siguiendo un \u00f3rden aparentemente caprichoso en los compartimientos de los cajones del caj\u00f3n inferior de la mesa de trabajo del formador de p\u00e1ginas). Toda la colecci\u00f3n de tipos del mismo dise\u00f1o y el mismo tama\u00f1o, se vend\u00eda entera.<br \/>\nSe dec\u00eda entonces que la imprenta ten\u00eda todo el <strong>fundido<\/strong> de tal o cual dise\u00f1o en tal tama\u00f1o.<\/p>\n<p>As\u00ed, tener varios fundidos, por ejemplo, de la tipograf\u00eda Garamond, (quien por cierto fue el primero en dedicarse a estos menesteres de dise\u00f1ar y fabricar tipos fundidos) esto es, varios juegos completos de diferentes tama\u00f1os, pon\u00eda a una imprenta en inmejorables condiciones para competir en el incipiente mercado de impresos. El valor comercial de una imprenta, todav\u00eda en tiempos muy cercanos en los que se utilizaba la prensa plana,\u00a0se tasaba en la cantidad de fundidos que pose\u00eda y el desgaste f\u00edsico de estos.<\/p>\n<p>Con el advenimiento de los programas inform\u00e1ticos y el desarrollo de nuevas tecnolog\u00edas de impresi\u00f3n, muchas palabras del mundo de la tipograf\u00eda se siguieron empleando a\u00fan cuando no designaran correctamente las cosas. As\u00ed que lleg\u00f3 el tiempo en que en un diskette pod\u00eda tener la colecci\u00f3n completa de la tipograf\u00eda Garamond (o cualquier otra) para las m\u00e1quinas electr\u00f3nicas \u201cVarityper\u201d, que eran las que se usaban en los 70s y principios de los 80s para elaborar originales en papel fotogr\u00e1fico de los textos que se usaban para armar p\u00e1ginas, segu\u00eda denomin\u00e1ndose en el mundo anglosaj\u00f3n como un <strong>fundido<\/strong> (type foundry).<\/p>\n<p>En los inicios europeos de la imprenta, en franc\u00e9s un fundido es un \u201cfondue\u201d y esa palabra, cuya n nasal y la d suena a quienes hablan ingl\u00e9s como nt, y termin\u00f3 dici\u00e9ndose en el mundo anglosaj\u00f3n <strong>font<\/strong>. Ahora, font en ingl\u00e9s es un t\u00e9rmino \u201c<em>duplet<\/em>\u201d o sea, que tiene dos acepciones, <strong>fuente <\/strong>(fountain, source) y <strong>fundido<\/strong> (foundry).<\/p>\n<p>A mediados de los 80s, la acelerada difusi\u00f3n de la computadora port\u00e1til, junto con la creaci\u00f3n de programas especiales para dise\u00f1o de p\u00e1ginas, como el PageMaker, hicieron necesaria la utilizaci\u00f3n de colecciones tipogr\u00e1ficas que funcionaran digitalmente. Estos primeros programas utilizaron la palabra <strong>font<\/strong>, en su acepci\u00f3n de fundido, pero ahora para designar a una colecci\u00f3n completa de un dise\u00f1o espec\u00edfico de tipograf\u00eda, ya que no era necesario comprar cada tama\u00f1o o estilo de la familia tipogr\u00e1fica por separado.<br \/>\nLos programas de lo que dio en llamarse \u201c<em>desktop publishing<\/em>\u201d se vendieron inmediatamente en diferentes idiomas, pero quienes los dise\u00f1aron y comercializaron no ven\u00edan espec\u00edficamente del mundo de la tipograf\u00eda, de ah\u00ed que en sus versiones en espa\u00f1ol, emplearon una traducci\u00f3n defectuosa (en t\u00e9rminos de tecnicismo) y llamaron \u201c<strong>fuente<\/strong>\u201d al <strong>font<\/strong> (fundido, foundry). As\u00ed que por una difusi\u00f3n r\u00e1pida de esos programas que a su vez terminaron en manos de gente que no sab\u00eda (y no necesitaba saber) nada de tipograf\u00eda, se dispers\u00f3 r\u00e1pidamente un t\u00e9rmino completamente err\u00f3neo\u2026<\/p>\n<p>Que cosas tiene la vida Mariana\u2026<\/p>\n<p>Tipograf\u00eda y fondue.<\/p>\n<p>-\u00a1Eh Mariana, p\u00e1same la fuente del fondue!<br \/>\n-\u00a1Ah que tipo este! Tan inm\u00f3vil.<\/p>\n<pre><span style=\"color: #999999;\"><em>Foto propiedad de Wikimedia Commons<\/em><\/span><\/pre>\n","protected":false},"excerpt":{"rendered":"<p>En los tiempos del tipo m\u00f3vil met\u00e1lico, una imprenta que se preciara de tener un suficiente n\u00famero de caracteres del mismo dise\u00f1o, en tama\u00f1os diferentes, con variantes it\u00e1licas, negritas, extendidas y condensadas, ten\u00eda que comprar todos los caracteres a un proveedor que los fabricara. Este proveedor ten\u00eda que fundir en sus moldes todo lo que [&hellip;]<\/p>\n","protected":false},"author":1,"featured_media":0,"parent":0,"menu_order":0,"comment_status":"open","ping_status":"closed","template":"","meta":[],"_links":{"self":[{"href":"https:\/\/tempusfugit.mx\/blogniebla\/wp-json\/wp\/v2\/pages\/375"}],"collection":[{"href":"https:\/\/tempusfugit.mx\/blogniebla\/wp-json\/wp\/v2\/pages"}],"about":[{"href":"https:\/\/tempusfugit.mx\/blogniebla\/wp-json\/wp\/v2\/types\/page"}],"author":[{"embeddable":true,"href":"https:\/\/tempusfugit.mx\/blogniebla\/wp-json\/wp\/v2\/users\/1"}],"replies":[{"embeddable":true,"href":"https:\/\/tempusfugit.mx\/blogniebla\/wp-json\/wp\/v2\/comments?post=375"}],"version-history":[{"count":7,"href":"https:\/\/tempusfugit.mx\/blogniebla\/wp-json\/wp\/v2\/pages\/375\/revisions"}],"predecessor-version":[{"id":653,"href":"https:\/\/tempusfugit.mx\/blogniebla\/wp-json\/wp\/v2\/pages\/375\/revisions\/653"}],"wp:attachment":[{"href":"https:\/\/tempusfugit.mx\/blogniebla\/wp-json\/wp\/v2\/media?parent=375"}],"curies":[{"name":"wp","href":"https:\/\/api.w.org\/{rel}","templated":true}]}}