{"id":404,"date":"2022-03-21T19:42:55","date_gmt":"2022-03-21T19:42:55","guid":{"rendered":"http:\/\/tempusfugit.mx\/blogniebla\/?page_id=404"},"modified":"2022-03-23T05:43:38","modified_gmt":"2022-03-23T05:43:38","slug":"videoclips-para-redes-sociales","status":"publish","type":"page","link":"https:\/\/tempusfugit.mx\/blogniebla\/videoclips-para-redes-sociales\/","title":{"rendered":"Bundles para RS"},"content":{"rendered":"<h4>\u00bfTienes un negocio y no tienes tiempo de promocionarlo en redes?<br \/>\n\u00bfNecesitas anunciarte en redes?<br \/>\n\u00bfO un cat\u00e1logo en l\u00ednea dise\u00f1ado por profesionales?<\/h4>\n<h2><span style=\"color: #666699;\">\u00a1Tenemos buenas noticias para ti!<\/span><\/h2>\n<p><img decoding=\"async\" loading=\"lazy\" class=\"alignnone wp-image-408\" src=\"https:\/\/tempusfugit.mx\/blogniebla\/wp-content\/uploads\/2022\/03\/flyers-promopaquete-1-300x289.png\" alt=\"\" width=\"600\" height=\"579\" srcset=\"https:\/\/tempusfugit.mx\/blogniebla\/wp-content\/uploads\/2022\/03\/flyers-promopaquete-1-300x289.png 300w, https:\/\/tempusfugit.mx\/blogniebla\/wp-content\/uploads\/2022\/03\/flyers-promopaquete-1-768x741.png 768w, https:\/\/tempusfugit.mx\/blogniebla\/wp-content\/uploads\/2022\/03\/flyers-promopaquete-1-1024x988.png 1024w, https:\/\/tempusfugit.mx\/blogniebla\/wp-content\/uploads\/2022\/03\/flyers-promopaquete-1-750x724.png 750w, https:\/\/tempusfugit.mx\/blogniebla\/wp-content\/uploads\/2022\/03\/flyers-promopaquete-1.png 1870w\" sizes=\"(max-width: 600px) 100vw, 600px\" \/><\/p>\n<p><img decoding=\"async\" loading=\"lazy\" class=\"alignnone wp-image-407\" src=\"https:\/\/tempusfugit.mx\/blogniebla\/wp-content\/uploads\/2022\/03\/flyers-promopaquete-2-300x289.png\" alt=\"\" width=\"600\" height=\"579\" srcset=\"https:\/\/tempusfugit.mx\/blogniebla\/wp-content\/uploads\/2022\/03\/flyers-promopaquete-2-300x289.png 300w, https:\/\/tempusfugit.mx\/blogniebla\/wp-content\/uploads\/2022\/03\/flyers-promopaquete-2-768x740.png 768w, https:\/\/tempusfugit.mx\/blogniebla\/wp-content\/uploads\/2022\/03\/flyers-promopaquete-2-1024x987.png 1024w, https:\/\/tempusfugit.mx\/blogniebla\/wp-content\/uploads\/2022\/03\/flyers-promopaquete-2-750x723.png 750w, https:\/\/tempusfugit.mx\/blogniebla\/wp-content\/uploads\/2022\/03\/flyers-promopaquete-2.png 1870w\" sizes=\"(max-width: 600px) 100vw, 600px\" \/><\/p>\n<p><strong>Dise\u00f1amos, calendarizamos y preparamos tus promociones.<br \/>\nDesarrollamos copywriting para tus comunicados.<br \/>\n<\/strong>Producimos textos persuasivos para acciones de Marketing y Ventas, como el contenido de correos electr\u00f3nicos, sitios web, cat\u00e1logos, anuncios y cartas comerciales, por ejemplo.\u00a0<strong><br \/>\n<\/strong><\/p>\n<h4>Cont\u00e1ctanos por Whatsapp:<br \/>\n<strong>81 1604 1411<br \/>\n<a href=\"mailto:bundlesRS@nieblamorada.com\">bundlesRS@nieblamorada.com<\/a><\/strong><\/h4>\n<p>&nbsp;<\/p>\n<div style=\"width: 444px;\" class=\"wp-video\"><!--[if lt IE 9]><script>document.createElement('video');<\/script><![endif]-->\n<video class=\"wp-video-shortcode\" id=\"video-404-1\" width=\"444\" height=\"960\" preload=\"metadata\" controls=\"controls\"><source type=\"video\/mp4\" src=\"https:\/\/tempusfugit.mx\/blogniebla\/wp-content\/uploads\/2022\/03\/promo_paquete_clips_1_vers_azul-540p.mp4?_=1\" \/><a href=\"https:\/\/tempusfugit.mx\/blogniebla\/wp-content\/uploads\/2022\/03\/promo_paquete_clips_1_vers_azul-540p.mp4\">https:\/\/tempusfugit.mx\/blogniebla\/wp-content\/uploads\/2022\/03\/promo_paquete_clips_1_vers_azul-540p.mp4<\/a><\/video><\/div>\n<p>&nbsp;<\/p>\n<div style=\"width: 498px;\" class=\"wp-video\"><video class=\"wp-video-shortcode\" id=\"video-404-2\" width=\"498\" height=\"1080\" preload=\"metadata\" controls=\"controls\"><source type=\"video\/mp4\" src=\"https:\/\/tempusfugit.mx\/blogniebla\/wp-content\/uploads\/2022\/03\/promo-paquete-clips-2-1080.mp4?_=2\" \/><a href=\"https:\/\/tempusfugit.mx\/blogniebla\/wp-content\/uploads\/2022\/03\/promo-paquete-clips-2-1080.mp4\">https:\/\/tempusfugit.mx\/blogniebla\/wp-content\/uploads\/2022\/03\/promo-paquete-clips-2-1080.mp4<\/a><\/video><\/div>\n<p>&nbsp;<\/p>\n<div style=\"width: 498px;\" class=\"wp-video\"><video class=\"wp-video-shortcode\" id=\"video-404-3\" width=\"498\" height=\"1080\" preload=\"metadata\" controls=\"controls\"><source type=\"video\/mp4\" src=\"https:\/\/tempusfugit.mx\/blogniebla\/wp-content\/uploads\/2022\/03\/promo-paquete-clips-3.mp4?_=3\" \/><a href=\"https:\/\/tempusfugit.mx\/blogniebla\/wp-content\/uploads\/2022\/03\/promo-paquete-clips-3.mp4\">https:\/\/tempusfugit.mx\/blogniebla\/wp-content\/uploads\/2022\/03\/promo-paquete-clips-3.mp4<\/a><\/video><\/div>\n","protected":false},"excerpt":{"rendered":"<p>\u00bfTienes un negocio y no tienes tiempo de promocionarlo en redes? \u00bfNecesitas anunciarte en redes? \u00bfO un cat\u00e1logo en l\u00ednea dise\u00f1ado por profesionales? \u00a1Tenemos buenas noticias para ti! Dise\u00f1amos, calendarizamos y preparamos tus promociones. Desarrollamos copywriting para tus comunicados. Producimos textos persuasivos para acciones de Marketing y Ventas, como el contenido de correos electr\u00f3nicos, sitios [&hellip;]<\/p>\n","protected":false},"author":1,"featured_media":0,"parent":0,"menu_order":0,"comment_status":"open","ping_status":"closed","template":"","meta":[],"_links":{"self":[{"href":"https:\/\/tempusfugit.mx\/blogniebla\/wp-json\/wp\/v2\/pages\/404"}],"collection":[{"href":"https:\/\/tempusfugit.mx\/blogniebla\/wp-json\/wp\/v2\/pages"}],"about":[{"href":"https:\/\/tempusfugit.mx\/blogniebla\/wp-json\/wp\/v2\/types\/page"}],"author":[{"embeddable":true,"href":"https:\/\/tempusfugit.mx\/blogniebla\/wp-json\/wp\/v2\/users\/1"}],"replies":[{"embeddable":true,"href":"https:\/\/tempusfugit.mx\/blogniebla\/wp-json\/wp\/v2\/comments?post=404"}],"version-history":[{"count":17,"href":"https:\/\/tempusfugit.mx\/blogniebla\/wp-json\/wp\/v2\/pages\/404\/revisions"}],"predecessor-version":[{"id":447,"href":"https:\/\/tempusfugit.mx\/blogniebla\/wp-json\/wp\/v2\/pages\/404\/revisions\/447"}],"wp:attachment":[{"href":"https:\/\/tempusfugit.mx\/blogniebla\/wp-json\/wp\/v2\/media?parent=404"}],"curies":[{"name":"wp","href":"https:\/\/api.w.org\/{rel}","templated":true}]}}