{"id":452,"date":"2022-06-15T20:18:54","date_gmt":"2022-06-15T20:18:54","guid":{"rendered":"http:\/\/tempusfugit.mx\/blogniebla\/?page_id=452"},"modified":"2025-11-19T22:14:36","modified_gmt":"2025-11-19T22:14:36","slug":"serie-branas-y-supercuerdas-dimensionales","status":"publish","type":"page","link":"https:\/\/tempusfugit.mx\/blogniebla\/serie-branas-y-supercuerdas-dimensionales\/","title":{"rendered":"Serie \u00abBranas y Supercuerdas Dimensionales\u00bb"},"content":{"rendered":"<p>El tema de esta serie es la interpretaci\u00f3n libre del concepto f\u00edsico-matem\u00e1tico de la Teor\u00eda de<br \/>\nSupercuerdas, nos sugiere un espacio inaprensible cuya existencia es solo<br \/>\nintuida por medio de f\u00f3rmulas matem\u00e1ticas&#8230; o por s\u00edmbolos creativos<br \/>\nevocadores de lo infinito.<\/p>\n<p><a href=\"https:\/\/tempusfugit.mx\/blogniebla\/wp-content\/uploads\/2022\/06\/con-marialuisa-colorbranas-5.png\"><img decoding=\"async\" loading=\"lazy\" class=\"alignnone wp-image-454\" src=\"https:\/\/tempusfugit.mx\/blogniebla\/wp-content\/uploads\/2022\/06\/con-marialuisa-colorbranas-5-300x200.png\" alt=\"\" width=\"600\" height=\"400\" srcset=\"https:\/\/tempusfugit.mx\/blogniebla\/wp-content\/uploads\/2022\/06\/con-marialuisa-colorbranas-5-300x200.png 300w, https:\/\/tempusfugit.mx\/blogniebla\/wp-content\/uploads\/2022\/06\/con-marialuisa-colorbranas-5-768x512.png 768w, https:\/\/tempusfugit.mx\/blogniebla\/wp-content\/uploads\/2022\/06\/con-marialuisa-colorbranas-5-1024x683.png 1024w, https:\/\/tempusfugit.mx\/blogniebla\/wp-content\/uploads\/2022\/06\/con-marialuisa-colorbranas-5-750x500.png 750w\" sizes=\"(max-width: 600px) 100vw, 600px\" \/><\/a><br \/>\n<em><strong>Colorbrana 5<\/strong><\/em><br \/>\nMedidas 60 x 40 cm incluye marialuisa.<br \/>\nImpresa digitalmente papel de algod\u00f3n de alta calidad.<br \/>\nAlt\u00edsima definici\u00f3n.<br \/>\nNumerada y firmada por el autor.<br \/>\nSe entrega Certificado de Origen.<br \/>\nPrecio pieza suelta<br \/>\n<strong>$4,800 pesos<\/strong><\/p>\n<form action=\"https:\/\/www.paypal.com\/cgi-bin\/webscr\" method=\"post\" target=\"_top\"><input name=\"cmd\" type=\"hidden\" value=\"_s-xclick\" \/><\/p>\n<\/form>\n<form action=\"https:\/\/www.paypal.com\/cgi-bin\/webscr\" method=\"post\" target=\"_top\"><input name=\"cmd\" type=\"hidden\" value=\"_s-xclick\" \/><br \/>\n<input name=\"hosted_button_id\" type=\"hidden\" value=\"YEH7WGXTWRBRN\" \/><br \/>\n<input alt=\"PayPal, la forma m\u00e1s segura y r\u00e1pida de pagar en l\u00ednea.\" name=\"submit\" src=\"https:\/\/www.paypalobjects.com\/es_XC\/MX\/i\/btn\/btn_buynowCC_LG.gif\" type=\"image\" \/><br \/>\n<img decoding=\"async\" loading=\"lazy\" src=\"https:\/\/www.paypalobjects.com\/es_XC\/i\/scr\/pixel.gif\" alt=\"\" width=\"1\" height=\"1\" border=\"0\" \/><\/form>\n<form action=\"https:\/\/www.paypal.com\/cgi-bin\/webscr\" method=\"post\" target=\"_top\">\n<h6>\u00a0El env\u00edo tiene un costo de $350 pesos y se coloca en mensajer\u00eda 5 d\u00edas despu\u00e9s del pago.<\/h6>\n<\/form>\n<p><img decoding=\"async\" loading=\"lazy\" class=\"alignnone wp-image-455\" src=\"https:\/\/tempusfugit.mx\/blogniebla\/wp-content\/uploads\/2022\/06\/con-marialuisa-colorbranas2B-300x200.png\" alt=\"\" width=\"600\" height=\"400\" srcset=\"https:\/\/tempusfugit.mx\/blogniebla\/wp-content\/uploads\/2022\/06\/con-marialuisa-colorbranas2B-300x200.png 300w, https:\/\/tempusfugit.mx\/blogniebla\/wp-content\/uploads\/2022\/06\/con-marialuisa-colorbranas2B-768x512.png 768w, https:\/\/tempusfugit.mx\/blogniebla\/wp-content\/uploads\/2022\/06\/con-marialuisa-colorbranas2B-1024x683.png 1024w, https:\/\/tempusfugit.mx\/blogniebla\/wp-content\/uploads\/2022\/06\/con-marialuisa-colorbranas2B-750x500.png 750w\" sizes=\"(max-width: 600px) 100vw, 600px\" \/><\/p>\n<p><strong><em>Colorbrana 2b<\/em><\/strong><br \/>\nMedidas 60 x 40 cm incluye marialuisa.<br \/>\nImpresa digitalmente papel de algod\u00f3n de alta calidad. Numerada y firmada por el autor.<br \/>\nSe entrega Certificado de Origen.<br \/>\nPrecio pieza suelta<br \/>\n<strong>$4,800 pesos<\/strong><\/p>\n<form action=\"https:\/\/www.paypal.com\/cgi-bin\/webscr\" method=\"post\" target=\"_top\"><input name=\"hosted_button_id\" type=\"hidden\" value=\"BVFXET4WXYDLC\" \/><\/p>\n<\/form>\n<form action=\"https:\/\/www.paypal.com\/cgi-bin\/webscr\" method=\"post\" target=\"_top\"><input name=\"cmd\" type=\"hidden\" value=\"_s-xclick\" \/><br \/>\n<input name=\"hosted_button_id\" type=\"hidden\" value=\"BVFXET4WXYDLC\" \/><br \/>\n<input alt=\"PayPal, la forma m\u00e1s segura y r\u00e1pida de pagar en l\u00ednea.\" name=\"submit\" src=\"https:\/\/www.paypalobjects.com\/es_XC\/MX\/i\/btn\/btn_buynowCC_LG.gif\" type=\"image\" \/><br \/>\n<img decoding=\"async\" loading=\"lazy\" src=\"https:\/\/www.paypalobjects.com\/es_XC\/i\/scr\/pixel.gif\" alt=\"\" width=\"1\" height=\"1\" border=\"0\" \/><\/form>\n<form action=\"https:\/\/www.paypal.com\/cgi-bin\/webscr\" method=\"post\" target=\"_top\">\n<h6><strong><img decoding=\"async\" loading=\"lazy\" src=\"https:\/\/www.paypalobjects.com\/es_XC\/i\/scr\/pixel.gif\" alt=\"\" width=\"1\" height=\"1\" border=\"0\" \/>El env\u00edo tiene un costo de $350 pesos y se coloca en mensajer\u00eda 5 d\u00edas despu\u00e9s del pago.<\/strong><\/h6>\n<\/form>\n<form action=\"https:\/\/www.paypal.com\/cgi-bin\/webscr\" method=\"post\" target=\"_top\"><\/form>\n<p><a href=\"https:\/\/tempusfugit.mx\/blogniebla\/wp-content\/uploads\/2022\/06\/con-marialuisa-colorbranas3.png\"><img decoding=\"async\" loading=\"lazy\" class=\"alignnone wp-image-456\" src=\"https:\/\/tempusfugit.mx\/blogniebla\/wp-content\/uploads\/2022\/06\/con-marialuisa-colorbranas3-300x200.png\" alt=\"\" width=\"600\" height=\"400\" srcset=\"https:\/\/tempusfugit.mx\/blogniebla\/wp-content\/uploads\/2022\/06\/con-marialuisa-colorbranas3-300x200.png 300w, https:\/\/tempusfugit.mx\/blogniebla\/wp-content\/uploads\/2022\/06\/con-marialuisa-colorbranas3-768x512.png 768w, https:\/\/tempusfugit.mx\/blogniebla\/wp-content\/uploads\/2022\/06\/con-marialuisa-colorbranas3-1024x683.png 1024w, https:\/\/tempusfugit.mx\/blogniebla\/wp-content\/uploads\/2022\/06\/con-marialuisa-colorbranas3-750x500.png 750w\" sizes=\"(max-width: 600px) 100vw, 600px\" \/><\/a><br \/>\n<em><strong>Colorbrana 3<\/strong><\/em><br \/>\nMedidas 60 x 40 cm incluye marialuisa.<br \/>\nImpresa digitalmente papel de algod\u00f3n de alta calidad. Numerada y firmada por el autor.<br \/>\nSe entrega Certificado de Origen.<br \/>\nPrecio pieza suelta<br \/>\n<strong>$4,800 pesos<\/strong><\/p>\n<form action=\"https:\/\/www.paypal.com\/cgi-bin\/webscr\" method=\"post\" target=\"_top\"><input name=\"hosted_button_id\" type=\"hidden\" value=\"VXFAGXSKE4EZ8\" \/><\/p>\n<\/form>\n<form action=\"https:\/\/www.paypal.com\/cgi-bin\/webscr\" method=\"post\" target=\"_top\"><input name=\"cmd\" type=\"hidden\" value=\"_s-xclick\" \/><br \/>\n<input name=\"hosted_button_id\" type=\"hidden\" value=\"VXFAGXSKE4EZ8\" \/><br \/>\n<input alt=\"PayPal, la forma m\u00e1s segura y r\u00e1pida de pagar en l\u00ednea.\" name=\"submit\" src=\"https:\/\/www.paypalobjects.com\/es_XC\/MX\/i\/btn\/btn_buynowCC_LG.gif\" type=\"image\" \/><br \/>\n<img decoding=\"async\" loading=\"lazy\" src=\"https:\/\/www.paypalobjects.com\/es_XC\/i\/scr\/pixel.gif\" alt=\"\" width=\"1\" height=\"1\" border=\"0\" \/><\/form>\n<form action=\"https:\/\/www.paypal.com\/cgi-bin\/webscr\" method=\"post\" target=\"_top\">\n<h6><img decoding=\"async\" loading=\"lazy\" src=\"https:\/\/www.paypalobjects.com\/es_XC\/i\/scr\/pixel.gif\" alt=\"\" width=\"1\" height=\"1\" border=\"0\" \/>\u00a0El env\u00edo tiene un costo de $350 pesos y se coloca en mensajer\u00eda 5 d\u00edas despu\u00e9s del pago.<\/h6>\n<\/form>\n<p><a href=\"https:\/\/tempusfugit.mx\/blogniebla\/wp-content\/uploads\/2022\/06\/con-marialuisacolorbranas4.png\"><img decoding=\"async\" loading=\"lazy\" class=\"alignnone wp-image-457\" src=\"https:\/\/tempusfugit.mx\/blogniebla\/wp-content\/uploads\/2022\/06\/con-marialuisacolorbranas4-300x200.png\" alt=\"\" width=\"600\" height=\"400\" srcset=\"https:\/\/tempusfugit.mx\/blogniebla\/wp-content\/uploads\/2022\/06\/con-marialuisacolorbranas4-300x200.png 300w, https:\/\/tempusfugit.mx\/blogniebla\/wp-content\/uploads\/2022\/06\/con-marialuisacolorbranas4-768x512.png 768w, https:\/\/tempusfugit.mx\/blogniebla\/wp-content\/uploads\/2022\/06\/con-marialuisacolorbranas4-1024x683.png 1024w, https:\/\/tempusfugit.mx\/blogniebla\/wp-content\/uploads\/2022\/06\/con-marialuisacolorbranas4-750x500.png 750w\" sizes=\"(max-width: 600px) 100vw, 600px\" \/><\/a><\/p>\n<p><strong><em>Colorbrana 4<\/em><\/strong><br \/>\nMedidas 60 x 40 cm incluye marialuisa.<br \/>\nImpresa digitalmente papel de algod\u00f3n de alta calidad. Numerada y firmada por el autor.<br \/>\nSe entrega Certificado de Origen.<br \/>\nPrecio pieza suelta<br \/>\n<strong>$4,800 pesos<\/strong><\/p>\n<form action=\"https:\/\/www.paypal.com\/cgi-bin\/webscr\" method=\"post\" target=\"_top\"><input name=\"cmd\" type=\"hidden\" value=\"_s-xclick\" \/><br \/>\n<input name=\"hosted_button_id\" type=\"hidden\" value=\"WRC8NPCSBAQYW\" \/><br \/>\n<input alt=\"PayPal, la forma m\u00e1s segura y r\u00e1pida de pagar en l\u00ednea.\" name=\"submit\" src=\"https:\/\/www.paypalobjects.com\/es_XC\/MX\/i\/btn\/btn_buynowCC_LG.gif\" type=\"image\" \/><br \/>\n<img decoding=\"async\" loading=\"lazy\" src=\"https:\/\/www.paypalobjects.com\/es_XC\/i\/scr\/pixel.gif\" alt=\"\" width=\"1\" height=\"1\" border=\"0\" \/><\/form>\n<form action=\"https:\/\/www.paypal.com\/cgi-bin\/webscr\" method=\"post\" target=\"_top\">\n<h6><img decoding=\"async\" loading=\"lazy\" src=\"https:\/\/www.paypalobjects.com\/es_XC\/i\/scr\/pixel.gif\" alt=\"\" width=\"1\" height=\"1\" border=\"0\" \/>El env\u00edo tiene un costo de $350 pesos y se coloca en mensajer\u00eda 5 d\u00edas despu\u00e9s del pago.<\/h6>\n<\/form>\n<h3><em><strong>Comprar la serie completa de 4 l\u00e1minas<\/strong><\/em><\/h3>\n<p><img decoding=\"async\" loading=\"lazy\" class=\"alignnone size-medium wp-image-457\" src=\"https:\/\/tempusfugit.mx\/blogniebla\/wp-content\/uploads\/2022\/06\/con-marialuisacolorbranas4-300x200.png\" alt=\"\" width=\"300\" height=\"200\" srcset=\"https:\/\/tempusfugit.mx\/blogniebla\/wp-content\/uploads\/2022\/06\/con-marialuisacolorbranas4-300x200.png 300w, https:\/\/tempusfugit.mx\/blogniebla\/wp-content\/uploads\/2022\/06\/con-marialuisacolorbranas4-768x512.png 768w, https:\/\/tempusfugit.mx\/blogniebla\/wp-content\/uploads\/2022\/06\/con-marialuisacolorbranas4-1024x683.png 1024w, https:\/\/tempusfugit.mx\/blogniebla\/wp-content\/uploads\/2022\/06\/con-marialuisacolorbranas4-750x500.png 750w\" sizes=\"(max-width: 300px) 100vw, 300px\" \/> <img decoding=\"async\" loading=\"lazy\" class=\"alignnone size-medium wp-image-456\" src=\"https:\/\/tempusfugit.mx\/blogniebla\/wp-content\/uploads\/2022\/06\/con-marialuisa-colorbranas3-300x200.png\" alt=\"\" width=\"300\" height=\"200\" srcset=\"https:\/\/tempusfugit.mx\/blogniebla\/wp-content\/uploads\/2022\/06\/con-marialuisa-colorbranas3-300x200.png 300w, https:\/\/tempusfugit.mx\/blogniebla\/wp-content\/uploads\/2022\/06\/con-marialuisa-colorbranas3-768x512.png 768w, https:\/\/tempusfugit.mx\/blogniebla\/wp-content\/uploads\/2022\/06\/con-marialuisa-colorbranas3-1024x683.png 1024w, https:\/\/tempusfugit.mx\/blogniebla\/wp-content\/uploads\/2022\/06\/con-marialuisa-colorbranas3-750x500.png 750w\" sizes=\"(max-width: 300px) 100vw, 300px\" \/> <img decoding=\"async\" loading=\"lazy\" class=\"alignnone size-medium wp-image-455\" src=\"https:\/\/tempusfugit.mx\/blogniebla\/wp-content\/uploads\/2022\/06\/con-marialuisa-colorbranas2B-300x200.png\" alt=\"\" width=\"300\" height=\"200\" srcset=\"https:\/\/tempusfugit.mx\/blogniebla\/wp-content\/uploads\/2022\/06\/con-marialuisa-colorbranas2B-300x200.png 300w, https:\/\/tempusfugit.mx\/blogniebla\/wp-content\/uploads\/2022\/06\/con-marialuisa-colorbranas2B-768x512.png 768w, https:\/\/tempusfugit.mx\/blogniebla\/wp-content\/uploads\/2022\/06\/con-marialuisa-colorbranas2B-1024x683.png 1024w, https:\/\/tempusfugit.mx\/blogniebla\/wp-content\/uploads\/2022\/06\/con-marialuisa-colorbranas2B-750x500.png 750w\" sizes=\"(max-width: 300px) 100vw, 300px\" \/> <img decoding=\"async\" loading=\"lazy\" class=\"alignnone size-medium wp-image-454\" src=\"https:\/\/tempusfugit.mx\/blogniebla\/wp-content\/uploads\/2022\/06\/con-marialuisa-colorbranas-5-300x200.png\" alt=\"\" width=\"300\" height=\"200\" srcset=\"https:\/\/tempusfugit.mx\/blogniebla\/wp-content\/uploads\/2022\/06\/con-marialuisa-colorbranas-5-300x200.png 300w, https:\/\/tempusfugit.mx\/blogniebla\/wp-content\/uploads\/2022\/06\/con-marialuisa-colorbranas-5-768x512.png 768w, https:\/\/tempusfugit.mx\/blogniebla\/wp-content\/uploads\/2022\/06\/con-marialuisa-colorbranas-5-1024x683.png 1024w, https:\/\/tempusfugit.mx\/blogniebla\/wp-content\/uploads\/2022\/06\/con-marialuisa-colorbranas-5-750x500.png 750w\" sizes=\"(max-width: 300px) 100vw, 300px\" \/><\/p>\n<p>Cada una en medidas de\u00a0Medidas 60 x 40 cm incluye marialuisa.<br \/>\nImpresas digitalmente papel de algod\u00f3n de alta calidad. Numeradas y firmadas por el autor.<br \/>\nSe entregan Certificados de Origen.<br \/>\n<strong>$17,280 pesos<\/strong><\/p>\n<form action=\"https:\/\/www.paypal.com\/cgi-bin\/webscr\" method=\"post\" target=\"_top\"><input name=\"cmd\" type=\"hidden\" value=\"_s-xclick\" \/><br \/>\n<input name=\"hosted_button_id\" type=\"hidden\" value=\"CKYJMPGPSTH2W\" \/><br \/>\n<input alt=\"PayPal, la forma m\u00e1s segura y r\u00e1pida de pagar en l\u00ednea.\" name=\"submit\" src=\"https:\/\/www.paypalobjects.com\/es_XC\/MX\/i\/btn\/btn_buynowCC_LG.gif\" type=\"image\" \/><br \/>\n<img decoding=\"async\" loading=\"lazy\" src=\"https:\/\/www.paypalobjects.com\/es_XC\/i\/scr\/pixel.gif\" alt=\"\" width=\"1\" height=\"1\" border=\"0\" \/><img decoding=\"async\" loading=\"lazy\" src=\"https:\/\/www.paypalobjects.com\/es_XC\/i\/scr\/pixel.gif\" alt=\"\" width=\"1\" height=\"1\" border=\"0\" \/><\/form>\n<h6><input name=\"hosted_button_id\" type=\"hidden\" value=\"CKYJMPGPSTH2W\" \/>El env\u00edo tiene un costo de $350 pesos y se coloca en mensajer\u00eda 5 d\u00edas despu\u00e9s del pago.<\/h6>\n<h3>Visite otras series del mismo autor<\/h3>\n<h4><a href=\"https:\/\/tempusfugit.mx\/blogniebla\/__trashed\/\">Serie \u00abHomenaje a Marcel Duchamp\u00bb<\/a><\/h4>\n<h4><a href=\"https:\/\/tempusfugit.mx\/blogniebla\/serie-homenaje-a-marcel-duchamp-bis\/\">Serie \u00abHomenaje a Marcel Duchamp\u00bb BIS<\/a><\/h4>\n<h4><a href=\"https:\/\/tempusfugit.mx\/blogniebla\/serie-el-pajaro-de-fuego-loiseau-de-feu-stravinsky\/\">Serie \u00abEl p\u00e1jaro de fuego\u00bb (L&#8217;oiseau de Feu) basado en la obra de I.\u00a0 Stravinsky<\/a><\/h4>\n<h4><a href=\"https:\/\/tempusfugit.mx\/blogniebla\/graficos-sueltos-y-pruebas-de-autor\/\">Gr\u00e1ficos sueltos y pruebas de autor<\/a><\/h4>\n<p>Tambi\u00e9n podr\u00eda interesarle:<\/p>\n<p><strong><a href=\"https:\/\/tempusfugit.mx\/blogniebla\/grabados-hot-stamping-figurines-de-ajedrez\/\">Grabados Hot Stamping con figurines de ajedrez<\/a><\/strong><\/p>\n<h4><a href=\"https:\/\/tempusfugit.mx\/blogniebla\/reproducciones-de-grabados-de-escher\/\">Reproducciones en offset de grabados de M.C. Escher. Enmarcadas<\/a><\/h4>\n","protected":false},"excerpt":{"rendered":"<p>El tema de esta serie es la interpretaci\u00f3n libre del concepto f\u00edsico-matem\u00e1tico de la Teor\u00eda de Supercuerdas, nos sugiere un espacio inaprensible cuya existencia es solo intuida por medio de f\u00f3rmulas matem\u00e1ticas&#8230; o por s\u00edmbolos creativos evocadores de lo infinito. Colorbrana 5 Medidas 60 x 40 cm incluye marialuisa. Impresa digitalmente papel de algod\u00f3n de [&hellip;]<\/p>\n","protected":false},"author":1,"featured_media":0,"parent":0,"menu_order":0,"comment_status":"open","ping_status":"closed","template":"","meta":[],"_links":{"self":[{"href":"https:\/\/tempusfugit.mx\/blogniebla\/wp-json\/wp\/v2\/pages\/452"}],"collection":[{"href":"https:\/\/tempusfugit.mx\/blogniebla\/wp-json\/wp\/v2\/pages"}],"about":[{"href":"https:\/\/tempusfugit.mx\/blogniebla\/wp-json\/wp\/v2\/types\/page"}],"author":[{"embeddable":true,"href":"https:\/\/tempusfugit.mx\/blogniebla\/wp-json\/wp\/v2\/users\/1"}],"replies":[{"embeddable":true,"href":"https:\/\/tempusfugit.mx\/blogniebla\/wp-json\/wp\/v2\/comments?post=452"}],"version-history":[{"count":36,"href":"https:\/\/tempusfugit.mx\/blogniebla\/wp-json\/wp\/v2\/pages\/452\/revisions"}],"predecessor-version":[{"id":1216,"href":"https:\/\/tempusfugit.mx\/blogniebla\/wp-json\/wp\/v2\/pages\/452\/revisions\/1216"}],"wp:attachment":[{"href":"https:\/\/tempusfugit.mx\/blogniebla\/wp-json\/wp\/v2\/media?parent=452"}],"curies":[{"name":"wp","href":"https:\/\/api.w.org\/{rel}","templated":true}]}}