{"id":499,"date":"2022-06-15T17:31:11","date_gmt":"2022-06-15T17:31:11","guid":{"rendered":"http:\/\/tempusfugit.mx\/blogniebla\/?page_id=499"},"modified":"2025-11-19T22:09:26","modified_gmt":"2025-11-19T22:09:26","slug":"serie-el-pajaro-de-fuego-loiseau-de-feu-stravinsky","status":"publish","type":"page","link":"https:\/\/tempusfugit.mx\/blogniebla\/serie-el-pajaro-de-fuego-loiseau-de-feu-stravinsky\/","title":{"rendered":"Serie  El p\u00e1jaro de fuego &#8211; (L&#8217;oiseau de Feu) &#8211; Stravinsky"},"content":{"rendered":"<p>Interpretaci\u00f3n libre de la suite\/ballet El p\u00e1jaro de fuego (L&#8217;oiseau de Feu) de Igor Stravinsky<br \/>\nLa intensi\u00f3n de la serie es representar la timbricidad de la suite, su estridencia sonora, la musicalidad contempor\u00e1nea de Stravinsky y una conceptualizaci\u00f3n actual de la obra que va para los 110 a\u00f1os de estrenada.<\/p>\n<p><a href=\"https:\/\/tempusfugit.mx\/blogniebla\/wp-content\/uploads\/2022\/06\/Serie-El-p\u00e1jaro-de-fuego-Loiseau-de-Feu-Stravinsky-Aparicion-del-p\u00e1jaro-de-fuegoSCH-copia.png\"><img decoding=\"async\" loading=\"lazy\" class=\"alignnone wp-image-503\" src=\"https:\/\/tempusfugit.mx\/blogniebla\/wp-content\/uploads\/2022\/06\/Serie-El-p\u00e1jaro-de-fuego-Loiseau-de-Feu-Stravinsky-Aparicion-del-p\u00e1jaro-de-fuegoSCH-copia-300x194.png\" alt=\"\" width=\"600\" height=\"387\" srcset=\"https:\/\/tempusfugit.mx\/blogniebla\/wp-content\/uploads\/2022\/06\/Serie-El-p\u00e1jaro-de-fuego-Loiseau-de-Feu-Stravinsky-Aparicion-del-p\u00e1jaro-de-fuegoSCH-copia-300x194.png 300w, https:\/\/tempusfugit.mx\/blogniebla\/wp-content\/uploads\/2022\/06\/Serie-El-p\u00e1jaro-de-fuego-Loiseau-de-Feu-Stravinsky-Aparicion-del-p\u00e1jaro-de-fuegoSCH-copia-768x496.png 768w, https:\/\/tempusfugit.mx\/blogniebla\/wp-content\/uploads\/2022\/06\/Serie-El-p\u00e1jaro-de-fuego-Loiseau-de-Feu-Stravinsky-Aparicion-del-p\u00e1jaro-de-fuegoSCH-copia-1024x661.png 1024w, https:\/\/tempusfugit.mx\/blogniebla\/wp-content\/uploads\/2022\/06\/Serie-El-p\u00e1jaro-de-fuego-Loiseau-de-Feu-Stravinsky-Aparicion-del-p\u00e1jaro-de-fuegoSCH-copia-750x484.png 750w\" sizes=\"(max-width: 600px) 100vw, 600px\" \/><\/a><\/p>\n<p><em><strong>Aparici\u00f3n del p\u00e1jaro de fuego perseguido por Iv\u00e1n Tsarevitch<br \/>\n<\/strong><\/em>Medidas 60 x 40 cm incluye marialuisa.<br \/>\nImpresa digitalmente papel de algod\u00f3n de alta calidad.<br \/>\nAlt\u00edsima definici\u00f3n<br \/>\nNumerada y firmada por el autor.<br \/>\nSe entrega Certificado de Origen.<br \/>\nPrecio pieza suelta<br \/>\n<strong>$4,800 pesos<\/strong><\/p>\n<h6><input name=\"cmd\" type=\"hidden\" value=\"_s-xclick\" \/><\/h6>\n<form action=\"https:\/\/www.paypal.com\/cgi-bin\/webscr\" method=\"post\" target=\"_top\"><input name=\"cmd\" type=\"hidden\" value=\"_s-xclick\" \/><br \/>\n<input name=\"hosted_button_id\" type=\"hidden\" value=\"84JHMYYWXWRT8\" \/><br \/>\n<input alt=\"PayPal, la forma m\u00e1s segura y r\u00e1pida de pagar en l\u00ednea.\" name=\"submit\" src=\"https:\/\/www.paypalobjects.com\/es_XC\/MX\/i\/btn\/btn_buynowCC_LG.gif\" type=\"image\" \/><br \/>\n<img decoding=\"async\" loading=\"lazy\" src=\"https:\/\/www.paypalobjects.com\/es_XC\/i\/scr\/pixel.gif\" alt=\"\" width=\"1\" height=\"1\" border=\"0\" \/><\/form>\n<h6>El env\u00edo tiene un costo de $350 pesos y se coloca en mensajer\u00eda 5 d\u00edas despu\u00e9s del pago.<\/h6>\n<p><img decoding=\"async\" loading=\"lazy\" class=\"alignnone wp-image-507\" src=\"https:\/\/tempusfugit.mx\/blogniebla\/wp-content\/uploads\/2022\/06\/Serie-El-p\u00e1jaro-de-fuego-Loiseau-de-Feu-Stravinsky-Jardin-encantado-SCH-copia-300x194.png\" alt=\"\" width=\"600\" height=\"387\" srcset=\"https:\/\/tempusfugit.mx\/blogniebla\/wp-content\/uploads\/2022\/06\/Serie-El-p\u00e1jaro-de-fuego-Loiseau-de-Feu-Stravinsky-Jardin-encantado-SCH-copia-300x194.png 300w, https:\/\/tempusfugit.mx\/blogniebla\/wp-content\/uploads\/2022\/06\/Serie-El-p\u00e1jaro-de-fuego-Loiseau-de-Feu-Stravinsky-Jardin-encantado-SCH-copia-768x496.png 768w, https:\/\/tempusfugit.mx\/blogniebla\/wp-content\/uploads\/2022\/06\/Serie-El-p\u00e1jaro-de-fuego-Loiseau-de-Feu-Stravinsky-Jardin-encantado-SCH-copia-1024x661.png 1024w, https:\/\/tempusfugit.mx\/blogniebla\/wp-content\/uploads\/2022\/06\/Serie-El-p\u00e1jaro-de-fuego-Loiseau-de-Feu-Stravinsky-Jardin-encantado-SCH-copia-750x484.png 750w\" sizes=\"(max-width: 600px) 100vw, 600px\" \/><\/p>\n<p><em><strong>El jard\u00edn encantado de Kachtchei<\/strong><\/em><br \/>\nMedidas 60 x 40 cm incluye marialuisa.<br \/>\nImpresa digitalmente papel de algod\u00f3n de alta calidad.<br \/>\nAlt\u00edsima definici\u00f3n.<br \/>\nNumerada y firmada por el autor.<br \/>\nSe entrega Certificado de Origen.<br \/>\nPrecio pieza suelta<br \/>\n<strong>$4,800 pesos<br \/>\n<\/strong><\/p>\n<form action=\"https:\/\/www.paypal.com\/cgi-bin\/webscr\" method=\"post\" target=\"_top\"><input name=\"cmd\" type=\"hidden\" value=\"_s-xclick\" \/><br \/>\n<input name=\"hosted_button_id\" type=\"hidden\" value=\"FKYYVENYMXVYJ\" \/><\/form>\n<form action=\"https:\/\/www.paypal.com\/cgi-bin\/webscr\" method=\"post\" target=\"_top\"><input name=\"cmd\" type=\"hidden\" value=\"_s-xclick\" \/><br \/>\n<input name=\"hosted_button_id\" type=\"hidden\" value=\"FKYYVENYMXVYJ\" \/><br \/>\n<input alt=\"PayPal, la forma m\u00e1s segura y r\u00e1pida de pagar en l\u00ednea.\" name=\"submit\" src=\"https:\/\/www.paypalobjects.com\/es_XC\/MX\/i\/btn\/btn_buynowCC_LG.gif\" type=\"image\" \/><br \/>\n<img decoding=\"async\" loading=\"lazy\" src=\"https:\/\/www.paypalobjects.com\/es_XC\/i\/scr\/pixel.gif\" alt=\"\" width=\"1\" height=\"1\" border=\"0\" \/><\/form>\n<form action=\"https:\/\/www.paypal.com\/cgi-bin\/webscr\" method=\"post\" target=\"_top\">\n<h6><img decoding=\"async\" loading=\"lazy\" src=\"https:\/\/www.paypalobjects.com\/es_XC\/i\/scr\/pixel.gif\" alt=\"\" width=\"1\" height=\"1\" border=\"0\" \/>El env\u00edo tiene un costo de $350 pesos y se coloca en mensajer\u00eda 5 d\u00edas despu\u00e9s del pago.<\/h6>\n<\/form>\n<p><a href=\"https:\/\/tempusfugit.mx\/blogniebla\/wp-content\/uploads\/2022\/06\/Serie-El-p\u00e1jaro-de-fuego-Loiseau-de-Feu-Stravinsky-Danza-feericaSCH-copia.png\"><img decoding=\"async\" loading=\"lazy\" class=\"alignnone wp-image-509\" src=\"https:\/\/tempusfugit.mx\/blogniebla\/wp-content\/uploads\/2022\/06\/Serie-El-p\u00e1jaro-de-fuego-Loiseau-de-Feu-Stravinsky-Danza-feericaSCH-copia-300x194.png\" alt=\"\" width=\"600\" height=\"387\" srcset=\"https:\/\/tempusfugit.mx\/blogniebla\/wp-content\/uploads\/2022\/06\/Serie-El-p\u00e1jaro-de-fuego-Loiseau-de-Feu-Stravinsky-Danza-feericaSCH-copia-300x194.png 300w, https:\/\/tempusfugit.mx\/blogniebla\/wp-content\/uploads\/2022\/06\/Serie-El-p\u00e1jaro-de-fuego-Loiseau-de-Feu-Stravinsky-Danza-feericaSCH-copia-768x496.png 768w, https:\/\/tempusfugit.mx\/blogniebla\/wp-content\/uploads\/2022\/06\/Serie-El-p\u00e1jaro-de-fuego-Loiseau-de-Feu-Stravinsky-Danza-feericaSCH-copia-1024x661.png 1024w, https:\/\/tempusfugit.mx\/blogniebla\/wp-content\/uploads\/2022\/06\/Serie-El-p\u00e1jaro-de-fuego-Loiseau-de-Feu-Stravinsky-Danza-feericaSCH-copia-750x484.png 750w\" sizes=\"(max-width: 600px) 100vw, 600px\" \/><\/a><\/p>\n<p><em><strong>Danza Fe\u00e9rica<\/strong><\/em><br \/>\nMedidas 60 x 40 cm incluye marialuisa.<br \/>\nImpresa digitalmente papel de algod\u00f3n de alta calidad.<br \/>\nAlt\u00edsima definici\u00f3n.<br \/>\nNumerada y firmada por el autor.<br \/>\nSe entrega Certificado de Origen.<br \/>\nPrecio pieza suelta<br \/>\n<strong>$4,800 pesos<\/strong><\/p>\n<form action=\"https:\/\/www.paypal.com\/cgi-bin\/webscr\" method=\"post\" target=\"_top\"><input name=\"cmd\" type=\"hidden\" value=\"_s-xclick\" \/><br \/>\n<input name=\"hosted_button_id\" type=\"hidden\" value=\"H3CUGAEBMGH38\" \/><br \/>\n<input alt=\"PayPal, la forma m\u00e1s segura y r\u00e1pida de pagar en l\u00ednea.\" name=\"submit\" src=\"https:\/\/www.paypalobjects.com\/es_XC\/MX\/i\/btn\/btn_buynowCC_LG.gif\" type=\"image\" \/><br \/>\n<img decoding=\"async\" loading=\"lazy\" src=\"https:\/\/www.paypalobjects.com\/es_XC\/i\/scr\/pixel.gif\" alt=\"\" width=\"1\" height=\"1\" border=\"0\" \/><\/form>\n<h6>El env\u00edo tiene un costo de $350 pesos y se coloca en mensajer\u00eda 5 d\u00edas despu\u00e9s del pago.<\/h6>\n<p><a href=\"https:\/\/tempusfugit.mx\/blogniebla\/wp-content\/uploads\/2022\/06\/Serie-El-p\u00e1jaro-de-fuego-Loiseau-de-Feu-Stravinsky-Lever-du-jourSCH-copia.png\"><img decoding=\"async\" loading=\"lazy\" class=\"alignnone wp-image-510\" src=\"https:\/\/tempusfugit.mx\/blogniebla\/wp-content\/uploads\/2022\/06\/Serie-El-p\u00e1jaro-de-fuego-Loiseau-de-Feu-Stravinsky-Lever-du-jourSCH-copia-300x194.png\" alt=\"\" width=\"600\" height=\"387\" srcset=\"https:\/\/tempusfugit.mx\/blogniebla\/wp-content\/uploads\/2022\/06\/Serie-El-p\u00e1jaro-de-fuego-Loiseau-de-Feu-Stravinsky-Lever-du-jourSCH-copia-300x194.png 300w, https:\/\/tempusfugit.mx\/blogniebla\/wp-content\/uploads\/2022\/06\/Serie-El-p\u00e1jaro-de-fuego-Loiseau-de-Feu-Stravinsky-Lever-du-jourSCH-copia-768x496.png 768w, https:\/\/tempusfugit.mx\/blogniebla\/wp-content\/uploads\/2022\/06\/Serie-El-p\u00e1jaro-de-fuego-Loiseau-de-Feu-Stravinsky-Lever-du-jourSCH-copia-1024x661.png 1024w, https:\/\/tempusfugit.mx\/blogniebla\/wp-content\/uploads\/2022\/06\/Serie-El-p\u00e1jaro-de-fuego-Loiseau-de-Feu-Stravinsky-Lever-du-jourSCH-copia-750x484.png 750w\" sizes=\"(max-width: 600px) 100vw, 600px\" \/><\/a><\/p>\n<p><em><strong>Lever du jour<\/strong><\/em><br \/>\nMedidas 60 x 40 cm incluye marialuisa.<br \/>\nImpresa digitalmente papel de algod\u00f3n de alta calidad.<br \/>\nAlt\u00edsima definici\u00f3n.<br \/>\nNumerada y firmada por el autor.<br \/>\nSe entrega Certificado de Origen.<br \/>\nPrecio pieza suelta<br \/>\n<strong>$4,800 pesos<\/strong><\/p>\n<form action=\"https:\/\/www.paypal.com\/cgi-bin\/webscr\" method=\"post\" target=\"_top\"><input name=\"hosted_button_id\" type=\"hidden\" value=\"LFEG53RUX983U\" \/><\/p>\n<\/form>\n<form action=\"https:\/\/www.paypal.com\/cgi-bin\/webscr\" method=\"post\" target=\"_top\"><input name=\"cmd\" type=\"hidden\" value=\"_s-xclick\" \/><br \/>\n<input name=\"hosted_button_id\" type=\"hidden\" value=\"LFEG53RUX983U\" \/><br \/>\n<input alt=\"PayPal, la forma m\u00e1s segura y r\u00e1pida de pagar en l\u00ednea.\" name=\"submit\" src=\"https:\/\/www.paypalobjects.com\/es_XC\/MX\/i\/btn\/btn_buynowCC_LG.gif\" type=\"image\" \/><br \/>\n<img decoding=\"async\" loading=\"lazy\" src=\"https:\/\/www.paypalobjects.com\/es_XC\/i\/scr\/pixel.gif\" alt=\"\" width=\"1\" height=\"1\" border=\"0\" \/><\/form>\n<form action=\"https:\/\/www.paypal.com\/cgi-bin\/webscr\" method=\"post\" target=\"_top\">\n<h6>El env\u00edo tiene un costo de $350 pesos y se coloca en mensajer\u00eda 5 d\u00edas despu\u00e9s del pago.<\/h6>\n<\/form>\n<h3><em><strong>Comprar la serie completa de 4 l\u00e1minas<\/strong><\/em><\/h3>\n<p><img decoding=\"async\" loading=\"lazy\" class=\"alignnone size-medium wp-image-510\" src=\"https:\/\/tempusfugit.mx\/blogniebla\/wp-content\/uploads\/2022\/06\/Serie-El-p\u00e1jaro-de-fuego-Loiseau-de-Feu-Stravinsky-Lever-du-jourSCH-copia-300x194.png\" alt=\"\" width=\"300\" height=\"194\" srcset=\"https:\/\/tempusfugit.mx\/blogniebla\/wp-content\/uploads\/2022\/06\/Serie-El-p\u00e1jaro-de-fuego-Loiseau-de-Feu-Stravinsky-Lever-du-jourSCH-copia-300x194.png 300w, https:\/\/tempusfugit.mx\/blogniebla\/wp-content\/uploads\/2022\/06\/Serie-El-p\u00e1jaro-de-fuego-Loiseau-de-Feu-Stravinsky-Lever-du-jourSCH-copia-768x496.png 768w, https:\/\/tempusfugit.mx\/blogniebla\/wp-content\/uploads\/2022\/06\/Serie-El-p\u00e1jaro-de-fuego-Loiseau-de-Feu-Stravinsky-Lever-du-jourSCH-copia-1024x661.png 1024w, https:\/\/tempusfugit.mx\/blogniebla\/wp-content\/uploads\/2022\/06\/Serie-El-p\u00e1jaro-de-fuego-Loiseau-de-Feu-Stravinsky-Lever-du-jourSCH-copia-750x484.png 750w\" sizes=\"(max-width: 300px) 100vw, 300px\" \/> <img decoding=\"async\" loading=\"lazy\" class=\"alignnone size-medium wp-image-509\" src=\"https:\/\/tempusfugit.mx\/blogniebla\/wp-content\/uploads\/2022\/06\/Serie-El-p\u00e1jaro-de-fuego-Loiseau-de-Feu-Stravinsky-Danza-feericaSCH-copia-300x194.png\" alt=\"\" width=\"300\" height=\"194\" srcset=\"https:\/\/tempusfugit.mx\/blogniebla\/wp-content\/uploads\/2022\/06\/Serie-El-p\u00e1jaro-de-fuego-Loiseau-de-Feu-Stravinsky-Danza-feericaSCH-copia-300x194.png 300w, https:\/\/tempusfugit.mx\/blogniebla\/wp-content\/uploads\/2022\/06\/Serie-El-p\u00e1jaro-de-fuego-Loiseau-de-Feu-Stravinsky-Danza-feericaSCH-copia-768x496.png 768w, https:\/\/tempusfugit.mx\/blogniebla\/wp-content\/uploads\/2022\/06\/Serie-El-p\u00e1jaro-de-fuego-Loiseau-de-Feu-Stravinsky-Danza-feericaSCH-copia-1024x661.png 1024w, https:\/\/tempusfugit.mx\/blogniebla\/wp-content\/uploads\/2022\/06\/Serie-El-p\u00e1jaro-de-fuego-Loiseau-de-Feu-Stravinsky-Danza-feericaSCH-copia-750x484.png 750w\" sizes=\"(max-width: 300px) 100vw, 300px\" \/><br \/>\n<img decoding=\"async\" loading=\"lazy\" class=\"alignnone size-medium wp-image-503\" src=\"https:\/\/tempusfugit.mx\/blogniebla\/wp-content\/uploads\/2022\/06\/Serie-El-p\u00e1jaro-de-fuego-Loiseau-de-Feu-Stravinsky-Aparicion-del-p\u00e1jaro-de-fuegoSCH-copia-300x194.png\" alt=\"\" width=\"300\" height=\"194\" srcset=\"https:\/\/tempusfugit.mx\/blogniebla\/wp-content\/uploads\/2022\/06\/Serie-El-p\u00e1jaro-de-fuego-Loiseau-de-Feu-Stravinsky-Aparicion-del-p\u00e1jaro-de-fuegoSCH-copia-300x194.png 300w, https:\/\/tempusfugit.mx\/blogniebla\/wp-content\/uploads\/2022\/06\/Serie-El-p\u00e1jaro-de-fuego-Loiseau-de-Feu-Stravinsky-Aparicion-del-p\u00e1jaro-de-fuegoSCH-copia-768x496.png 768w, https:\/\/tempusfugit.mx\/blogniebla\/wp-content\/uploads\/2022\/06\/Serie-El-p\u00e1jaro-de-fuego-Loiseau-de-Feu-Stravinsky-Aparicion-del-p\u00e1jaro-de-fuegoSCH-copia-1024x661.png 1024w, https:\/\/tempusfugit.mx\/blogniebla\/wp-content\/uploads\/2022\/06\/Serie-El-p\u00e1jaro-de-fuego-Loiseau-de-Feu-Stravinsky-Aparicion-del-p\u00e1jaro-de-fuegoSCH-copia-750x484.png 750w\" sizes=\"(max-width: 300px) 100vw, 300px\" \/><img decoding=\"async\" loading=\"lazy\" class=\"alignnone size-medium wp-image-507\" src=\"https:\/\/tempusfugit.mx\/blogniebla\/wp-content\/uploads\/2022\/06\/Serie-El-p\u00e1jaro-de-fuego-Loiseau-de-Feu-Stravinsky-Jardin-encantado-SCH-copia-300x194.png\" alt=\"\" width=\"300\" height=\"194\" srcset=\"https:\/\/tempusfugit.mx\/blogniebla\/wp-content\/uploads\/2022\/06\/Serie-El-p\u00e1jaro-de-fuego-Loiseau-de-Feu-Stravinsky-Jardin-encantado-SCH-copia-300x194.png 300w, https:\/\/tempusfugit.mx\/blogniebla\/wp-content\/uploads\/2022\/06\/Serie-El-p\u00e1jaro-de-fuego-Loiseau-de-Feu-Stravinsky-Jardin-encantado-SCH-copia-768x496.png 768w, https:\/\/tempusfugit.mx\/blogniebla\/wp-content\/uploads\/2022\/06\/Serie-El-p\u00e1jaro-de-fuego-Loiseau-de-Feu-Stravinsky-Jardin-encantado-SCH-copia-1024x661.png 1024w, https:\/\/tempusfugit.mx\/blogniebla\/wp-content\/uploads\/2022\/06\/Serie-El-p\u00e1jaro-de-fuego-Loiseau-de-Feu-Stravinsky-Jardin-encantado-SCH-copia-750x484.png 750w\" sizes=\"(max-width: 300px) 100vw, 300px\" \/><\/p>\n<p>Cada una en medidas de 60 x 40 cm incluye marialuisa.<br \/>\nImpresas digitalmente papel de algod\u00f3n de alta calidad.<br \/>\nAlt\u00edsima definici\u00f3n.<br \/>\nNumeradas y firmadas por el autor.<br \/>\nSe entregan Certificados de Origen.<br \/>\n<strong>$17,280 pesos<\/strong><\/p>\n<form action=\"https:\/\/www.paypal.com\/cgi-bin\/webscr\" method=\"post\" target=\"_top\"><input name=\"hosted_button_id\" type=\"hidden\" value=\"A3ZLFGXR23HEY\" \/><\/p>\n<\/form>\n<form action=\"https:\/\/www.paypal.com\/cgi-bin\/webscr\" method=\"post\" target=\"_top\"><input name=\"cmd\" type=\"hidden\" value=\"_s-xclick\" \/><br \/>\n<input name=\"hosted_button_id\" type=\"hidden\" value=\"A3ZLFGXR23HEY\" \/><br \/>\n<input alt=\"PayPal, la forma m\u00e1s segura y r\u00e1pida de pagar en l\u00ednea.\" name=\"submit\" src=\"https:\/\/www.paypalobjects.com\/es_XC\/MX\/i\/btn\/btn_buynowCC_LG.gif\" type=\"image\" \/><br \/>\n<img decoding=\"async\" loading=\"lazy\" src=\"https:\/\/www.paypalobjects.com\/es_XC\/i\/scr\/pixel.gif\" alt=\"\" width=\"1\" height=\"1\" border=\"0\" \/><\/form>\n<h6>El env\u00edo tiene un costo de $350 pesos y se coloca en mensajer\u00eda 5 d\u00edas despu\u00e9s del pago.<\/h6>\n<p>Vea otras series del mismo autor:<\/p>\n<h4><a href=\"https:\/\/tempusfugit.mx\/blogniebla\/serie-branas-y-supercuerdas-dimensionales\/\">Serie \u00abBranas y Supercuerdas Dimensionales\u00bb<\/a><\/h4>\n<h4><a href=\"https:\/\/tempusfugit.mx\/blogniebla\/__trashed\/\">Serie \u00abHomenaje a Marcel Duchamp\u00bb<\/a><\/h4>\n<h4><a href=\"https:\/\/tempusfugit.mx\/blogniebla\/serie-homenaje-a-marcel-duchamp-bis\/\">Serie \u00abHomenaje a Marcel Duchamp\u00bb BIS<\/a><\/h4>\n<h4><a href=\"https:\/\/tempusfugit.mx\/blogniebla\/graficos-sueltos-y-pruebas-de-autor\/\">Gr\u00e1ficos sueltos y pruebas de autor<\/a><\/h4>\n<p>Tambi\u00e9n podr\u00eda interesarle:<\/p>\n<p><strong><a href=\"https:\/\/tempusfugit.mx\/blogniebla\/grabados-hot-stamping-figurines-de-ajedrez\/\">Grabados Hot Stamping con figurines de ajedrez<\/a><\/strong><\/p>\n<h4><a href=\"https:\/\/tempusfugit.mx\/blogniebla\/reproducciones-de-grabados-de-escher\/\">Reproducciones en offset de grabados de M.C. Escher. Enmarcadas<\/a><\/h4>\n","protected":false},"excerpt":{"rendered":"<p>Interpretaci\u00f3n libre de la suite\/ballet El p\u00e1jaro de fuego (L&#8217;oiseau de Feu) de Igor Stravinsky La intensi\u00f3n de la serie es representar la timbricidad de la suite, su estridencia sonora, la musicalidad contempor\u00e1nea de Stravinsky y una conceptualizaci\u00f3n actual de la obra que va para los 110 a\u00f1os de estrenada. Aparici\u00f3n del p\u00e1jaro de fuego [&hellip;]<\/p>\n","protected":false},"author":1,"featured_media":0,"parent":0,"menu_order":0,"comment_status":"open","ping_status":"closed","template":"","meta":[],"_links":{"self":[{"href":"https:\/\/tempusfugit.mx\/blogniebla\/wp-json\/wp\/v2\/pages\/499"}],"collection":[{"href":"https:\/\/tempusfugit.mx\/blogniebla\/wp-json\/wp\/v2\/pages"}],"about":[{"href":"https:\/\/tempusfugit.mx\/blogniebla\/wp-json\/wp\/v2\/types\/page"}],"author":[{"embeddable":true,"href":"https:\/\/tempusfugit.mx\/blogniebla\/wp-json\/wp\/v2\/users\/1"}],"replies":[{"embeddable":true,"href":"https:\/\/tempusfugit.mx\/blogniebla\/wp-json\/wp\/v2\/comments?post=499"}],"version-history":[{"count":38,"href":"https:\/\/tempusfugit.mx\/blogniebla\/wp-json\/wp\/v2\/pages\/499\/revisions"}],"predecessor-version":[{"id":1212,"href":"https:\/\/tempusfugit.mx\/blogniebla\/wp-json\/wp\/v2\/pages\/499\/revisions\/1212"}],"wp:attachment":[{"href":"https:\/\/tempusfugit.mx\/blogniebla\/wp-json\/wp\/v2\/media?parent=499"}],"curies":[{"name":"wp","href":"https:\/\/api.w.org\/{rel}","templated":true}]}}