{"id":582,"date":"2022-06-15T22:47:11","date_gmt":"2022-06-15T22:47:11","guid":{"rendered":"http:\/\/tempusfugit.mx\/blogniebla\/?page_id=582"},"modified":"2025-11-19T22:19:11","modified_gmt":"2025-11-19T22:19:11","slug":"graficos-sueltos-y-pruebas-de-autor","status":"publish","type":"page","link":"https:\/\/tempusfugit.mx\/blogniebla\/graficos-sueltos-y-pruebas-de-autor\/","title":{"rendered":"Gr\u00e1ficos sueltos y pruebas de autor"},"content":{"rendered":"<p>Las siguientes son estampas originales con colores o detalles que surgen de la serie que les dio origen y no fueron parte de la selecci\u00f3n final, pero que tienen val\u00eda individual como piezas logradas.<\/p>\n<p><a href=\"https:\/\/tempusfugit.mx\/blogniebla\/wp-content\/uploads\/2022\/06\/Pruebas-de-autor-Trebejos.png\"><img decoding=\"async\" loading=\"lazy\" class=\"alignnone wp-image-588\" src=\"https:\/\/tempusfugit.mx\/blogniebla\/wp-content\/uploads\/2022\/06\/Pruebas-de-autor-Trebejos-300x232.png\" alt=\"\" width=\"600\" height=\"464\" srcset=\"https:\/\/tempusfugit.mx\/blogniebla\/wp-content\/uploads\/2022\/06\/Pruebas-de-autor-Trebejos-300x232.png 300w, https:\/\/tempusfugit.mx\/blogniebla\/wp-content\/uploads\/2022\/06\/Pruebas-de-autor-Trebejos-768x594.png 768w, https:\/\/tempusfugit.mx\/blogniebla\/wp-content\/uploads\/2022\/06\/Pruebas-de-autor-Trebejos-1024x791.png 1024w, https:\/\/tempusfugit.mx\/blogniebla\/wp-content\/uploads\/2022\/06\/Pruebas-de-autor-Trebejos-750x580.png 750w, https:\/\/tempusfugit.mx\/blogniebla\/wp-content\/uploads\/2022\/06\/Pruebas-de-autor-Trebejos.png 1981w\" sizes=\"(max-width: 600px) 100vw, 600px\" \/><\/a><\/p>\n<p><strong><em>Trebejos<\/em><\/strong><br \/>\nMedidas 60 x 40 cm incluye marialuisa.<br \/>\nImpresa digitalmente papel de algod\u00f3n de alta calidad. Numerada y firmada por el autor.<br \/>\nSe entrega Certificado de Origen.<br \/>\nPrecio pieza suelta<br \/>\n<strong>$4,800 pesos<\/strong><\/p>\n<form action=\"https:\/\/www.paypal.com\/cgi-bin\/webscr\" method=\"post\" target=\"_top\"><input name=\"cmd\" type=\"hidden\" value=\"_s-xclick\" \/><br \/>\n<input name=\"hosted_button_id\" type=\"hidden\" value=\"M43DYTHSXX6UQ\" \/><br \/>\n<input alt=\"PayPal, la forma m\u00e1s segura y r\u00e1pida de pagar en l\u00ednea.\" name=\"submit\" src=\"https:\/\/www.paypalobjects.com\/es_XC\/MX\/i\/btn\/btn_buynowCC_LG.gif\" type=\"image\" \/><br \/>\n<img decoding=\"async\" loading=\"lazy\" src=\"https:\/\/www.paypalobjects.com\/es_XC\/i\/scr\/pixel.gif\" alt=\"\" width=\"1\" height=\"1\" border=\"0\" \/><\/form>\n<h6>El env\u00edo tiene un costo de $350 pesos y se coloca en mensajer\u00eda 5 d\u00edas despu\u00e9s del pago.<\/h6>\n<p><a href=\"https:\/\/tempusfugit.mx\/blogniebla\/wp-content\/uploads\/2022\/06\/Pruebas-de-autor-Pluralidad-copia.png\"><img decoding=\"async\" loading=\"lazy\" class=\"alignnone wp-image-586\" src=\"https:\/\/tempusfugit.mx\/blogniebla\/wp-content\/uploads\/2022\/06\/Pruebas-de-autor-Pluralidad-copia-300x232.png\" alt=\"\" width=\"600\" height=\"464\" srcset=\"https:\/\/tempusfugit.mx\/blogniebla\/wp-content\/uploads\/2022\/06\/Pruebas-de-autor-Pluralidad-copia-300x232.png 300w, https:\/\/tempusfugit.mx\/blogniebla\/wp-content\/uploads\/2022\/06\/Pruebas-de-autor-Pluralidad-copia-768x594.png 768w, https:\/\/tempusfugit.mx\/blogniebla\/wp-content\/uploads\/2022\/06\/Pruebas-de-autor-Pluralidad-copia-1024x791.png 1024w, https:\/\/tempusfugit.mx\/blogniebla\/wp-content\/uploads\/2022\/06\/Pruebas-de-autor-Pluralidad-copia-750x580.png 750w, https:\/\/tempusfugit.mx\/blogniebla\/wp-content\/uploads\/2022\/06\/Pruebas-de-autor-Pluralidad-copia.png 1981w\" sizes=\"(max-width: 600px) 100vw, 600px\" \/><\/a><\/p>\n<p><strong><em>Pluralidad<\/em><\/strong><br \/>\nMedidas 60 x 40 cm incluye marialuisa.<br \/>\nImpresa digitalmente papel de algod\u00f3n de alta calidad. Numerada y firmada por el autor.<br \/>\nSe entrega Certificado de Origen.<br \/>\nPrecio pieza suelta<br \/>\n<strong>$4,800 pesos<\/strong><\/p>\n<form action=\"https:\/\/www.paypal.com\/cgi-bin\/webscr\" method=\"post\" target=\"_top\"><input name=\"cmd\" type=\"hidden\" value=\"_s-xclick\" \/><br \/>\n<input name=\"hosted_button_id\" type=\"hidden\" value=\"7DSXRVE9EFR7N\" \/><br \/>\n<input alt=\"PayPal, la forma m\u00e1s segura y r\u00e1pida de pagar en l\u00ednea.\" name=\"submit\" src=\"https:\/\/www.paypalobjects.com\/es_XC\/MX\/i\/btn\/btn_buynowCC_LG.gif\" type=\"image\" \/><br \/>\n<img decoding=\"async\" loading=\"lazy\" src=\"https:\/\/www.paypalobjects.com\/es_XC\/i\/scr\/pixel.gif\" alt=\"\" width=\"1\" height=\"1\" border=\"0\" \/><\/form>\n<h6>El env\u00edo tiene un costo de $350 pesos y se coloca en mensajer\u00eda 5 d\u00edas despu\u00e9s del pago.<\/h6>\n<p><a href=\"https:\/\/tempusfugit.mx\/blogniebla\/wp-content\/uploads\/2022\/06\/Pruebas-de-autorAlfil-Caballo-Torre.png\"><img decoding=\"async\" loading=\"lazy\" class=\"alignnone wp-image-589\" src=\"https:\/\/tempusfugit.mx\/blogniebla\/wp-content\/uploads\/2022\/06\/Pruebas-de-autorAlfil-Caballo-Torre-300x232.png\" alt=\"\" width=\"600\" height=\"464\" srcset=\"https:\/\/tempusfugit.mx\/blogniebla\/wp-content\/uploads\/2022\/06\/Pruebas-de-autorAlfil-Caballo-Torre-300x232.png 300w, https:\/\/tempusfugit.mx\/blogniebla\/wp-content\/uploads\/2022\/06\/Pruebas-de-autorAlfil-Caballo-Torre-768x594.png 768w, https:\/\/tempusfugit.mx\/blogniebla\/wp-content\/uploads\/2022\/06\/Pruebas-de-autorAlfil-Caballo-Torre-1024x791.png 1024w, https:\/\/tempusfugit.mx\/blogniebla\/wp-content\/uploads\/2022\/06\/Pruebas-de-autorAlfil-Caballo-Torre-750x580.png 750w, https:\/\/tempusfugit.mx\/blogniebla\/wp-content\/uploads\/2022\/06\/Pruebas-de-autorAlfil-Caballo-Torre.png 1981w\" sizes=\"(max-width: 600px) 100vw, 600px\" \/><\/a><\/p>\n<p><strong><em>Alfil Caballo Pe\u00f3n<\/em><\/strong><br \/>\nMedidas 60 x 40 cm incluye marialuisa.<br \/>\nImpresa digitalmente papel de algod\u00f3n de alta calidad. Numerada y firmada por el autor.<br \/>\nSe entrega Certificado de Origen.<br \/>\nPrecio pieza suelta<br \/>\n<strong>$4,800 pesos<\/strong><\/p>\n<form action=\"https:\/\/www.paypal.com\/cgi-bin\/webscr\" method=\"post\" target=\"_top\"><input name=\"cmd\" type=\"hidden\" value=\"_s-xclick\" \/><br \/>\n<input name=\"hosted_button_id\" type=\"hidden\" value=\"YDMH7FSCE6PGG\" \/><br \/>\n<input alt=\"PayPal, la forma m\u00e1s segura y r\u00e1pida de pagar en l\u00ednea.\" name=\"submit\" src=\"https:\/\/www.paypalobjects.com\/es_XC\/MX\/i\/btn\/btn_buynowCC_LG.gif\" type=\"image\" \/><br \/>\n<img decoding=\"async\" loading=\"lazy\" src=\"https:\/\/www.paypalobjects.com\/es_XC\/i\/scr\/pixel.gif\" alt=\"\" width=\"1\" height=\"1\" border=\"0\" \/><\/form>\n<h6>El env\u00edo tiene un costo de $350 pesos y se coloca en mensajer\u00eda 5 d\u00edas despu\u00e9s del pago.<\/h6>\n<form action=\"https:\/\/www.paypal.com\/cgi-bin\/webscr\" method=\"post\" target=\"_top\"><input name=\"cmd\" type=\"hidden\" value=\"_s-xclick\" \/><br \/>\n<input name=\"hosted_button_id\" type=\"hidden\" value=\"WRC8NPCSBAQYW\" \/><br \/>\n<a href=\"https:\/\/tempusfugit.mx\/blogniebla\/wp-content\/uploads\/2022\/06\/Pruebas-de-autor-Torre-Dama.png\"><img decoding=\"async\" loading=\"lazy\" class=\"alignnone wp-image-587\" src=\"https:\/\/tempusfugit.mx\/blogniebla\/wp-content\/uploads\/2022\/06\/Pruebas-de-autor-Torre-Dama-300x232.png\" alt=\"\" width=\"600\" height=\"464\" srcset=\"https:\/\/tempusfugit.mx\/blogniebla\/wp-content\/uploads\/2022\/06\/Pruebas-de-autor-Torre-Dama-300x232.png 300w, https:\/\/tempusfugit.mx\/blogniebla\/wp-content\/uploads\/2022\/06\/Pruebas-de-autor-Torre-Dama-768x594.png 768w, https:\/\/tempusfugit.mx\/blogniebla\/wp-content\/uploads\/2022\/06\/Pruebas-de-autor-Torre-Dama-1024x791.png 1024w, https:\/\/tempusfugit.mx\/blogniebla\/wp-content\/uploads\/2022\/06\/Pruebas-de-autor-Torre-Dama-750x580.png 750w, https:\/\/tempusfugit.mx\/blogniebla\/wp-content\/uploads\/2022\/06\/Pruebas-de-autor-Torre-Dama.png 1981w\" sizes=\"(max-width: 600px) 100vw, 600px\" \/><\/a><strong><em>Torre Dama<\/em><\/strong><br \/>\nMedidas 60 x 40 cm incluye marialuisa.<br \/>\nImpresa digitalmente papel de algod\u00f3n de alta calidad. Numerada y firmada por el autor.<br \/>\nSe entrega Certificado de Origen.<br \/>\nPrecio pieza suelta<br \/>\n<strong>$4,800 pesos<\/strong><\/form>\n<form action=\"https:\/\/www.paypal.com\/cgi-bin\/webscr\" method=\"post\" target=\"_top\"><input name=\"cmd\" type=\"hidden\" value=\"_s-xclick\" \/><br \/>\n<input name=\"hosted_button_id\" type=\"hidden\" value=\"396YQ8GYAQ4K8\" \/><br \/>\n<input alt=\"PayPal, la forma m\u00e1s segura y r\u00e1pida de pagar en l\u00ednea.\" name=\"submit\" src=\"https:\/\/www.paypalobjects.com\/es_XC\/MX\/i\/btn\/btn_buynowCC_LG.gif\" type=\"image\" \/><br \/>\n<img decoding=\"async\" loading=\"lazy\" src=\"https:\/\/www.paypalobjects.com\/es_XC\/i\/scr\/pixel.gif\" alt=\"\" width=\"1\" height=\"1\" border=\"0\" \/><\/form>\n<form action=\"https:\/\/www.paypal.com\/cgi-bin\/webscr\" method=\"post\" target=\"_top\">\n<h6><img decoding=\"async\" loading=\"lazy\" src=\"https:\/\/www.paypalobjects.com\/es_XC\/i\/scr\/pixel.gif\" alt=\"\" width=\"1\" height=\"1\" border=\"0\" \/>El env\u00edo tiene un costo de $350 pesos y se coloca en mensajer\u00eda 5 d\u00edas despu\u00e9s del pago.<\/h6>\n<\/form>\n<h3>Visite otras series del mismo autor<\/h3>\n<h4><a href=\"https:\/\/tempusfugit.mx\/blogniebla\/__trashed\/\">Serie \u00abHomenaje a Marcel Duchamp\u00bb<\/a><\/h4>\n<h4><a href=\"https:\/\/tempusfugit.mx\/blogniebla\/serie-homenaje-a-marcel-duchamp-bis\/\">Serie \u00abHomenaje a Marcel Duchamp\u00bb BIS<\/a><\/h4>\n<h4><a href=\"https:\/\/tempusfugit.mx\/blogniebla\/serie-el-pajaro-de-fuego-loiseau-de-feu-stravinsky\/\">Serie \u00abEl p\u00e1jaro de fuego\u00bb (L&#8217;oiseau de Feu) basado en la obra de I.\u00a0 Stravinsky<\/a><\/h4>\n<h4><a href=\"https:\/\/tempusfugit.mx\/blogniebla\/serie-branas-y-supercuerdas-dimensionales\/\">Serie \u00abBranas y Supercuerdas Dimensionales\u00bb<\/a><\/h4>\n<p>Tambi\u00e9n podr\u00eda interesarle:<br \/>\n<strong><a href=\"https:\/\/tempusfugit.mx\/blogniebla\/grabados-hot-stamping-figurines-de-ajedrez\/\">Grabados Hot Stamping con figurines de ajedrez<\/a><\/strong><\/p>\n<h4><a href=\"https:\/\/tempusfugit.mx\/blogniebla\/reproducciones-de-grabados-de-escher\/\">Reproducciones en offset de grabados de M.C. Escher. Enmarcadas<\/a><\/h4>\n","protected":false},"excerpt":{"rendered":"<p>Las siguientes son estampas originales con colores o detalles que surgen de la serie que les dio origen y no fueron parte de la selecci\u00f3n final, pero que tienen val\u00eda individual como piezas logradas. Trebejos Medidas 60 x 40 cm incluye marialuisa. Impresa digitalmente papel de algod\u00f3n de alta calidad. Numerada y firmada por el [&hellip;]<\/p>\n","protected":false},"author":1,"featured_media":0,"parent":0,"menu_order":0,"comment_status":"open","ping_status":"closed","template":"","meta":[],"_links":{"self":[{"href":"https:\/\/tempusfugit.mx\/blogniebla\/wp-json\/wp\/v2\/pages\/582"}],"collection":[{"href":"https:\/\/tempusfugit.mx\/blogniebla\/wp-json\/wp\/v2\/pages"}],"about":[{"href":"https:\/\/tempusfugit.mx\/blogniebla\/wp-json\/wp\/v2\/types\/page"}],"author":[{"embeddable":true,"href":"https:\/\/tempusfugit.mx\/blogniebla\/wp-json\/wp\/v2\/users\/1"}],"replies":[{"embeddable":true,"href":"https:\/\/tempusfugit.mx\/blogniebla\/wp-json\/wp\/v2\/comments?post=582"}],"version-history":[{"count":11,"href":"https:\/\/tempusfugit.mx\/blogniebla\/wp-json\/wp\/v2\/pages\/582\/revisions"}],"predecessor-version":[{"id":1220,"href":"https:\/\/tempusfugit.mx\/blogniebla\/wp-json\/wp\/v2\/pages\/582\/revisions\/1220"}],"wp:attachment":[{"href":"https:\/\/tempusfugit.mx\/blogniebla\/wp-json\/wp\/v2\/media?parent=582"}],"curies":[{"name":"wp","href":"https:\/\/api.w.org\/{rel}","templated":true}]}}