{"id":612,"date":"2022-06-21T18:24:54","date_gmt":"2022-06-21T18:24:54","guid":{"rendered":"http:\/\/tempusfugit.mx\/blogniebla\/?page_id=612"},"modified":"2022-06-21T19:58:50","modified_gmt":"2022-06-21T19:58:50","slug":"reproducciones-de-grabados-de-escher","status":"publish","type":"page","link":"https:\/\/tempusfugit.mx\/blogniebla\/reproducciones-de-grabados-de-escher\/","title":{"rendered":"Reproducciones de grabados de Escher"},"content":{"rendered":"<p>Algunas de las m\u00e1s famosas obras del grabador holand\u00e9s Mauritius Cornelius Escher.<br \/>\nReproducciones en offset, alta definici\u00f3n, enmarcadas.<br \/>\nPiezas \u00fanicas. Env\u00edo solo en la Rep\u00fablica Mexicana.<br \/>\nSin costo de env\u00edo en la Cd de Monterrey.<\/p>\n<p>&nbsp;<\/p>\n<p><a href=\"https:\/\/tempusfugit.mx\/blogniebla\/wp-content\/uploads\/2022\/06\/d\u00eda-noche-enmarcado.jpg\"><img decoding=\"async\" loading=\"lazy\" class=\"alignnone wp-image-621 size-medium\" src=\"https:\/\/tempusfugit.mx\/blogniebla\/wp-content\/uploads\/2022\/06\/d\u00eda-noche-enmarcado-199x300.jpg\" alt=\"\" width=\"199\" height=\"300\" srcset=\"https:\/\/tempusfugit.mx\/blogniebla\/wp-content\/uploads\/2022\/06\/d\u00eda-noche-enmarcado-199x300.jpg 199w, https:\/\/tempusfugit.mx\/blogniebla\/wp-content\/uploads\/2022\/06\/d\u00eda-noche-enmarcado-768x1160.jpg 768w, https:\/\/tempusfugit.mx\/blogniebla\/wp-content\/uploads\/2022\/06\/d\u00eda-noche-enmarcado-678x1024.jpg 678w, https:\/\/tempusfugit.mx\/blogniebla\/wp-content\/uploads\/2022\/06\/d\u00eda-noche-enmarcado-750x1132.jpg 750w\" sizes=\"(max-width: 199px) 100vw, 199px\" \/><\/a>\u00a0<a href=\"https:\/\/tempusfugit.mx\/blogniebla\/wp-content\/uploads\/2022\/06\/IMG_1549.jpg\"><img decoding=\"async\" loading=\"lazy\" class=\"alignnone wp-image-615 size-medium\" src=\"https:\/\/tempusfugit.mx\/blogniebla\/wp-content\/uploads\/2022\/06\/IMG_1549-225x300.jpg\" alt=\"\" width=\"225\" height=\"300\" srcset=\"https:\/\/tempusfugit.mx\/blogniebla\/wp-content\/uploads\/2022\/06\/IMG_1549-225x300.jpg 225w, https:\/\/tempusfugit.mx\/blogniebla\/wp-content\/uploads\/2022\/06\/IMG_1549-768x1024.jpg 768w, https:\/\/tempusfugit.mx\/blogniebla\/wp-content\/uploads\/2022\/06\/IMG_1549-750x1000.jpg 750w\" sizes=\"(max-width: 225px) 100vw, 225px\" \/><\/a><\/p>\n<h3>D\u00eda y noche<\/h3>\n<p>Impresi\u00f3n en offset con entramado de alta definici\u00f3n.<br \/>\nEnmarcado en negro.<br \/>\nMedidas 35 x 41 cm.<br \/>\nPieza \u00fanica.<\/p>\n<p>Precio<br \/>\n<strong>$900.00 pesos<br \/>\n<\/strong>M\u00e1s costo de env\u00edo en la Rep\u00fablica Mexicana<\/p>\n<p>Sin costo de env\u00edo en la Cd. de Monterrey.<\/p>\n<p><img decoding=\"async\" loading=\"lazy\" class=\"alignnone wp-image-543\" src=\"https:\/\/tempusfugit.mx\/blogniebla\/wp-content\/uploads\/2022\/06\/logopaypal-300x72-300x72.png\" alt=\"\" width=\"87\" height=\"21\" \/><\/p>\n<p><input name=\"hosted_button_id\" type=\"hidden\" value=\"2Y964DF35SA26\" \/><\/p>\n<form action=\"https:\/\/www.paypal.com\/cgi-bin\/webscr\" method=\"post\" target=\"_top\"><input name=\"cmd\" type=\"hidden\" value=\"_s-xclick\" \/><br \/>\n<input name=\"hosted_button_id\" type=\"hidden\" value=\"2Y964DF35SA26\" \/><br \/>\n<input alt=\"PayPal, la forma m\u00e1s segura y r\u00e1pida de pagar en l\u00ednea.\" name=\"submit\" src=\"https:\/\/www.paypalobjects.com\/es_XC\/MX\/i\/btn\/btn_buynowCC_LG.gif\" type=\"image\" \/><br \/>\n<img decoding=\"async\" loading=\"lazy\" src=\"https:\/\/www.paypalobjects.com\/es_XC\/i\/scr\/pixel.gif\" alt=\"\" width=\"1\" height=\"1\" border=\"0\" \/><\/form>\n<p><img decoding=\"async\" loading=\"lazy\" src=\"https:\/\/www.paypalobjects.com\/es_XC\/i\/scr\/pixel.gif\" alt=\"\" width=\"1\" height=\"1\" border=\"0\" \/><\/p>\n<p>&nbsp;<\/p>\n<p>&nbsp;<\/p>\n<p><a href=\"https:\/\/tempusfugit.mx\/blogniebla\/wp-content\/uploads\/2022\/06\/enmarcado-1.jpg\"><img decoding=\"async\" loading=\"lazy\" class=\"alignnone wp-image-622 size-medium\" src=\"https:\/\/tempusfugit.mx\/blogniebla\/wp-content\/uploads\/2022\/06\/enmarcado-1-199x300.jpg\" alt=\"\" width=\"199\" height=\"300\" srcset=\"https:\/\/tempusfugit.mx\/blogniebla\/wp-content\/uploads\/2022\/06\/enmarcado-1-199x300.jpg 199w, https:\/\/tempusfugit.mx\/blogniebla\/wp-content\/uploads\/2022\/06\/enmarcado-1-768x1160.jpg 768w, https:\/\/tempusfugit.mx\/blogniebla\/wp-content\/uploads\/2022\/06\/enmarcado-1-678x1024.jpg 678w, https:\/\/tempusfugit.mx\/blogniebla\/wp-content\/uploads\/2022\/06\/enmarcado-1-750x1132.jpg 750w\" sizes=\"(max-width: 199px) 100vw, 199px\" \/><\/a>\u00a0<a href=\"https:\/\/tempusfugit.mx\/blogniebla\/wp-content\/uploads\/2022\/06\/IMG_1550.jpg\"><img decoding=\"async\" loading=\"lazy\" class=\"alignnone wp-image-616 size-medium\" src=\"https:\/\/tempusfugit.mx\/blogniebla\/wp-content\/uploads\/2022\/06\/IMG_1550-225x300.jpg\" alt=\"\" width=\"225\" height=\"300\" srcset=\"https:\/\/tempusfugit.mx\/blogniebla\/wp-content\/uploads\/2022\/06\/IMG_1550-225x300.jpg 225w, https:\/\/tempusfugit.mx\/blogniebla\/wp-content\/uploads\/2022\/06\/IMG_1550-768x1024.jpg 768w, https:\/\/tempusfugit.mx\/blogniebla\/wp-content\/uploads\/2022\/06\/IMG_1550-750x1000.jpg 750w\" sizes=\"(max-width: 225px) 100vw, 225px\" \/><\/a><\/p>\n<h3>Ca\u00edda de agua<\/h3>\n<p>Impresi\u00f3n en offset con entramado de alta definici\u00f3n.<br \/>\nEnmarcado en negro.<br \/>\nMedidas 35 x 41 cm.<br \/>\nPieza \u00fanica.<\/p>\n<p>Precio<br \/>\n<strong>$900.00 pesos<br \/>\n<\/strong>M\u00e1s costo de env\u00edo en la Rep\u00fablica Mexicana<\/p>\n<p>Sin costo de env\u00edo en la Cd. de Monterrey.<\/p>\n<p><img decoding=\"async\" loading=\"lazy\" class=\"alignnone wp-image-543\" src=\"https:\/\/tempusfugit.mx\/blogniebla\/wp-content\/uploads\/2022\/06\/logopaypal-300x72-300x72.png\" alt=\"\" width=\"87\" height=\"21\" \/><\/p>\n<form action=\"https:\/\/www.paypal.com\/cgi-bin\/webscr\" method=\"post\" target=\"_top\"><input name=\"cmd\" type=\"hidden\" value=\"_s-xclick\" \/><br \/>\n<input name=\"hosted_button_id\" type=\"hidden\" value=\"Q6V3S6Z69JALN\" \/><br \/>\n<input alt=\"PayPal, la forma m\u00e1s segura y r\u00e1pida de pagar en l\u00ednea.\" name=\"submit\" src=\"https:\/\/www.paypalobjects.com\/es_XC\/MX\/i\/btn\/btn_buynowCC_LG.gif\" type=\"image\" \/><br \/>\n<img decoding=\"async\" loading=\"lazy\" src=\"https:\/\/www.paypalobjects.com\/es_XC\/i\/scr\/pixel.gif\" alt=\"\" width=\"1\" height=\"1\" border=\"0\" \/>\u00a0<\/form>\n<p>&nbsp;<\/p>\n<p><a href=\"https:\/\/tempusfugit.mx\/blogniebla\/wp-content\/uploads\/2022\/06\/enanos-enmarcado.jpg\"><img decoding=\"async\" loading=\"lazy\" class=\"alignnone wp-image-623 size-medium\" src=\"https:\/\/tempusfugit.mx\/blogniebla\/wp-content\/uploads\/2022\/06\/enanos-enmarcado-199x300.jpg\" alt=\"\" width=\"199\" height=\"300\" srcset=\"https:\/\/tempusfugit.mx\/blogniebla\/wp-content\/uploads\/2022\/06\/enanos-enmarcado-199x300.jpg 199w, https:\/\/tempusfugit.mx\/blogniebla\/wp-content\/uploads\/2022\/06\/enanos-enmarcado-768x1160.jpg 768w, https:\/\/tempusfugit.mx\/blogniebla\/wp-content\/uploads\/2022\/06\/enanos-enmarcado-678x1024.jpg 678w, https:\/\/tempusfugit.mx\/blogniebla\/wp-content\/uploads\/2022\/06\/enanos-enmarcado-750x1132.jpg 750w\" sizes=\"(max-width: 199px) 100vw, 199px\" \/><\/a>\u00a0<a href=\"https:\/\/tempusfugit.mx\/blogniebla\/wp-content\/uploads\/2022\/06\/IMG_1547.jpg\"><img decoding=\"async\" loading=\"lazy\" class=\"alignnone wp-image-614 size-medium\" src=\"https:\/\/tempusfugit.mx\/blogniebla\/wp-content\/uploads\/2022\/06\/IMG_1547-225x300.jpg\" alt=\"\" width=\"225\" height=\"300\" srcset=\"https:\/\/tempusfugit.mx\/blogniebla\/wp-content\/uploads\/2022\/06\/IMG_1547-225x300.jpg 225w, https:\/\/tempusfugit.mx\/blogniebla\/wp-content\/uploads\/2022\/06\/IMG_1547-768x1024.jpg 768w, https:\/\/tempusfugit.mx\/blogniebla\/wp-content\/uploads\/2022\/06\/IMG_1547-750x1000.jpg 750w\" sizes=\"(max-width: 225px) 100vw, 225px\" \/><\/a><\/p>\n<h3>Enanos teselados<\/h3>\n<p>Impresi\u00f3n en offset con entramado de alta definici\u00f3n.<br \/>\nEnmarcado en negro.<br \/>\nMedidas 35 x 41 cm.<br \/>\nPieza \u00fanica.<\/p>\n<p>Precio<br \/>\n<strong>$900.00 pesos<br \/>\n<\/strong>M\u00e1s costo de env\u00edo en la Rep\u00fablica Mexicana<\/p>\n<p>Sin costo de env\u00edo en la Cd. de Monterrey.<\/p>\n<p><img decoding=\"async\" loading=\"lazy\" class=\"alignnone wp-image-543\" src=\"https:\/\/tempusfugit.mx\/blogniebla\/wp-content\/uploads\/2022\/06\/logopaypal-300x72-300x72.png\" alt=\"\" width=\"87\" height=\"21\" \/><\/p>\n<form action=\"https:\/\/www.paypal.com\/cgi-bin\/webscr\" method=\"post\" target=\"_top\"><input name=\"cmd\" type=\"hidden\" value=\"_s-xclick\" \/><br \/>\n<input name=\"hosted_button_id\" type=\"hidden\" value=\"9HZTA7XHKMV6J\" \/><br \/>\n<input alt=\"PayPal, la forma m\u00e1s segura y r\u00e1pida de pagar en l\u00ednea.\" name=\"submit\" src=\"https:\/\/www.paypalobjects.com\/es_XC\/MX\/i\/btn\/btn_buynowCC_LG.gif\" type=\"image\" \/><br \/>\n<img decoding=\"async\" loading=\"lazy\" src=\"https:\/\/www.paypalobjects.com\/es_XC\/i\/scr\/pixel.gif\" alt=\"\" width=\"1\" height=\"1\" border=\"0\" \/>\u00a0<\/form>\n<p>&nbsp;<\/p>\n<p><a href=\"https:\/\/tempusfugit.mx\/blogniebla\/wp-content\/uploads\/2022\/06\/manos-autodibujandose-enmarcado.jpg\"><img decoding=\"async\" loading=\"lazy\" class=\"alignnone wp-image-624 size-medium\" src=\"https:\/\/tempusfugit.mx\/blogniebla\/wp-content\/uploads\/2022\/06\/manos-autodibujandose-enmarcado-199x300.jpg\" alt=\"\" width=\"199\" height=\"300\" srcset=\"https:\/\/tempusfugit.mx\/blogniebla\/wp-content\/uploads\/2022\/06\/manos-autodibujandose-enmarcado-199x300.jpg 199w, https:\/\/tempusfugit.mx\/blogniebla\/wp-content\/uploads\/2022\/06\/manos-autodibujandose-enmarcado-768x1160.jpg 768w, https:\/\/tempusfugit.mx\/blogniebla\/wp-content\/uploads\/2022\/06\/manos-autodibujandose-enmarcado-678x1024.jpg 678w, https:\/\/tempusfugit.mx\/blogniebla\/wp-content\/uploads\/2022\/06\/manos-autodibujandose-enmarcado-750x1132.jpg 750w\" sizes=\"(max-width: 199px) 100vw, 199px\" \/><\/a>\u00a0<a href=\"https:\/\/tempusfugit.mx\/blogniebla\/wp-content\/uploads\/2022\/06\/IMG_1551.jpg\"><img decoding=\"async\" loading=\"lazy\" class=\"alignnone wp-image-617 size-medium\" src=\"https:\/\/tempusfugit.mx\/blogniebla\/wp-content\/uploads\/2022\/06\/IMG_1551-225x300.jpg\" alt=\"\" width=\"225\" height=\"300\" srcset=\"https:\/\/tempusfugit.mx\/blogniebla\/wp-content\/uploads\/2022\/06\/IMG_1551-225x300.jpg 225w, https:\/\/tempusfugit.mx\/blogniebla\/wp-content\/uploads\/2022\/06\/IMG_1551-768x1024.jpg 768w, https:\/\/tempusfugit.mx\/blogniebla\/wp-content\/uploads\/2022\/06\/IMG_1551-750x1000.jpg 750w\" sizes=\"(max-width: 225px) 100vw, 225px\" \/><\/a><\/p>\n<h3>Manos que se autodibujan<\/h3>\n<p>Impresi\u00f3n en offset con entramado de alta definici\u00f3n.<br \/>\nEnmarcado en negro.<br \/>\nMedidas 35 x 41 cm.<br \/>\nPieza \u00fanica.<\/p>\n<p>Precio<br \/>\n<strong>$900.00 pesos<br \/>\n<\/strong>M\u00e1s costo de env\u00edo en la Rep\u00fablica Mexicana<\/p>\n<p>Sin costo de env\u00edo en la Cd. de Monterrey.<\/p>\n<p><img decoding=\"async\" loading=\"lazy\" class=\"alignnone wp-image-543\" src=\"https:\/\/tempusfugit.mx\/blogniebla\/wp-content\/uploads\/2022\/06\/logopaypal-300x72-300x72.png\" alt=\"\" width=\"87\" height=\"21\" \/><\/p>\n<form action=\"https:\/\/www.paypal.com\/cgi-bin\/webscr\" method=\"post\" target=\"_top\"><input name=\"cmd\" type=\"hidden\" value=\"_s-xclick\" \/><br \/>\n<input name=\"hosted_button_id\" type=\"hidden\" value=\"CHPND6LE9Y33Y\" \/><br \/>\n<input alt=\"PayPal, la forma m\u00e1s segura y r\u00e1pida de pagar en l\u00ednea.\" name=\"submit\" src=\"https:\/\/www.paypalobjects.com\/es_XC\/MX\/i\/btn\/btn_buynowCC_LG.gif\" type=\"image\" \/><br \/>\n<img decoding=\"async\" loading=\"lazy\" src=\"https:\/\/www.paypalobjects.com\/es_XC\/i\/scr\/pixel.gif\" alt=\"\" width=\"1\" height=\"1\" border=\"0\" \/>\u00a0<\/form>\n<p>&nbsp;<\/p>\n<p><a href=\"https:\/\/tempusfugit.mx\/blogniebla\/wp-content\/uploads\/2022\/06\/tres-esferas-enmarcado.jpg\"><img decoding=\"async\" loading=\"lazy\" class=\"alignnone wp-image-625 size-medium\" src=\"https:\/\/tempusfugit.mx\/blogniebla\/wp-content\/uploads\/2022\/06\/tres-esferas-enmarcado-199x300.jpg\" alt=\"\" width=\"199\" height=\"300\" srcset=\"https:\/\/tempusfugit.mx\/blogniebla\/wp-content\/uploads\/2022\/06\/tres-esferas-enmarcado-199x300.jpg 199w, https:\/\/tempusfugit.mx\/blogniebla\/wp-content\/uploads\/2022\/06\/tres-esferas-enmarcado-768x1160.jpg 768w, https:\/\/tempusfugit.mx\/blogniebla\/wp-content\/uploads\/2022\/06\/tres-esferas-enmarcado-678x1024.jpg 678w, https:\/\/tempusfugit.mx\/blogniebla\/wp-content\/uploads\/2022\/06\/tres-esferas-enmarcado-750x1132.jpg 750w\" sizes=\"(max-width: 199px) 100vw, 199px\" \/><\/a>\u00a0<a href=\"https:\/\/tempusfugit.mx\/blogniebla\/wp-content\/uploads\/2022\/06\/IMG_1552.jpg\"><img decoding=\"async\" loading=\"lazy\" class=\"alignnone wp-image-618 size-medium\" src=\"https:\/\/tempusfugit.mx\/blogniebla\/wp-content\/uploads\/2022\/06\/IMG_1552-225x300.jpg\" alt=\"\" width=\"225\" height=\"300\" srcset=\"https:\/\/tempusfugit.mx\/blogniebla\/wp-content\/uploads\/2022\/06\/IMG_1552-225x300.jpg 225w, https:\/\/tempusfugit.mx\/blogniebla\/wp-content\/uploads\/2022\/06\/IMG_1552-768x1024.jpg 768w, https:\/\/tempusfugit.mx\/blogniebla\/wp-content\/uploads\/2022\/06\/IMG_1552-750x1000.jpg 750w\" sizes=\"(max-width: 225px) 100vw, 225px\" \/><\/a><\/p>\n<h3>Tres esferas<\/h3>\n<p>Impresi\u00f3n en offset con entramado de alta definici\u00f3n.<br \/>\nEnmarcado en negro.<br \/>\nMedidas 35 x 41 cm.<br \/>\nPieza \u00fanica.<\/p>\n<p>Precio<br \/>\n<strong>$900.00 pesos<br \/>\n<\/strong>M\u00e1s costo de env\u00edo en la Rep\u00fablica Mexicana<\/p>\n<p>Sin costo de env\u00edo en la Cd. de Monterrey.<\/p>\n<p><img decoding=\"async\" loading=\"lazy\" class=\"alignnone wp-image-543\" src=\"https:\/\/tempusfugit.mx\/blogniebla\/wp-content\/uploads\/2022\/06\/logopaypal-300x72-300x72.png\" alt=\"\" width=\"87\" height=\"21\" \/><\/p>\n<form action=\"https:\/\/www.paypal.com\/cgi-bin\/webscr\" method=\"post\" target=\"_top\"><img decoding=\"async\" loading=\"lazy\" src=\"https:\/\/www.paypalobjects.com\/es_XC\/i\/scr\/pixel.gif\" alt=\"\" width=\"1\" height=\"1\" border=\"0\" \/><\/p>\n<\/form>\n<form action=\"https:\/\/www.paypal.com\/cgi-bin\/webscr\" method=\"post\" target=\"_top\"><input name=\"cmd\" type=\"hidden\" value=\"_s-xclick\" \/><br \/>\n<input name=\"hosted_button_id\" type=\"hidden\" value=\"KFWWYVKMG3Y8G\" \/><br \/>\n<input alt=\"PayPal, la forma m\u00e1s segura y r\u00e1pida de pagar en l\u00ednea.\" name=\"submit\" src=\"https:\/\/www.paypalobjects.com\/es_XC\/MX\/i\/btn\/btn_buynowCC_LG.gif\" type=\"image\" \/><br \/>\n<img decoding=\"async\" loading=\"lazy\" src=\"https:\/\/www.paypalobjects.com\/es_XC\/i\/scr\/pixel.gif\" alt=\"\" width=\"1\" height=\"1\" border=\"0\" \/><\/form>\n<form action=\"https:\/\/www.paypal.com\/cgi-bin\/webscr\" method=\"post\" target=\"_top\"><\/form>\n<p>&nbsp;<\/p>\n<p><a href=\"https:\/\/tempusfugit.mx\/blogniebla\/wp-content\/uploads\/2022\/06\/giro-hexagonal-verbum-enmarcado.jpg\"><img decoding=\"async\" loading=\"lazy\" class=\"alignnone wp-image-626 size-medium\" src=\"https:\/\/tempusfugit.mx\/blogniebla\/wp-content\/uploads\/2022\/06\/giro-hexagonal-verbum-enmarcado-199x300.jpg\" alt=\"\" width=\"199\" height=\"300\" srcset=\"https:\/\/tempusfugit.mx\/blogniebla\/wp-content\/uploads\/2022\/06\/giro-hexagonal-verbum-enmarcado-199x300.jpg 199w, https:\/\/tempusfugit.mx\/blogniebla\/wp-content\/uploads\/2022\/06\/giro-hexagonal-verbum-enmarcado-768x1160.jpg 768w, https:\/\/tempusfugit.mx\/blogniebla\/wp-content\/uploads\/2022\/06\/giro-hexagonal-verbum-enmarcado-678x1024.jpg 678w, https:\/\/tempusfugit.mx\/blogniebla\/wp-content\/uploads\/2022\/06\/giro-hexagonal-verbum-enmarcado-750x1132.jpg 750w\" sizes=\"(max-width: 199px) 100vw, 199px\" \/><\/a>\u00a0<a href=\"https:\/\/tempusfugit.mx\/blogniebla\/wp-content\/uploads\/2022\/06\/IMG_1553.jpg\"><img decoding=\"async\" loading=\"lazy\" class=\"alignnone wp-image-619 size-medium\" src=\"https:\/\/tempusfugit.mx\/blogniebla\/wp-content\/uploads\/2022\/06\/IMG_1553-225x300.jpg\" alt=\"\" width=\"225\" height=\"300\" srcset=\"https:\/\/tempusfugit.mx\/blogniebla\/wp-content\/uploads\/2022\/06\/IMG_1553-225x300.jpg 225w, https:\/\/tempusfugit.mx\/blogniebla\/wp-content\/uploads\/2022\/06\/IMG_1553-768x1024.jpg 768w, https:\/\/tempusfugit.mx\/blogniebla\/wp-content\/uploads\/2022\/06\/IMG_1553-750x1000.jpg 750w\" sizes=\"(max-width: 225px) 100vw, 225px\" \/><\/a><\/p>\n<h3>Verbum<\/h3>\n<p>Impresi\u00f3n en offset con entramado de alta definici\u00f3n.<br \/>\nEnmarcado en negro.<br \/>\nMedidas 35 x 41 cm.<br \/>\nPieza \u00fanica.<\/p>\n<p>Precio<br \/>\n<strong>$900.00 pesos<br \/>\n<\/strong>M\u00e1s costo de env\u00edo en la Rep\u00fablica Mexicana<\/p>\n<p>Sin costo de env\u00edo en la Cd. de Monterrey.<\/p>\n<p><img decoding=\"async\" loading=\"lazy\" class=\"alignnone wp-image-543\" src=\"https:\/\/tempusfugit.mx\/blogniebla\/wp-content\/uploads\/2022\/06\/logopaypal-300x72-300x72.png\" alt=\"\" width=\"87\" height=\"21\" \/><\/p>\n<form action=\"https:\/\/www.paypal.com\/cgi-bin\/webscr\" method=\"post\" target=\"_top\"><input name=\"cmd\" type=\"hidden\" value=\"_s-xclick\" \/><br \/>\n<input name=\"hosted_button_id\" type=\"hidden\" value=\"3JTAUY9GF458J\" \/><br \/>\n<input alt=\"PayPal, la forma m\u00e1s segura y r\u00e1pida de pagar en l\u00ednea.\" name=\"submit\" src=\"https:\/\/www.paypalobjects.com\/es_XC\/MX\/i\/btn\/btn_buynowCC_LG.gif\" type=\"image\" \/><br \/>\n<img decoding=\"async\" loading=\"lazy\" src=\"https:\/\/www.paypalobjects.com\/es_XC\/i\/scr\/pixel.gif\" alt=\"\" width=\"1\" height=\"1\" border=\"0\" \/>\u00a0<\/form>\n<p>&nbsp;<\/p>\n<p><a href=\"https:\/\/tempusfugit.mx\/blogniebla\/wp-content\/uploads\/2022\/06\/peces-y-barcos-enmarcado.jpg\"><img decoding=\"async\" loading=\"lazy\" class=\"alignnone wp-image-627 size-medium\" src=\"https:\/\/tempusfugit.mx\/blogniebla\/wp-content\/uploads\/2022\/06\/peces-y-barcos-enmarcado-199x300.jpg\" alt=\"\" width=\"199\" height=\"300\" srcset=\"https:\/\/tempusfugit.mx\/blogniebla\/wp-content\/uploads\/2022\/06\/peces-y-barcos-enmarcado-199x300.jpg 199w, https:\/\/tempusfugit.mx\/blogniebla\/wp-content\/uploads\/2022\/06\/peces-y-barcos-enmarcado-768x1160.jpg 768w, https:\/\/tempusfugit.mx\/blogniebla\/wp-content\/uploads\/2022\/06\/peces-y-barcos-enmarcado-678x1024.jpg 678w, https:\/\/tempusfugit.mx\/blogniebla\/wp-content\/uploads\/2022\/06\/peces-y-barcos-enmarcado-750x1132.jpg 750w\" sizes=\"(max-width: 199px) 100vw, 199px\" \/><\/a>\u00a0<a href=\"https:\/\/tempusfugit.mx\/blogniebla\/wp-content\/uploads\/2022\/06\/IMG_1554.jpg\"><img decoding=\"async\" loading=\"lazy\" class=\"alignnone wp-image-620 size-medium\" src=\"https:\/\/tempusfugit.mx\/blogniebla\/wp-content\/uploads\/2022\/06\/IMG_1554-225x300.jpg\" alt=\"\" width=\"225\" height=\"300\" srcset=\"https:\/\/tempusfugit.mx\/blogniebla\/wp-content\/uploads\/2022\/06\/IMG_1554-225x300.jpg 225w, https:\/\/tempusfugit.mx\/blogniebla\/wp-content\/uploads\/2022\/06\/IMG_1554-768x1024.jpg 768w, https:\/\/tempusfugit.mx\/blogniebla\/wp-content\/uploads\/2022\/06\/IMG_1554-750x1000.jpg 750w\" sizes=\"(max-width: 225px) 100vw, 225px\" \/><\/a><\/p>\n<h3>Naves y peces<\/h3>\n<p>Impresi\u00f3n en offset con entramado de alta definici\u00f3n.<br \/>\nEnmarcado en negro.<br \/>\nMedidas 35 x 41 cm.<br \/>\nPieza \u00fanica.<\/p>\n<p>Precio<br \/>\n<strong>$900.00 pesos<\/strong><\/p>\n<p><strong><span style=\"color: #ff0000;\">Vendido<\/span><br \/>\n<\/strong>M\u00e1s costo de env\u00edo en la Rep\u00fablica Mexicana<\/p>\n<p>Sin costo de env\u00edo en la Cd. de Monterrey.<\/p>\n","protected":false},"excerpt":{"rendered":"<p>Algunas de las m\u00e1s famosas obras del grabador holand\u00e9s Mauritius Cornelius Escher. Reproducciones en offset, alta definici\u00f3n, enmarcadas. Piezas \u00fanicas. Env\u00edo solo en la Rep\u00fablica Mexicana. Sin costo de env\u00edo en la Cd de Monterrey. &nbsp; \u00a0 D\u00eda y noche Impresi\u00f3n en offset con entramado de alta definici\u00f3n. Enmarcado en negro. Medidas 35 x 41 [&hellip;]<\/p>\n","protected":false},"author":1,"featured_media":0,"parent":0,"menu_order":0,"comment_status":"open","ping_status":"closed","template":"","meta":[],"_links":{"self":[{"href":"https:\/\/tempusfugit.mx\/blogniebla\/wp-json\/wp\/v2\/pages\/612"}],"collection":[{"href":"https:\/\/tempusfugit.mx\/blogniebla\/wp-json\/wp\/v2\/pages"}],"about":[{"href":"https:\/\/tempusfugit.mx\/blogniebla\/wp-json\/wp\/v2\/types\/page"}],"author":[{"embeddable":true,"href":"https:\/\/tempusfugit.mx\/blogniebla\/wp-json\/wp\/v2\/users\/1"}],"replies":[{"embeddable":true,"href":"https:\/\/tempusfugit.mx\/blogniebla\/wp-json\/wp\/v2\/comments?post=612"}],"version-history":[{"count":13,"href":"https:\/\/tempusfugit.mx\/blogniebla\/wp-json\/wp\/v2\/pages\/612\/revisions"}],"predecessor-version":[{"id":641,"href":"https:\/\/tempusfugit.mx\/blogniebla\/wp-json\/wp\/v2\/pages\/612\/revisions\/641"}],"wp:attachment":[{"href":"https:\/\/tempusfugit.mx\/blogniebla\/wp-json\/wp\/v2\/media?parent=612"}],"curies":[{"name":"wp","href":"https:\/\/api.w.org\/{rel}","templated":true}]}}