{"id":661,"date":"2022-12-12T05:40:41","date_gmt":"2022-12-12T05:40:41","guid":{"rendered":"http:\/\/tempusfugit.mx\/blogniebla\/?page_id=661"},"modified":"2022-12-12T06:37:11","modified_gmt":"2022-12-12T06:37:11","slug":"grabados-hot-stamping-figurines-de-ajedrez","status":"publish","type":"page","link":"https:\/\/tempusfugit.mx\/blogniebla\/grabados-hot-stamping-figurines-de-ajedrez\/","title":{"rendered":"Grabados \u00abHot Stamping\u00bb"},"content":{"rendered":"<h2>Figurines de Ajedrez<\/h2>\n<div style=\"width: 300px;\" class=\"wp-video\"><!--[if lt IE 9]><script>document.createElement('video');<\/script><![endif]-->\n<video class=\"wp-video-shortcode\" id=\"video-661-1\" width=\"300\" height=\"360\" preload=\"metadata\" controls=\"controls\"><source type=\"video\/mp4\" src=\"https:\/\/tempusfugit.mx\/blogniebla\/wp-content\/uploads\/2022\/12\/Figurines-ajedrez-Hot-Stamping.mp4?_=1\" \/><a href=\"https:\/\/tempusfugit.mx\/blogniebla\/wp-content\/uploads\/2022\/12\/Figurines-ajedrez-Hot-Stamping.mp4\">https:\/\/tempusfugit.mx\/blogniebla\/wp-content\/uploads\/2022\/12\/Figurines-ajedrez-Hot-Stamping.mp4<\/a><\/video><\/div>\n<p>&nbsp;<\/p>\n<p><a href=\"https:\/\/tempusfugit.mx\/blogniebla\/wp-content\/uploads\/2022\/12\/IMG_0354.jpg\"><img decoding=\"async\" loading=\"lazy\" class=\"alignnone wp-image-662 size-medium\" src=\"https:\/\/tempusfugit.mx\/blogniebla\/wp-content\/uploads\/2022\/12\/IMG_0354-300x300.jpg\" alt=\"\" width=\"300\" height=\"300\" srcset=\"https:\/\/tempusfugit.mx\/blogniebla\/wp-content\/uploads\/2022\/12\/IMG_0354-300x300.jpg 300w, https:\/\/tempusfugit.mx\/blogniebla\/wp-content\/uploads\/2022\/12\/IMG_0354-150x150.jpg 150w, https:\/\/tempusfugit.mx\/blogniebla\/wp-content\/uploads\/2022\/12\/IMG_0354-768x768.jpg 768w, https:\/\/tempusfugit.mx\/blogniebla\/wp-content\/uploads\/2022\/12\/IMG_0354-1024x1024.jpg 1024w, https:\/\/tempusfugit.mx\/blogniebla\/wp-content\/uploads\/2022\/12\/IMG_0354-750x750.jpg 750w\" sizes=\"(max-width: 300px) 100vw, 300px\" \/><\/a>\u00a0\u00a0<a href=\"https:\/\/tempusfugit.mx\/blogniebla\/wp-content\/uploads\/2022\/12\/IMG_0358.jpg\"><img decoding=\"async\" loading=\"lazy\" class=\"alignnone wp-image-663 size-medium\" src=\"https:\/\/tempusfugit.mx\/blogniebla\/wp-content\/uploads\/2022\/12\/IMG_0358-300x300.jpg\" alt=\"\" width=\"300\" height=\"300\" srcset=\"https:\/\/tempusfugit.mx\/blogniebla\/wp-content\/uploads\/2022\/12\/IMG_0358-300x300.jpg 300w, https:\/\/tempusfugit.mx\/blogniebla\/wp-content\/uploads\/2022\/12\/IMG_0358-150x150.jpg 150w, https:\/\/tempusfugit.mx\/blogniebla\/wp-content\/uploads\/2022\/12\/IMG_0358-768x768.jpg 768w, https:\/\/tempusfugit.mx\/blogniebla\/wp-content\/uploads\/2022\/12\/IMG_0358-1024x1024.jpg 1024w, https:\/\/tempusfugit.mx\/blogniebla\/wp-content\/uploads\/2022\/12\/IMG_0358-750x750.jpg 750w\" sizes=\"(max-width: 300px) 100vw, 300px\" \/><\/a><\/p>\n<p>Una composici\u00f3n con figurines que son usados para jugar ajedrez y para escribir partidas usando s\u00edmbolos.<br \/>\nGrabados en prensa plana con foil color oro\/bronce sobre papel texturizado negro de 200g.<br \/>\nVarias tipograf\u00edas de la composici\u00f3n son dise\u00f1os m\u00edos que se usan en interfases para jugar ajedrez online, combinadas con muchas otras de dise\u00f1os cl\u00e1sicos y algunas vintage.<\/p>\n<p><em><strong>Figurines de Ajedrez (Hot Stamping)<\/strong><\/em><br \/>\nMedidas 30 x 30 cm incluye <em>marialuisa<\/em>.<br \/>\nImpresa en prensa plana sobre cartulina texturizada negra de 200g.<br \/>\nFoil oro\/bronce<br \/>\nSe entrega Certificado de Origen.<br \/>\nPrecio pieza suelta. No incluye marco.<br \/>\n<strong>$560 pesos<br \/>\n<\/strong>Env\u00edo incluido en la Rep\u00fablica Mexicana<\/p>\n<p><a href=\"https:\/\/tempusfugit.mx\/blogniebla\/wp-content\/uploads\/2022\/12\/figurines-negro.png\"><img decoding=\"async\" loading=\"lazy\" class=\"alignnone wp-image-666\" src=\"https:\/\/tempusfugit.mx\/blogniebla\/wp-content\/uploads\/2022\/12\/figurines-negro-300x278.png\" alt=\"\" width=\"316\" height=\"293\" srcset=\"https:\/\/tempusfugit.mx\/blogniebla\/wp-content\/uploads\/2022\/12\/figurines-negro-300x278.png 300w, https:\/\/tempusfugit.mx\/blogniebla\/wp-content\/uploads\/2022\/12\/figurines-negro-768x711.png 768w, https:\/\/tempusfugit.mx\/blogniebla\/wp-content\/uploads\/2022\/12\/figurines-negro-1024x948.png 1024w, https:\/\/tempusfugit.mx\/blogniebla\/wp-content\/uploads\/2022\/12\/figurines-negro-750x694.png 750w\" sizes=\"(max-width: 316px) 100vw, 316px\" \/><\/a><\/p>\n<form action=\"https:\/\/www.paypal.com\/cgi-bin\/webscr\" method=\"post\" target=\"_top\"><input name=\"cmd\" type=\"hidden\" value=\"_s-xclick\" \/><br \/>\n<input name=\"hosted_button_id\" type=\"hidden\" value=\"Y4KVDB2MQA23Q\" \/><br \/>\n<input alt=\"PayPal, la forma m\u00e1s segura y r\u00e1pida de pagar en l\u00ednea.\" name=\"submit\" src=\"https:\/\/www.paypalobjects.com\/es_XC\/MX\/i\/btn\/btn_buynowCC_LG.gif\" type=\"image\" \/><br \/>\n<img decoding=\"async\" loading=\"lazy\" src=\"https:\/\/www.paypalobjects.com\/es_XC\/i\/scr\/pixel.gif\" alt=\"\" width=\"1\" height=\"1\" border=\"0\" \/><\/form>\n<p>&nbsp;<\/p>\n","protected":false},"excerpt":{"rendered":"<p>Figurines de Ajedrez &nbsp; \u00a0\u00a0 Una composici\u00f3n con figurines que son usados para jugar ajedrez y para escribir partidas usando s\u00edmbolos. Grabados en prensa plana con foil color oro\/bronce sobre papel texturizado negro de 200g. Varias tipograf\u00edas de la composici\u00f3n son dise\u00f1os m\u00edos que se usan en interfases para jugar ajedrez online, combinadas con muchas [&hellip;]<\/p>\n","protected":false},"author":1,"featured_media":0,"parent":0,"menu_order":0,"comment_status":"closed","ping_status":"closed","template":"","meta":[],"_links":{"self":[{"href":"https:\/\/tempusfugit.mx\/blogniebla\/wp-json\/wp\/v2\/pages\/661"}],"collection":[{"href":"https:\/\/tempusfugit.mx\/blogniebla\/wp-json\/wp\/v2\/pages"}],"about":[{"href":"https:\/\/tempusfugit.mx\/blogniebla\/wp-json\/wp\/v2\/types\/page"}],"author":[{"embeddable":true,"href":"https:\/\/tempusfugit.mx\/blogniebla\/wp-json\/wp\/v2\/users\/1"}],"replies":[{"embeddable":true,"href":"https:\/\/tempusfugit.mx\/blogniebla\/wp-json\/wp\/v2\/comments?post=661"}],"version-history":[{"count":8,"href":"https:\/\/tempusfugit.mx\/blogniebla\/wp-json\/wp\/v2\/pages\/661\/revisions"}],"predecessor-version":[{"id":677,"href":"https:\/\/tempusfugit.mx\/blogniebla\/wp-json\/wp\/v2\/pages\/661\/revisions\/677"}],"wp:attachment":[{"href":"https:\/\/tempusfugit.mx\/blogniebla\/wp-json\/wp\/v2\/media?parent=661"}],"curies":[{"name":"wp","href":"https:\/\/api.w.org\/{rel}","templated":true}]}}