{"id":689,"date":"2023-05-31T03:00:57","date_gmt":"2023-05-31T03:00:57","guid":{"rendered":"http:\/\/tempusfugit.mx\/blogniebla\/?page_id=689"},"modified":"2024-02-05T02:07:17","modified_gmt":"2024-02-05T02:07:17","slug":"impresion-3d","status":"publish","type":"page","link":"https:\/\/tempusfugit.mx\/blogniebla\/obra-grafica-y-pictorica\/impresion-3d\/","title":{"rendered":"Tienda -Impresi\u00f3n 3d"},"content":{"rendered":"\n<div class=\"wp-block-media-text alignwide is-stacked-on-mobile\" style=\"grid-template-columns:42% auto\"><figure class=\"wp-block-media-text__media\"><video controls src=\"https:\/\/tempusfugit.mx\/blogniebla\/wp-content\/uploads\/2023\/06\/Promo-esculturas-corregido2.mp4\"><\/video><\/figure><div class=\"wp-block-media-text__content\">\n<p><\/p>\n<\/div><\/div>\n\n\n\n<p><strong>Arte fino al alcance de cualquiera.<\/strong><\/p>\n\n\n\n<p>Impresas en 3d con acabados en esmalte y\/o acr\u00edlico.<br>Para regalos, coleccionismo, decoraci\u00f3n.<br><em>Reconocimientos, trofeos, premiaciones.<br>Personalizamos la base con logotipos o textos, para empresas.<br>Reproducciones de esculturas cl\u00e1sicas o arte sobre pedido.<\/em><\/p>\n\n\n\n<h6 class=\"wp-block-heading\"><em><span style=\"color: #800080;\">Clic en la foto para info sobre la pieza.<\/span><\/em><\/h6>\n\n\n\n<figure class=\"wp-block-image alignnone\"><a href=\"https:\/\/tempusfugit.mx\/blogniebla\/torus-mobius\/\"><img decoding=\"async\" loading=\"lazy\" width=\"300\" height=\"300\" src=\"https:\/\/tempusfugit.mx\/blogniebla\/wp-content\/uploads\/2023\/05\/Torus-Mobius-sq1-300x300.jpg\" alt=\"\" class=\"wp-image-703\" srcset=\"https:\/\/tempusfugit.mx\/blogniebla\/wp-content\/uploads\/2023\/05\/Torus-Mobius-sq1-300x300.jpg 300w, https:\/\/tempusfugit.mx\/blogniebla\/wp-content\/uploads\/2023\/05\/Torus-Mobius-sq1-150x150.jpg 150w, https:\/\/tempusfugit.mx\/blogniebla\/wp-content\/uploads\/2023\/05\/Torus-Mobius-sq1-768x768.jpg 768w, https:\/\/tempusfugit.mx\/blogniebla\/wp-content\/uploads\/2023\/05\/Torus-Mobius-sq1-1024x1024.jpg 1024w, https:\/\/tempusfugit.mx\/blogniebla\/wp-content\/uploads\/2023\/05\/Torus-Mobius-sq1-750x750.jpg 750w, https:\/\/tempusfugit.mx\/blogniebla\/wp-content\/uploads\/2023\/05\/Torus-Mobius-sq1.jpg 2034w\" sizes=\"(max-width: 300px) 100vw, 300px\" \/><\/a><figcaption class=\"wp-element-caption\"><a href=\"https:\/\/tempusfugit.mx\/blogniebla\/torus-mobius\/\">Torus Mobius<\/a><\/figcaption><\/figure>\n\n\n\n<figure class=\"wp-block-image alignnone\"><a href=\"https:\/\/tempusfugit.mx\/blogniebla\/metatron\/\"><img decoding=\"async\" loading=\"lazy\" width=\"300\" height=\"300\" src=\"https:\/\/tempusfugit.mx\/blogniebla\/wp-content\/uploads\/2023\/05\/metatron-sq1-300x300.jpg\" alt=\"\" class=\"wp-image-704\" srcset=\"https:\/\/tempusfugit.mx\/blogniebla\/wp-content\/uploads\/2023\/05\/metatron-sq1-300x300.jpg 300w, https:\/\/tempusfugit.mx\/blogniebla\/wp-content\/uploads\/2023\/05\/metatron-sq1-150x150.jpg 150w, https:\/\/tempusfugit.mx\/blogniebla\/wp-content\/uploads\/2023\/05\/metatron-sq1-768x768.jpg 768w, https:\/\/tempusfugit.mx\/blogniebla\/wp-content\/uploads\/2023\/05\/metatron-sq1-1024x1024.jpg 1024w, https:\/\/tempusfugit.mx\/blogniebla\/wp-content\/uploads\/2023\/05\/metatron-sq1-750x750.jpg 750w, https:\/\/tempusfugit.mx\/blogniebla\/wp-content\/uploads\/2023\/05\/metatron-sq1.jpg 1335w\" sizes=\"(max-width: 300px) 100vw, 300px\" \/><\/a><figcaption class=\"wp-element-caption\"><a href=\"https:\/\/tempusfugit.mx\/blogniebla\/metatron\/\">Metatron<\/a><\/figcaption><\/figure>\n\n\n\n<figure class=\"wp-block-image alignnone\"><a href=\"https:\/\/tempusfugit.mx\/blogniebla\/antichron\/\"><img decoding=\"async\" loading=\"lazy\" width=\"300\" height=\"300\" src=\"https:\/\/tempusfugit.mx\/blogniebla\/wp-content\/uploads\/2023\/05\/Antichron-sq1-300x300.jpg\" alt=\"\" class=\"wp-image-709\" srcset=\"https:\/\/tempusfugit.mx\/blogniebla\/wp-content\/uploads\/2023\/05\/Antichron-sq1-300x300.jpg 300w, https:\/\/tempusfugit.mx\/blogniebla\/wp-content\/uploads\/2023\/05\/Antichron-sq1-150x150.jpg 150w, https:\/\/tempusfugit.mx\/blogniebla\/wp-content\/uploads\/2023\/05\/Antichron-sq1-768x768.jpg 768w, https:\/\/tempusfugit.mx\/blogniebla\/wp-content\/uploads\/2023\/05\/Antichron-sq1-1024x1024.jpg 1024w, https:\/\/tempusfugit.mx\/blogniebla\/wp-content\/uploads\/2023\/05\/Antichron-sq1-750x750.jpg 750w, https:\/\/tempusfugit.mx\/blogniebla\/wp-content\/uploads\/2023\/05\/Antichron-sq1.jpg 1026w\" sizes=\"(max-width: 300px) 100vw, 300px\" \/><\/a><figcaption class=\"wp-element-caption\"><a href=\"https:\/\/tempusfugit.mx\/blogniebla\/antichron\/\">Antichron<\/a><\/figcaption><\/figure>\n\n\n\n<figure class=\"wp-block-image alignnone\"><a href=\"https:\/\/tempusfugit.mx\/blogniebla\/lampara-vorodin\/\"><img decoding=\"async\" loading=\"lazy\" width=\"300\" height=\"300\" src=\"https:\/\/tempusfugit.mx\/blogniebla\/wp-content\/uploads\/2023\/05\/Vorodin-sq5-300x300.jpg\" alt=\"\" class=\"wp-image-708\" srcset=\"https:\/\/tempusfugit.mx\/blogniebla\/wp-content\/uploads\/2023\/05\/Vorodin-sq5-300x300.jpg 300w, https:\/\/tempusfugit.mx\/blogniebla\/wp-content\/uploads\/2023\/05\/Vorodin-sq5-150x150.jpg 150w, https:\/\/tempusfugit.mx\/blogniebla\/wp-content\/uploads\/2023\/05\/Vorodin-sq5-768x767.jpg 768w, https:\/\/tempusfugit.mx\/blogniebla\/wp-content\/uploads\/2023\/05\/Vorodin-sq5-1024x1024.jpg 1024w, https:\/\/tempusfugit.mx\/blogniebla\/wp-content\/uploads\/2023\/05\/Vorodin-sq5-750x749.jpg 750w, https:\/\/tempusfugit.mx\/blogniebla\/wp-content\/uploads\/2023\/05\/Vorodin-sq5.jpg 1216w\" sizes=\"(max-width: 300px) 100vw, 300px\" \/><\/a><figcaption class=\"wp-element-caption\"><a href=\"https:\/\/tempusfugit.mx\/blogniebla\/lampara-vorodin\/\">L\u00e1mpara Voronoi<\/a><\/figcaption><\/figure>\n\n\n\n<figure class=\"wp-block-image alignnone\"><a href=\"https:\/\/tempusfugit.mx\/blogniebla\/yayene\/\"><img decoding=\"async\" loading=\"lazy\" width=\"300\" height=\"300\" src=\"https:\/\/tempusfugit.mx\/blogniebla\/wp-content\/uploads\/2023\/05\/yayene-sd1-300x300.jpg\" alt=\"\" class=\"wp-image-711\" srcset=\"https:\/\/tempusfugit.mx\/blogniebla\/wp-content\/uploads\/2023\/05\/yayene-sd1-300x300.jpg 300w, https:\/\/tempusfugit.mx\/blogniebla\/wp-content\/uploads\/2023\/05\/yayene-sd1-150x150.jpg 150w, https:\/\/tempusfugit.mx\/blogniebla\/wp-content\/uploads\/2023\/05\/yayene-sd1-768x767.jpg 768w, https:\/\/tempusfugit.mx\/blogniebla\/wp-content\/uploads\/2023\/05\/yayene-sd1-1024x1024.jpg 1024w, https:\/\/tempusfugit.mx\/blogniebla\/wp-content\/uploads\/2023\/05\/yayene-sd1-750x749.jpg 750w, https:\/\/tempusfugit.mx\/blogniebla\/wp-content\/uploads\/2023\/05\/yayene-sd1.jpg 1310w\" sizes=\"(max-width: 300px) 100vw, 300px\" \/><\/a><figcaption class=\"wp-element-caption\"><a href=\"https:\/\/tempusfugit.mx\/blogniebla\/yayene\/\">Yayene<\/a><\/figcaption><\/figure>\n\n\n\n<figure class=\"wp-block-image alignnone\"><a href=\"https:\/\/tempusfugit.mx\/blogniebla\/pensador-low-poly\/\"><img decoding=\"async\" loading=\"lazy\" width=\"300\" height=\"300\" src=\"https:\/\/tempusfugit.mx\/blogniebla\/wp-content\/uploads\/2023\/05\/pensador-sq1-300x300.jpg\" alt=\"\" class=\"wp-image-713\" srcset=\"https:\/\/tempusfugit.mx\/blogniebla\/wp-content\/uploads\/2023\/05\/pensador-sq1-300x300.jpg 300w, https:\/\/tempusfugit.mx\/blogniebla\/wp-content\/uploads\/2023\/05\/pensador-sq1-150x150.jpg 150w, https:\/\/tempusfugit.mx\/blogniebla\/wp-content\/uploads\/2023\/05\/pensador-sq1-768x768.jpg 768w, https:\/\/tempusfugit.mx\/blogniebla\/wp-content\/uploads\/2023\/05\/pensador-sq1-1024x1024.jpg 1024w, https:\/\/tempusfugit.mx\/blogniebla\/wp-content\/uploads\/2023\/05\/pensador-sq1-750x750.jpg 750w, https:\/\/tempusfugit.mx\/blogniebla\/wp-content\/uploads\/2023\/05\/pensador-sq1.jpg 1836w\" sizes=\"(max-width: 300px) 100vw, 300px\" \/><\/a><figcaption class=\"wp-element-caption\"><a href=\"https:\/\/tempusfugit.mx\/blogniebla\/pensador-low-poly\/\">El Pensador <em>Low Poly<\/em><\/a><\/figcaption><\/figure>\n\n\n\n<figure class=\"wp-block-image alignnone\"><a href=\"https:\/\/tempusfugit.mx\/blogniebla\/venus-de-milo-low-poly\/\"><img decoding=\"async\" loading=\"lazy\" width=\"300\" height=\"300\" src=\"https:\/\/tempusfugit.mx\/blogniebla\/wp-content\/uploads\/2023\/05\/Venus-sq1-300x300.jpg\" alt=\"\" class=\"wp-image-714\" srcset=\"https:\/\/tempusfugit.mx\/blogniebla\/wp-content\/uploads\/2023\/05\/Venus-sq1-300x300.jpg 300w, https:\/\/tempusfugit.mx\/blogniebla\/wp-content\/uploads\/2023\/05\/Venus-sq1-150x150.jpg 150w, https:\/\/tempusfugit.mx\/blogniebla\/wp-content\/uploads\/2023\/05\/Venus-sq1-768x768.jpg 768w, https:\/\/tempusfugit.mx\/blogniebla\/wp-content\/uploads\/2023\/05\/Venus-sq1-1024x1024.jpg 1024w, https:\/\/tempusfugit.mx\/blogniebla\/wp-content\/uploads\/2023\/05\/Venus-sq1-750x750.jpg 750w, https:\/\/tempusfugit.mx\/blogniebla\/wp-content\/uploads\/2023\/05\/Venus-sq1.jpg 1878w\" sizes=\"(max-width: 300px) 100vw, 300px\" \/><\/a><figcaption class=\"wp-element-caption\"><a href=\"https:\/\/tempusfugit.mx\/blogniebla\/venus-de-milo-low-poly\/\">Venus de Milo <em>Low Poly<\/em><\/a><\/figcaption><\/figure>\n\n\n\n<h2 class=\"wp-block-heading has-vivid-purple-color has-text-color\">Nuevas en la colecci\u00f3n:<\/h2>\n\n\n\n<div class=\"wp-block-media-text alignwide is-stacked-on-mobile\" style=\"grid-template-columns:35% auto\"><figure class=\"wp-block-media-text__media\"><a href=\"https:\/\/tempusfugit.mx\/blogniebla\/victoria-alada-de-samotracia\/\"><img decoding=\"async\" loading=\"lazy\" width=\"1024\" height=\"1024\" src=\"https:\/\/tempusfugit.mx\/blogniebla\/wp-content\/uploads\/2023\/06\/DSC01386-sqr1-1024x1024.jpg\" alt=\"\" class=\"wp-image-1102 size-full\" srcset=\"https:\/\/tempusfugit.mx\/blogniebla\/wp-content\/uploads\/2023\/06\/DSC01386-sqr1-1024x1024.jpg 1024w, https:\/\/tempusfugit.mx\/blogniebla\/wp-content\/uploads\/2023\/06\/DSC01386-sqr1-300x300.jpg 300w, https:\/\/tempusfugit.mx\/blogniebla\/wp-content\/uploads\/2023\/06\/DSC01386-sqr1-150x150.jpg 150w, https:\/\/tempusfugit.mx\/blogniebla\/wp-content\/uploads\/2023\/06\/DSC01386-sqr1-768x768.jpg 768w, https:\/\/tempusfugit.mx\/blogniebla\/wp-content\/uploads\/2023\/06\/DSC01386-sqr1-1536x1536.jpg 1536w, https:\/\/tempusfugit.mx\/blogniebla\/wp-content\/uploads\/2023\/06\/DSC01386-sqr1-2048x2048.jpg 2048w, https:\/\/tempusfugit.mx\/blogniebla\/wp-content\/uploads\/2023\/06\/DSC01386-sqr1-750x750.jpg 750w\" sizes=\"(max-width: 1024px) 100vw, 1024px\" \/><\/a><\/figure><div class=\"wp-block-media-text__content\">\n<p><a href=\"https:\/\/tempusfugit.mx\/blogniebla\/victoria-alada-de-samotracia\/\" data-type=\"page\" data-id=\"1097\">Victoria Alada de Samotracia<\/a><\/p>\n<\/div><\/div>\n\n\n\n<p><\/p>\n\n\n\n<p class=\"has-vivid-purple-color has-text-color has-medium-font-size\"><strong>Colecci\u00f3n <em>Dasigna<\/em><\/strong><br><strong>Piezas escult\u00f3ricas imitaci\u00f3n piedra<\/strong><\/p>\n\n\n\n<p><img decoding=\"async\" loading=\"lazy\" width=\"3100\" height=\"3100\" class=\"wp-image-1129\" style=\"width: 250px;\" src=\"https:\/\/tempusfugit.mx\/blogniebla\/wp-content\/uploads\/2024\/02\/TorusMobius-SQ.png\" alt=\"\" srcset=\"https:\/\/tempusfugit.mx\/blogniebla\/wp-content\/uploads\/2024\/02\/TorusMobius-SQ.png 3100w, https:\/\/tempusfugit.mx\/blogniebla\/wp-content\/uploads\/2024\/02\/TorusMobius-SQ-300x300.png 300w, https:\/\/tempusfugit.mx\/blogniebla\/wp-content\/uploads\/2024\/02\/TorusMobius-SQ-1024x1024.png 1024w, https:\/\/tempusfugit.mx\/blogniebla\/wp-content\/uploads\/2024\/02\/TorusMobius-SQ-150x150.png 150w, https:\/\/tempusfugit.mx\/blogniebla\/wp-content\/uploads\/2024\/02\/TorusMobius-SQ-768x768.png 768w, https:\/\/tempusfugit.mx\/blogniebla\/wp-content\/uploads\/2024\/02\/TorusMobius-SQ-1536x1536.png 1536w, https:\/\/tempusfugit.mx\/blogniebla\/wp-content\/uploads\/2024\/02\/TorusMobius-SQ-2048x2048.png 2048w, https:\/\/tempusfugit.mx\/blogniebla\/wp-content\/uploads\/2024\/02\/TorusMobius-SQ-750x750.png 750w\" sizes=\"(max-width: 3100px) 100vw, 3100px\" \/> <img decoding=\"async\" loading=\"lazy\" width=\"3264\" height=\"3264\" class=\"wp-image-1128\" style=\"width: 250px;\" src=\"https:\/\/tempusfugit.mx\/blogniebla\/wp-content\/uploads\/2024\/02\/autogiroSQ.png\" alt=\"\" srcset=\"https:\/\/tempusfugit.mx\/blogniebla\/wp-content\/uploads\/2024\/02\/autogiroSQ.png 3264w, https:\/\/tempusfugit.mx\/blogniebla\/wp-content\/uploads\/2024\/02\/autogiroSQ-300x300.png 300w, https:\/\/tempusfugit.mx\/blogniebla\/wp-content\/uploads\/2024\/02\/autogiroSQ-1024x1024.png 1024w, https:\/\/tempusfugit.mx\/blogniebla\/wp-content\/uploads\/2024\/02\/autogiroSQ-150x150.png 150w, https:\/\/tempusfugit.mx\/blogniebla\/wp-content\/uploads\/2024\/02\/autogiroSQ-768x768.png 768w, https:\/\/tempusfugit.mx\/blogniebla\/wp-content\/uploads\/2024\/02\/autogiroSQ-1536x1536.png 1536w, https:\/\/tempusfugit.mx\/blogniebla\/wp-content\/uploads\/2024\/02\/autogiroSQ-2048x2048.png 2048w, https:\/\/tempusfugit.mx\/blogniebla\/wp-content\/uploads\/2024\/02\/autogiroSQ-750x750.png 750w\" sizes=\"(max-width: 3264px) 100vw, 3264px\" \/><\/p>\n\n\n\n<p> <img decoding=\"async\" loading=\"lazy\" width=\"3264\" height=\"3264\" class=\"wp-image-1127\" style=\"width: 250px;\" src=\"https:\/\/tempusfugit.mx\/blogniebla\/wp-content\/uploads\/2024\/02\/ParejaSQ.png\" alt=\"\" srcset=\"https:\/\/tempusfugit.mx\/blogniebla\/wp-content\/uploads\/2024\/02\/ParejaSQ.png 3264w, https:\/\/tempusfugit.mx\/blogniebla\/wp-content\/uploads\/2024\/02\/ParejaSQ-300x300.png 300w, https:\/\/tempusfugit.mx\/blogniebla\/wp-content\/uploads\/2024\/02\/ParejaSQ-1024x1024.png 1024w, https:\/\/tempusfugit.mx\/blogniebla\/wp-content\/uploads\/2024\/02\/ParejaSQ-150x150.png 150w, https:\/\/tempusfugit.mx\/blogniebla\/wp-content\/uploads\/2024\/02\/ParejaSQ-768x768.png 768w, https:\/\/tempusfugit.mx\/blogniebla\/wp-content\/uploads\/2024\/02\/ParejaSQ-1536x1536.png 1536w, https:\/\/tempusfugit.mx\/blogniebla\/wp-content\/uploads\/2024\/02\/ParejaSQ-2048x2048.png 2048w, https:\/\/tempusfugit.mx\/blogniebla\/wp-content\/uploads\/2024\/02\/ParejaSQ-750x750.png 750w\" sizes=\"(max-width: 3264px) 100vw, 3264px\" \/> <img decoding=\"async\" loading=\"lazy\" width=\"3264\" height=\"3264\" class=\"wp-image-1126\" style=\"width: 250px;\" src=\"https:\/\/tempusfugit.mx\/blogniebla\/wp-content\/uploads\/2024\/02\/Anthicron-Colgante-SQ.png\" alt=\"\" srcset=\"https:\/\/tempusfugit.mx\/blogniebla\/wp-content\/uploads\/2024\/02\/Anthicron-Colgante-SQ.png 3264w, https:\/\/tempusfugit.mx\/blogniebla\/wp-content\/uploads\/2024\/02\/Anthicron-Colgante-SQ-300x300.png 300w, https:\/\/tempusfugit.mx\/blogniebla\/wp-content\/uploads\/2024\/02\/Anthicron-Colgante-SQ-1024x1024.png 1024w, https:\/\/tempusfugit.mx\/blogniebla\/wp-content\/uploads\/2024\/02\/Anthicron-Colgante-SQ-150x150.png 150w, https:\/\/tempusfugit.mx\/blogniebla\/wp-content\/uploads\/2024\/02\/Anthicron-Colgante-SQ-768x768.png 768w, https:\/\/tempusfugit.mx\/blogniebla\/wp-content\/uploads\/2024\/02\/Anthicron-Colgante-SQ-1536x1536.png 1536w, https:\/\/tempusfugit.mx\/blogniebla\/wp-content\/uploads\/2024\/02\/Anthicron-Colgante-SQ-2048x2048.png 2048w, https:\/\/tempusfugit.mx\/blogniebla\/wp-content\/uploads\/2024\/02\/Anthicron-Colgante-SQ-750x750.png 750w\" sizes=\"(max-width: 3264px) 100vw, 3264px\" \/> <\/p>\n\n\n\n<p><img decoding=\"async\" loading=\"lazy\" width=\"3004\" height=\"3004\" class=\"wp-image-1125\" style=\"width: 250px;\" src=\"https:\/\/tempusfugit.mx\/blogniebla\/wp-content\/uploads\/2024\/02\/Doppelganger-SQ.png\" alt=\"\" srcset=\"https:\/\/tempusfugit.mx\/blogniebla\/wp-content\/uploads\/2024\/02\/Doppelganger-SQ.png 3004w, https:\/\/tempusfugit.mx\/blogniebla\/wp-content\/uploads\/2024\/02\/Doppelganger-SQ-300x300.png 300w, https:\/\/tempusfugit.mx\/blogniebla\/wp-content\/uploads\/2024\/02\/Doppelganger-SQ-1024x1024.png 1024w, https:\/\/tempusfugit.mx\/blogniebla\/wp-content\/uploads\/2024\/02\/Doppelganger-SQ-150x150.png 150w, https:\/\/tempusfugit.mx\/blogniebla\/wp-content\/uploads\/2024\/02\/Doppelganger-SQ-768x768.png 768w, https:\/\/tempusfugit.mx\/blogniebla\/wp-content\/uploads\/2024\/02\/Doppelganger-SQ-1536x1536.png 1536w, https:\/\/tempusfugit.mx\/blogniebla\/wp-content\/uploads\/2024\/02\/Doppelganger-SQ-2048x2048.png 2048w, https:\/\/tempusfugit.mx\/blogniebla\/wp-content\/uploads\/2024\/02\/Doppelganger-SQ-750x750.png 750w\" sizes=\"(max-width: 3004px) 100vw, 3004px\" \/> <img decoding=\"async\" loading=\"lazy\" width=\"3264\" height=\"3264\" class=\"wp-image-1131\" style=\"width: 250px;\" src=\"https:\/\/tempusfugit.mx\/blogniebla\/wp-content\/uploads\/2024\/02\/Metatron-2-SQ.png\" alt=\"\" srcset=\"https:\/\/tempusfugit.mx\/blogniebla\/wp-content\/uploads\/2024\/02\/Metatron-2-SQ.png 3264w, https:\/\/tempusfugit.mx\/blogniebla\/wp-content\/uploads\/2024\/02\/Metatron-2-SQ-300x300.png 300w, https:\/\/tempusfugit.mx\/blogniebla\/wp-content\/uploads\/2024\/02\/Metatron-2-SQ-1024x1024.png 1024w, https:\/\/tempusfugit.mx\/blogniebla\/wp-content\/uploads\/2024\/02\/Metatron-2-SQ-150x150.png 150w, https:\/\/tempusfugit.mx\/blogniebla\/wp-content\/uploads\/2024\/02\/Metatron-2-SQ-768x768.png 768w, https:\/\/tempusfugit.mx\/blogniebla\/wp-content\/uploads\/2024\/02\/Metatron-2-SQ-1536x1536.png 1536w, https:\/\/tempusfugit.mx\/blogniebla\/wp-content\/uploads\/2024\/02\/Metatron-2-SQ-2048x2048.png 2048w, https:\/\/tempusfugit.mx\/blogniebla\/wp-content\/uploads\/2024\/02\/Metatron-2-SQ-750x750.png 750w\" sizes=\"(max-width: 3264px) 100vw, 3264px\" \/><br><strong> <\/strong><\/p>\n\n\n\n<h3 class=\"wp-block-heading has-vivid-purple-color has-text-color\"><strong>Para modelos no escult\u00f3ricos impresos en 3d de NieblaMorada<br>visita<\/strong><\/h3>\n\n\n\n<h2 class=\"wp-block-heading\"><a href=\"https:\/\/tempusfugit.mx\/blogniebla\/miscelanea-3d\/\" data-type=\"page\" data-id=\"945\">Miscelanea 3d<\/a><\/h2>\n\n\n\n<p>Diversos modelos impresos en 3d disponibles en el cat\u00e1lgo de Niebla Morada<br>\u00a1Escoge el tuyo!<\/p>\n","protected":false},"excerpt":{"rendered":"<p>Arte fino al alcance de cualquiera. Impresas en 3d con acabados en esmalte y\/o acr\u00edlico.Para regalos, coleccionismo, decoraci\u00f3n.Reconocimientos, trofeos, premiaciones.Personalizamos la base con logotipos o textos, para empresas.Reproducciones de esculturas cl\u00e1sicas o arte sobre pedido. Clic en la foto para info sobre la pieza. Nuevas en la colecci\u00f3n: Victoria Alada de Samotracia Colecci\u00f3n DasignaPiezas escult\u00f3ricas [&hellip;]<\/p>\n","protected":false},"author":1,"featured_media":0,"parent":349,"menu_order":0,"comment_status":"closed","ping_status":"closed","template":"page_fullwidth.php","meta":[],"_links":{"self":[{"href":"https:\/\/tempusfugit.mx\/blogniebla\/wp-json\/wp\/v2\/pages\/689"}],"collection":[{"href":"https:\/\/tempusfugit.mx\/blogniebla\/wp-json\/wp\/v2\/pages"}],"about":[{"href":"https:\/\/tempusfugit.mx\/blogniebla\/wp-json\/wp\/v2\/types\/page"}],"author":[{"embeddable":true,"href":"https:\/\/tempusfugit.mx\/blogniebla\/wp-json\/wp\/v2\/users\/1"}],"replies":[{"embeddable":true,"href":"https:\/\/tempusfugit.mx\/blogniebla\/wp-json\/wp\/v2\/comments?post=689"}],"version-history":[{"count":37,"href":"https:\/\/tempusfugit.mx\/blogniebla\/wp-json\/wp\/v2\/pages\/689\/revisions"}],"predecessor-version":[{"id":1124,"href":"https:\/\/tempusfugit.mx\/blogniebla\/wp-json\/wp\/v2\/pages\/689\/revisions\/1124"}],"up":[{"embeddable":true,"href":"https:\/\/tempusfugit.mx\/blogniebla\/wp-json\/wp\/v2\/pages\/349"}],"wp:attachment":[{"href":"https:\/\/tempusfugit.mx\/blogniebla\/wp-json\/wp\/v2\/media?parent=689"}],"curies":[{"name":"wp","href":"https:\/\/api.w.org\/{rel}","templated":true}]}}