{"id":726,"date":"2023-05-31T16:31:52","date_gmt":"2023-05-31T16:31:52","guid":{"rendered":"http:\/\/tempusfugit.mx\/blogniebla\/?page_id=726"},"modified":"2023-06-05T21:38:43","modified_gmt":"2023-06-05T21:38:43","slug":"torus-mobius","status":"publish","type":"page","link":"https:\/\/tempusfugit.mx\/blogniebla\/torus-mobius\/","title":{"rendered":"Torus Mobius"},"content":{"rendered":"<div class=\"slider-wrapper theme-default\"><div class=\"ribbon\"><\/div><div id=\"nivoslider-9igGX-729\" class=\"nivoSlider\"><img src=\"https:\/\/tempusfugit.mx\/blogniebla\/wp-content\/uploads\/2023\/05\/Torus-Mobius-sq1-1-1024x1024.jpg\" alt=\"\" \/><img src=\"https:\/\/tempusfugit.mx\/blogniebla\/wp-content\/uploads\/2023\/05\/Torus-Mobius-sq2-1024x1024.jpg\" alt=\"\" \/><img src=\"https:\/\/tempusfugit.mx\/blogniebla\/wp-content\/uploads\/2023\/05\/Torus-Mobius-sq3-1024x1024.jpg\" alt=\"\" \/><img src=\"https:\/\/tempusfugit.mx\/blogniebla\/wp-content\/uploads\/2023\/05\/Torus-Mobius-sq4-1024x1024.jpg\" alt=\"\" \/><\/div><\/div><script type=\"text\/javascript\">\njQuery(window).load(function(){\n    jQuery(\"#nivoslider-9igGX-729\").nivoSlider({\n        effect:\"fade\",\n        slices:15,\n        boxCols:8,\n        boxRows:4,\n        animSpeed:500,\n        pauseTime:3000,\n        startSlide:0,\n        directionNav:true,\n        controlNav:true,\n        controlNavThumbs:false,\n        pauseOnHover:true,\n        manualAdvance:false\n    });\n});\n<\/script>\n\n<p>Escultura creada a partir de una f\u00f3rmula matem\u00e1tica.<br>Impresa en material PLA con acabado acr\u00edlico.<\/p>\n<p>Para uso en interiores.<br><strong>Medidas<\/strong>: 18 cm x 14.5 cm<br><strong>Costo por pieza<\/strong>: <strong>$550.00&nbsp;<br><\/strong><br>Entrega gratuita en la Cd. de Monterrey, NL M\u00e9xico.<br><strong>Tiempo de entrega<\/strong> 5 d\u00edas h\u00e1biles despu\u00e9s de recibir el pago.<br>En pedidos de m\u00e1s de dos piezas es de 10 d\u00edas h\u00e1biles.<br><strong>Para env\u00edos fuera de Monterrey<\/strong>&nbsp;favor de enviar email con datos del sitio de recepci\u00f3n para realizar un presupuesto.<br><strong>Pedidos de m\u00e1s de 5 piezas<\/strong> favor de enviar email con datos del sitio de recepci\u00f3n para realizar un presupuesto.<\/p>\n<p><\/p>\n<h3><strong>COMPRAR<\/strong><\/h3>\n<p>Solicite un formato de pago PayPal, llenando el siguiente formulario, con el que podr\u00e1 pagar con Tarjeta de Cr\u00e9dito o con su cuenta PayPal.<br>Le ser\u00e1 enviado un correo electr\u00f3nico con el formato.<\/p>\n<h2 style=\"text-align: center;\"><span style=\"color: #ff6600;\"><strong>Solicitud de Formato de Pago <\/strong><\/span><img decoding=\"async\" loading=\"lazy\" class=\"wp-image-745 aligncenter\" src=\"https:\/\/tempusfugit.mx\/blogniebla\/wp-content\/uploads\/2023\/05\/logo-Paypal-300x169.png\" alt=\"\" width=\"125\" height=\"70\" srcset=\"https:\/\/tempusfugit.mx\/blogniebla\/wp-content\/uploads\/2023\/05\/logo-Paypal-300x169.png 300w, https:\/\/tempusfugit.mx\/blogniebla\/wp-content\/uploads\/2023\/05\/logo-Paypal-768x432.png 768w, https:\/\/tempusfugit.mx\/blogniebla\/wp-content\/uploads\/2023\/05\/logo-Paypal-1024x576.png 1024w, https:\/\/tempusfugit.mx\/blogniebla\/wp-content\/uploads\/2023\/05\/logo-Paypal-750x422.png 750w\" sizes=\"(max-width: 125px) 100vw, 125px\" \/><\/h2>\n\n\n<div class=\"wp-block-contact-form-7-contact-form-selector\">\n<div class=\"wpcf7 no-js\" id=\"wpcf7-f821-o1\" lang=\"es-ES\" dir=\"ltr\">\n<div class=\"screen-reader-response\"><p role=\"status\" aria-live=\"polite\" aria-atomic=\"true\"><\/p> <ul><\/ul><\/div>\n<form action=\"\/blogniebla\/wp-json\/wp\/v2\/pages\/726#wpcf7-f821-o1\" method=\"post\" class=\"wpcf7-form init\" aria-label=\"Formulario de contacto\" novalidate=\"novalidate\" data-status=\"init\">\n<div style=\"display: none;\">\n<input type=\"hidden\" name=\"_wpcf7\" value=\"821\" \/>\n<input type=\"hidden\" name=\"_wpcf7_version\" value=\"5.7.7\" \/>\n<input type=\"hidden\" name=\"_wpcf7_locale\" value=\"es_ES\" \/>\n<input type=\"hidden\" name=\"_wpcf7_unit_tag\" value=\"wpcf7-f821-o1\" \/>\n<input type=\"hidden\" name=\"_wpcf7_container_post\" value=\"0\" \/>\n<input type=\"hidden\" name=\"_wpcf7_posted_data_hash\" value=\"\" \/>\n<\/div>\n<p><label> Tu nombre<br \/>\n<span class=\"wpcf7-form-control-wrap\" data-name=\"your-name\"><input size=\"40\" class=\"wpcf7-form-control wpcf7-text wpcf7-validates-as-required\" autocomplete=\"name\" aria-required=\"true\" aria-invalid=\"false\" value=\"\" type=\"text\" name=\"your-name\" \/><\/span> <\/label>\n<\/p>\n<p><label> Tu correo electr\u00f3nico<br \/>\n<span class=\"wpcf7-form-control-wrap\" data-name=\"your-email\"><input size=\"40\" class=\"wpcf7-form-control wpcf7-text wpcf7-email wpcf7-validates-as-required wpcf7-validates-as-email\" autocomplete=\"email\" aria-required=\"true\" aria-invalid=\"false\" value=\"\" type=\"email\" name=\"your-email\" \/><\/span> <\/label>\n<\/p>\n<p><label> Escribe el nombre de la pieza como confirmaci\u00f3n: Torus Mobius<br \/>\n<span class=\"wpcf7-form-control-wrap\" data-name=\"your-subject\"><input size=\"40\" class=\"wpcf7-form-control wpcf7-text wpcf7-validates-as-required\" aria-required=\"true\" aria-invalid=\"false\" value=\"\" type=\"text\" name=\"your-subject\" \/><\/span> <\/label>\n<\/p>\n<p><label> Direcci\u00f3n completa para env\u00edo de la pieza<br \/>\n<span class=\"wpcf7-form-control-wrap\" data-name=\"your-message\"><textarea cols=\"40\" rows=\"10\" class=\"wpcf7-form-control wpcf7-textarea\" aria-invalid=\"false\" name=\"your-message\"><\/textarea><\/span> <\/label><br \/>\nEscoge la cantidad de piezas<br \/>\n<span class=\"wpcf7-form-control-wrap\" data-name=\"checkbox-165\"><span class=\"wpcf7-form-control wpcf7-checkbox wpcf7-validates-as-required wpcf7-exclusive-checkbox\"><span class=\"wpcf7-list-item first\"><label><input type=\"checkbox\" name=\"checkbox-165\" value=\"1\" \/><span class=\"wpcf7-list-item-label\">1<\/span><\/label><\/span><span class=\"wpcf7-list-item\"><label><input type=\"checkbox\" name=\"checkbox-165\" value=\"2\" \/><span class=\"wpcf7-list-item-label\">2<\/span><\/label><\/span><span class=\"wpcf7-list-item\"><label><input type=\"checkbox\" name=\"checkbox-165\" value=\"3\" \/><span class=\"wpcf7-list-item-label\">3<\/span><\/label><\/span><span class=\"wpcf7-list-item\"><label><input type=\"checkbox\" name=\"checkbox-165\" value=\"4\" \/><span class=\"wpcf7-list-item-label\">4<\/span><\/label><\/span><span class=\"wpcf7-list-item last\"><label><input type=\"checkbox\" name=\"checkbox-165\" value=\"5\" \/><span class=\"wpcf7-list-item-label\">5<\/span><\/label><\/span><\/span><\/span>\n<\/p>\n<p><input class=\"wpcf7-form-control has-spinner wpcf7-submit\" type=\"submit\" value=\"Enviar\" \/>\n<\/p><div class=\"wpcf7-response-output\" aria-hidden=\"true\"><\/div>\n<\/form>\n<\/div>\n<\/div>\n\n\n\n<h2 class=\"wp-block-heading has-luminous-vivid-orange-color has-text-color\"><strong>Quiz\u00e1s le interesen otras esculturas impresas en 3d<\/strong><\/h2>\n\n\n\n<p><strong>Arte fino al alcance de cualquiera.<\/strong><\/p>\n\n\n\n<p>Impresas en 3d con acabados en esmalte y\/o acr\u00edlico.<br>Para regalos, coleccionismo, decoraci\u00f3n.<br><em>Reconocimientos, trofeos, premiaciones.<br>Personalizamos la base con logotipos o textos, para empresas.<br>Reproducciones de esculturas cl\u00e1sicas o arte sobre pedido.<\/em><\/p>\n\n\n\n<h6 class=\"wp-block-heading\"><em>Clic en la foto para info sobre la pieza.<\/em><\/h6>\n\n\n\n<figure class=\"wp-block-image alignnone is-resized\"><a href=\"https:\/\/tempusfugit.mx\/blogniebla\/torus-mobius\/\"><img decoding=\"async\" loading=\"lazy\" src=\"https:\/\/tempusfugit.mx\/blogniebla\/wp-content\/uploads\/2023\/05\/Torus-Mobius-sq1-300x300.jpg\" alt=\"\" class=\"wp-image-703\" width=\"120\" height=\"120\" srcset=\"https:\/\/tempusfugit.mx\/blogniebla\/wp-content\/uploads\/2023\/05\/Torus-Mobius-sq1-300x300.jpg 300w, https:\/\/tempusfugit.mx\/blogniebla\/wp-content\/uploads\/2023\/05\/Torus-Mobius-sq1-150x150.jpg 150w, https:\/\/tempusfugit.mx\/blogniebla\/wp-content\/uploads\/2023\/05\/Torus-Mobius-sq1-768x768.jpg 768w, https:\/\/tempusfugit.mx\/blogniebla\/wp-content\/uploads\/2023\/05\/Torus-Mobius-sq1-1024x1024.jpg 1024w, https:\/\/tempusfugit.mx\/blogniebla\/wp-content\/uploads\/2023\/05\/Torus-Mobius-sq1-750x750.jpg 750w, https:\/\/tempusfugit.mx\/blogniebla\/wp-content\/uploads\/2023\/05\/Torus-Mobius-sq1.jpg 2034w\" sizes=\"(max-width: 120px) 100vw, 120px\" \/><\/a><figcaption class=\"wp-element-caption\"><a href=\"https:\/\/tempusfugit.mx\/blogniebla\/torus-mobius\/\">Torus Mobius<\/a><\/figcaption><\/figure>\n\n\n\n<figure class=\"wp-block-image alignnone is-resized\"><a href=\"https:\/\/tempusfugit.mx\/blogniebla\/metatron\/\"><img decoding=\"async\" loading=\"lazy\" src=\"https:\/\/tempusfugit.mx\/blogniebla\/wp-content\/uploads\/2023\/05\/metatron-sq1-300x300.jpg\" alt=\"\" class=\"wp-image-704\" width=\"120\" height=\"120\" srcset=\"https:\/\/tempusfugit.mx\/blogniebla\/wp-content\/uploads\/2023\/05\/metatron-sq1-300x300.jpg 300w, https:\/\/tempusfugit.mx\/blogniebla\/wp-content\/uploads\/2023\/05\/metatron-sq1-150x150.jpg 150w, https:\/\/tempusfugit.mx\/blogniebla\/wp-content\/uploads\/2023\/05\/metatron-sq1-768x768.jpg 768w, https:\/\/tempusfugit.mx\/blogniebla\/wp-content\/uploads\/2023\/05\/metatron-sq1-1024x1024.jpg 1024w, https:\/\/tempusfugit.mx\/blogniebla\/wp-content\/uploads\/2023\/05\/metatron-sq1-750x750.jpg 750w, https:\/\/tempusfugit.mx\/blogniebla\/wp-content\/uploads\/2023\/05\/metatron-sq1.jpg 1335w\" sizes=\"(max-width: 120px) 100vw, 120px\" \/><\/a><figcaption class=\"wp-element-caption\"><a href=\"https:\/\/tempusfugit.mx\/blogniebla\/metatron\/\">Metatron<\/a><\/figcaption><\/figure>\n\n\n\n<figure class=\"wp-block-image alignnone is-resized\"><a href=\"https:\/\/tempusfugit.mx\/blogniebla\/antichron\/\"><img decoding=\"async\" loading=\"lazy\" src=\"https:\/\/tempusfugit.mx\/blogniebla\/wp-content\/uploads\/2023\/05\/Antichron-sq1-300x300.jpg\" alt=\"\" class=\"wp-image-709\" width=\"120\" height=\"120\" srcset=\"https:\/\/tempusfugit.mx\/blogniebla\/wp-content\/uploads\/2023\/05\/Antichron-sq1-300x300.jpg 300w, https:\/\/tempusfugit.mx\/blogniebla\/wp-content\/uploads\/2023\/05\/Antichron-sq1-150x150.jpg 150w, https:\/\/tempusfugit.mx\/blogniebla\/wp-content\/uploads\/2023\/05\/Antichron-sq1-768x768.jpg 768w, https:\/\/tempusfugit.mx\/blogniebla\/wp-content\/uploads\/2023\/05\/Antichron-sq1-1024x1024.jpg 1024w, https:\/\/tempusfugit.mx\/blogniebla\/wp-content\/uploads\/2023\/05\/Antichron-sq1-750x750.jpg 750w, https:\/\/tempusfugit.mx\/blogniebla\/wp-content\/uploads\/2023\/05\/Antichron-sq1.jpg 1026w\" sizes=\"(max-width: 120px) 100vw, 120px\" \/><\/a><figcaption class=\"wp-element-caption\"><a href=\"https:\/\/tempusfugit.mx\/blogniebla\/antichron\/\">Antichron<\/a><\/figcaption><\/figure>\n\n\n\n<figure class=\"wp-block-image alignnone is-resized\"><a href=\"https:\/\/tempusfugit.mx\/blogniebla\/lampara-vorodin\/\"><img decoding=\"async\" loading=\"lazy\" src=\"https:\/\/tempusfugit.mx\/blogniebla\/wp-content\/uploads\/2023\/05\/Vorodin-sq5-300x300.jpg\" alt=\"\" class=\"wp-image-708\" width=\"120\" height=\"120\" srcset=\"https:\/\/tempusfugit.mx\/blogniebla\/wp-content\/uploads\/2023\/05\/Vorodin-sq5-300x300.jpg 300w, https:\/\/tempusfugit.mx\/blogniebla\/wp-content\/uploads\/2023\/05\/Vorodin-sq5-150x150.jpg 150w, https:\/\/tempusfugit.mx\/blogniebla\/wp-content\/uploads\/2023\/05\/Vorodin-sq5-768x767.jpg 768w, https:\/\/tempusfugit.mx\/blogniebla\/wp-content\/uploads\/2023\/05\/Vorodin-sq5-1024x1024.jpg 1024w, https:\/\/tempusfugit.mx\/blogniebla\/wp-content\/uploads\/2023\/05\/Vorodin-sq5-750x749.jpg 750w, https:\/\/tempusfugit.mx\/blogniebla\/wp-content\/uploads\/2023\/05\/Vorodin-sq5.jpg 1216w\" sizes=\"(max-width: 120px) 100vw, 120px\" \/><\/a><figcaption class=\"wp-element-caption\"><a href=\"https:\/\/tempusfugit.mx\/blogniebla\/lampara-vorodin\/\">L\u00e1mpara Voronoi<\/a><\/figcaption><\/figure>\n\n\n\n<figure class=\"wp-block-image alignnone is-resized\"><a href=\"https:\/\/tempusfugit.mx\/blogniebla\/yayene\/\"><img decoding=\"async\" loading=\"lazy\" src=\"https:\/\/tempusfugit.mx\/blogniebla\/wp-content\/uploads\/2023\/05\/yayene-sd1-300x300.jpg\" alt=\"\" class=\"wp-image-711\" width=\"120\" height=\"120\" srcset=\"https:\/\/tempusfugit.mx\/blogniebla\/wp-content\/uploads\/2023\/05\/yayene-sd1-300x300.jpg 300w, https:\/\/tempusfugit.mx\/blogniebla\/wp-content\/uploads\/2023\/05\/yayene-sd1-150x150.jpg 150w, https:\/\/tempusfugit.mx\/blogniebla\/wp-content\/uploads\/2023\/05\/yayene-sd1-768x767.jpg 768w, https:\/\/tempusfugit.mx\/blogniebla\/wp-content\/uploads\/2023\/05\/yayene-sd1-1024x1024.jpg 1024w, https:\/\/tempusfugit.mx\/blogniebla\/wp-content\/uploads\/2023\/05\/yayene-sd1-750x749.jpg 750w, https:\/\/tempusfugit.mx\/blogniebla\/wp-content\/uploads\/2023\/05\/yayene-sd1.jpg 1310w\" sizes=\"(max-width: 120px) 100vw, 120px\" \/><\/a><figcaption class=\"wp-element-caption\"><a href=\"https:\/\/tempusfugit.mx\/blogniebla\/yayene\/\">Yayene<\/a><\/figcaption><\/figure>\n\n\n\n<figure class=\"wp-block-image alignnone is-resized\"><a href=\"https:\/\/tempusfugit.mx\/blogniebla\/pensador-low-poly\/\"><img decoding=\"async\" loading=\"lazy\" src=\"https:\/\/tempusfugit.mx\/blogniebla\/wp-content\/uploads\/2023\/05\/pensador-sq1-300x300.jpg\" alt=\"\" class=\"wp-image-713\" width=\"120\" height=\"120\" srcset=\"https:\/\/tempusfugit.mx\/blogniebla\/wp-content\/uploads\/2023\/05\/pensador-sq1-300x300.jpg 300w, https:\/\/tempusfugit.mx\/blogniebla\/wp-content\/uploads\/2023\/05\/pensador-sq1-150x150.jpg 150w, https:\/\/tempusfugit.mx\/blogniebla\/wp-content\/uploads\/2023\/05\/pensador-sq1-768x768.jpg 768w, https:\/\/tempusfugit.mx\/blogniebla\/wp-content\/uploads\/2023\/05\/pensador-sq1-1024x1024.jpg 1024w, https:\/\/tempusfugit.mx\/blogniebla\/wp-content\/uploads\/2023\/05\/pensador-sq1-750x750.jpg 750w, https:\/\/tempusfugit.mx\/blogniebla\/wp-content\/uploads\/2023\/05\/pensador-sq1.jpg 1836w\" sizes=\"(max-width: 120px) 100vw, 120px\" \/><\/a><figcaption class=\"wp-element-caption\"><a href=\"https:\/\/tempusfugit.mx\/blogniebla\/pensador-low-poly\/\">El Pensador <em>Low Poly<\/em><\/a><\/figcaption><\/figure>\n\n\n\n<figure class=\"wp-block-image alignnone is-resized\"><a href=\"https:\/\/tempusfugit.mx\/blogniebla\/venus-de-milo-low-poly\/\"><img decoding=\"async\" loading=\"lazy\" src=\"https:\/\/tempusfugit.mx\/blogniebla\/wp-content\/uploads\/2023\/05\/Venus-sq1-300x300.jpg\" alt=\"\" class=\"wp-image-714\" width=\"120\" height=\"120\" srcset=\"https:\/\/tempusfugit.mx\/blogniebla\/wp-content\/uploads\/2023\/05\/Venus-sq1-300x300.jpg 300w, https:\/\/tempusfugit.mx\/blogniebla\/wp-content\/uploads\/2023\/05\/Venus-sq1-150x150.jpg 150w, https:\/\/tempusfugit.mx\/blogniebla\/wp-content\/uploads\/2023\/05\/Venus-sq1-768x768.jpg 768w, https:\/\/tempusfugit.mx\/blogniebla\/wp-content\/uploads\/2023\/05\/Venus-sq1-1024x1024.jpg 1024w, https:\/\/tempusfugit.mx\/blogniebla\/wp-content\/uploads\/2023\/05\/Venus-sq1-750x750.jpg 750w, https:\/\/tempusfugit.mx\/blogniebla\/wp-content\/uploads\/2023\/05\/Venus-sq1.jpg 1878w\" sizes=\"(max-width: 120px) 100vw, 120px\" \/><\/a><figcaption class=\"wp-element-caption\"><a href=\"https:\/\/tempusfugit.mx\/blogniebla\/venus-de-milo-low-poly\/\">Venus de Milo <em>Low Poly<\/em><\/a><\/figcaption><\/figure>\n\n\n\n<h2 class=\"wp-block-heading has-luminous-vivid-orange-color has-text-color\"><strong>Para m\u00e1s objetos impresos en 3d a la venta, visita la liga<\/strong><\/h2>\n\n\n\n<h2 class=\"wp-block-heading has-luminous-vivid-orange-color has-text-color\"><a href=\"https:\/\/tempusfugit.mx\/blogniebla\/miscelanea-3d\/\" data-type=\"page\" data-id=\"945\">Miscelanea 3d<\/a><\/h2>\n\n\n\n<p><strong>Diversos modelos impresos en 3d disponibles en el cat\u00e1lgo de Niebla Morada<br>\u00a1Escoge el tuyo!<\/strong><\/p>\n","protected":false},"excerpt":{"rendered":"<p>Escultura creada a partir de una f\u00f3rmula matem\u00e1tica.Impresa en material PLA con acabado acr\u00edlico. Para uso en interiores.Medidas: 18 cm x 14.5 cmCosto por pieza: $550.00&nbsp;Entrega gratuita en la Cd. de Monterrey, NL M\u00e9xico.Tiempo de entrega 5 d\u00edas h\u00e1biles despu\u00e9s de recibir el pago.En pedidos de m\u00e1s de dos piezas es de 10 d\u00edas h\u00e1biles.Para [&hellip;]<\/p>\n","protected":false},"author":1,"featured_media":0,"parent":0,"menu_order":0,"comment_status":"closed","ping_status":"closed","template":"page_fullwidth.php","meta":[],"_links":{"self":[{"href":"https:\/\/tempusfugit.mx\/blogniebla\/wp-json\/wp\/v2\/pages\/726"}],"collection":[{"href":"https:\/\/tempusfugit.mx\/blogniebla\/wp-json\/wp\/v2\/pages"}],"about":[{"href":"https:\/\/tempusfugit.mx\/blogniebla\/wp-json\/wp\/v2\/types\/page"}],"author":[{"embeddable":true,"href":"https:\/\/tempusfugit.mx\/blogniebla\/wp-json\/wp\/v2\/users\/1"}],"replies":[{"embeddable":true,"href":"https:\/\/tempusfugit.mx\/blogniebla\/wp-json\/wp\/v2\/comments?post=726"}],"version-history":[{"count":24,"href":"https:\/\/tempusfugit.mx\/blogniebla\/wp-json\/wp\/v2\/pages\/726\/revisions"}],"predecessor-version":[{"id":989,"href":"https:\/\/tempusfugit.mx\/blogniebla\/wp-json\/wp\/v2\/pages\/726\/revisions\/989"}],"wp:attachment":[{"href":"https:\/\/tempusfugit.mx\/blogniebla\/wp-json\/wp\/v2\/media?parent=726"}],"curies":[{"name":"wp","href":"https:\/\/api.w.org\/{rel}","templated":true}]}}