{"id":945,"date":"2023-06-03T20:54:35","date_gmt":"2023-06-03T20:54:35","guid":{"rendered":"http:\/\/tempusfugit.mx\/blogniebla\/?page_id=945"},"modified":"2023-06-06T19:54:49","modified_gmt":"2023-06-06T19:54:49","slug":"miscelanea-3d","status":"publish","type":"page","link":"https:\/\/tempusfugit.mx\/blogniebla\/miscelanea-3d\/","title":{"rendered":"Miscelanea 3d"},"content":{"rendered":"\n<p>Diversos modelos impresos en 3d disponibles en el cat\u00e1lgo de Niebla Morada<br>\u00a1Escoge el tuyo!<\/p>\n\n\n\n<p><\/p>\n\n\n\n<h2 class=\"wp-block-heading\">3 Cajitas con motivos celtas<\/h2>\n\n\n\n<div class=\"wp-block-media-text alignwide is-stacked-on-mobile\" style=\"grid-template-columns:42% auto\"><figure class=\"wp-block-media-text__media\"><video controls src=\"https:\/\/tempusfugit.mx\/blogniebla\/wp-content\/uploads\/2023\/06\/Promo-miscelanea-impresiones-3d.mp4\"><\/video><\/figure><div class=\"wp-block-media-text__content\">\n<p><\/p>\n<\/div><\/div>\n\n\n\n<p class=\"has-luminous-vivid-orange-color has-text-color\"><strong>Info sobre este producto:<\/strong><\/p>\n\n\n\n<figure class=\"wp-block-image size-medium\"><a href=\"https:\/\/tempusfugit.mx\/blogniebla\/3-cajitas-con-motivos-celtas\/\"><img decoding=\"async\" loading=\"lazy\" width=\"300\" height=\"300\" src=\"https:\/\/tempusfugit.mx\/blogniebla\/wp-content\/uploads\/2023\/06\/cajitas-celticas-sq1-300x300.jpg\" alt=\"\" class=\"wp-image-969\" srcset=\"https:\/\/tempusfugit.mx\/blogniebla\/wp-content\/uploads\/2023\/06\/cajitas-celticas-sq1-300x300.jpg 300w, https:\/\/tempusfugit.mx\/blogniebla\/wp-content\/uploads\/2023\/06\/cajitas-celticas-sq1-1024x1024.jpg 1024w, https:\/\/tempusfugit.mx\/blogniebla\/wp-content\/uploads\/2023\/06\/cajitas-celticas-sq1-150x150.jpg 150w, https:\/\/tempusfugit.mx\/blogniebla\/wp-content\/uploads\/2023\/06\/cajitas-celticas-sq1-768x768.jpg 768w, https:\/\/tempusfugit.mx\/blogniebla\/wp-content\/uploads\/2023\/06\/cajitas-celticas-sq1-1536x1536.jpg 1536w, https:\/\/tempusfugit.mx\/blogniebla\/wp-content\/uploads\/2023\/06\/cajitas-celticas-sq1-2048x2048.jpg 2048w, https:\/\/tempusfugit.mx\/blogniebla\/wp-content\/uploads\/2023\/06\/cajitas-celticas-sq1-750x750.jpg 750w\" sizes=\"(max-width: 300px) 100vw, 300px\" \/><\/a><\/figure>\n\n\n\n<p><a href=\"https:\/\/tempusfugit.mx\/blogniebla\/3-cajitas-con-motivos-celtas\/\" data-type=\"page\" data-id=\"949\">Cajitas con motivos celtas<\/a><\/p>\n\n\n\n<p class=\"has-luminous-vivid-orange-color has-text-color\"><strong>M\u00e1s objetos 3d &#8230;<\/strong><\/p>\n\n\n\n<div class=\"wp-block-media-text alignwide is-stacked-on-mobile\" style=\"grid-template-columns:20% auto\"><figure class=\"wp-block-media-text__media\"><a href=\"https:\/\/tempusfugit.mx\/blogniebla\/reloj-conico\/\"><img decoding=\"async\" loading=\"lazy\" width=\"150\" height=\"150\" src=\"https:\/\/tempusfugit.mx\/blogniebla\/wp-content\/uploads\/2023\/06\/DSC01373sqr1-150x150.jpg\" alt=\"\" class=\"wp-image-996 size-thumbnail\" srcset=\"https:\/\/tempusfugit.mx\/blogniebla\/wp-content\/uploads\/2023\/06\/DSC01373sqr1-150x150.jpg 150w, https:\/\/tempusfugit.mx\/blogniebla\/wp-content\/uploads\/2023\/06\/DSC01373sqr1-300x300.jpg 300w, https:\/\/tempusfugit.mx\/blogniebla\/wp-content\/uploads\/2023\/06\/DSC01373sqr1-1024x1024.jpg 1024w, https:\/\/tempusfugit.mx\/blogniebla\/wp-content\/uploads\/2023\/06\/DSC01373sqr1-768x768.jpg 768w, https:\/\/tempusfugit.mx\/blogniebla\/wp-content\/uploads\/2023\/06\/DSC01373sqr1-750x750.jpg 750w, https:\/\/tempusfugit.mx\/blogniebla\/wp-content\/uploads\/2023\/06\/DSC01373sqr1.jpg 1520w\" sizes=\"(max-width: 150px) 100vw, 150px\" \/><\/a><\/figure><div class=\"wp-block-media-text__content\">\n<p><a href=\"https:\/\/tempusfugit.mx\/blogniebla\/reloj-conico\/\" data-type=\"page\" data-id=\"1013\">Reloj C\u00f3nico<\/a><br><\/p>\n<\/div><\/div>\n\n\n\n<div class=\"wp-block-media-text alignwide is-stacked-on-mobile\" style=\"grid-template-columns:20% auto\"><figure class=\"wp-block-media-text__media\"><a href=\"https:\/\/tempusfugit.mx\/blogniebla\/gato-durmiendo\/\"><img decoding=\"async\" loading=\"lazy\" width=\"1024\" height=\"1024\" src=\"https:\/\/tempusfugit.mx\/blogniebla\/wp-content\/uploads\/2023\/06\/DSC01331sqr1-1024x1024.jpg\" alt=\"\" class=\"wp-image-1000 size-full\" srcset=\"https:\/\/tempusfugit.mx\/blogniebla\/wp-content\/uploads\/2023\/06\/DSC01331sqr1-1024x1024.jpg 1024w, https:\/\/tempusfugit.mx\/blogniebla\/wp-content\/uploads\/2023\/06\/DSC01331sqr1-300x300.jpg 300w, https:\/\/tempusfugit.mx\/blogniebla\/wp-content\/uploads\/2023\/06\/DSC01331sqr1-150x150.jpg 150w, https:\/\/tempusfugit.mx\/blogniebla\/wp-content\/uploads\/2023\/06\/DSC01331sqr1-768x768.jpg 768w, https:\/\/tempusfugit.mx\/blogniebla\/wp-content\/uploads\/2023\/06\/DSC01331sqr1-1536x1536.jpg 1536w, https:\/\/tempusfugit.mx\/blogniebla\/wp-content\/uploads\/2023\/06\/DSC01331sqr1-750x750.jpg 750w, https:\/\/tempusfugit.mx\/blogniebla\/wp-content\/uploads\/2023\/06\/DSC01331sqr1.jpg 1887w\" sizes=\"(max-width: 1024px) 100vw, 1024px\" \/><\/a><\/figure><div class=\"wp-block-media-text__content\">\n<p><\/p>\n\n\n\n<p><a href=\"https:\/\/tempusfugit.mx\/blogniebla\/gato-durmiendo\/\" data-type=\"page\" data-id=\"1035\">Gato durmiendo<\/a><\/p>\n<\/div><\/div>\n\n\n\n<div class=\"wp-block-media-text alignwide is-stacked-on-mobile\" style=\"grid-template-columns:20% auto\"><figure class=\"wp-block-media-text__media\"><a href=\"https:\/\/tempusfugit.mx\/blogniebla\/dragon-tornasol-articulado\/\"><img decoding=\"async\" loading=\"lazy\" width=\"1024\" height=\"1024\" src=\"https:\/\/tempusfugit.mx\/blogniebla\/wp-content\/uploads\/2023\/06\/DSC01314.sqr1jpg-1024x1024.jpg\" alt=\"\" class=\"wp-image-1001 size-full\" srcset=\"https:\/\/tempusfugit.mx\/blogniebla\/wp-content\/uploads\/2023\/06\/DSC01314.sqr1jpg-1024x1024.jpg 1024w, https:\/\/tempusfugit.mx\/blogniebla\/wp-content\/uploads\/2023\/06\/DSC01314.sqr1jpg-300x300.jpg 300w, https:\/\/tempusfugit.mx\/blogniebla\/wp-content\/uploads\/2023\/06\/DSC01314.sqr1jpg-150x150.jpg 150w, https:\/\/tempusfugit.mx\/blogniebla\/wp-content\/uploads\/2023\/06\/DSC01314.sqr1jpg-768x769.jpg 768w, https:\/\/tempusfugit.mx\/blogniebla\/wp-content\/uploads\/2023\/06\/DSC01314.sqr1jpg-750x751.jpg 750w, https:\/\/tempusfugit.mx\/blogniebla\/wp-content\/uploads\/2023\/06\/DSC01314.sqr1jpg.jpg 1200w\" sizes=\"(max-width: 1024px) 100vw, 1024px\" \/><\/a><\/figure><div class=\"wp-block-media-text__content\">\n<p><a href=\"https:\/\/tempusfugit.mx\/blogniebla\/dragon-tornasol-articulado\/\" data-type=\"page\" data-id=\"1037\">Drag\u00f3n Tornasol Articulado <\/a><\/p>\n<\/div><\/div>\n\n\n\n<div class=\"wp-block-media-text alignwide is-stacked-on-mobile\" style=\"grid-template-columns:20% auto\"><figure class=\"wp-block-media-text__media\"><a href=\"https:\/\/tempusfugit.mx\/blogniebla\/porta-vasos-con-motivos-celtas\/\"><img decoding=\"async\" loading=\"lazy\" width=\"1024\" height=\"1024\" src=\"https:\/\/tempusfugit.mx\/blogniebla\/wp-content\/uploads\/2023\/06\/DSC01330sqr1-1024x1024.jpg\" alt=\"\" class=\"wp-image-1003 size-full\" srcset=\"https:\/\/tempusfugit.mx\/blogniebla\/wp-content\/uploads\/2023\/06\/DSC01330sqr1-1024x1024.jpg 1024w, https:\/\/tempusfugit.mx\/blogniebla\/wp-content\/uploads\/2023\/06\/DSC01330sqr1-300x300.jpg 300w, https:\/\/tempusfugit.mx\/blogniebla\/wp-content\/uploads\/2023\/06\/DSC01330sqr1-150x150.jpg 150w, https:\/\/tempusfugit.mx\/blogniebla\/wp-content\/uploads\/2023\/06\/DSC01330sqr1-768x768.jpg 768w, https:\/\/tempusfugit.mx\/blogniebla\/wp-content\/uploads\/2023\/06\/DSC01330sqr1-1536x1536.jpg 1536w, https:\/\/tempusfugit.mx\/blogniebla\/wp-content\/uploads\/2023\/06\/DSC01330sqr1-750x750.jpg 750w, https:\/\/tempusfugit.mx\/blogniebla\/wp-content\/uploads\/2023\/06\/DSC01330sqr1.jpg 1962w\" sizes=\"(max-width: 1024px) 100vw, 1024px\" \/><\/a><\/figure><div class=\"wp-block-media-text__content\">\n<p><a href=\"https:\/\/tempusfugit.mx\/blogniebla\/porta-vasos-con-motivos-celtas\/\" data-type=\"page\" data-id=\"1056\">Porta-vasos con motivos celtas<br>Estuche y 6 portavasos<\/a><\/p>\n<\/div><\/div>\n\n\n\n<div class=\"wp-block-media-text alignwide is-stacked-on-mobile\" style=\"grid-template-columns:20% auto\"><figure class=\"wp-block-media-text__media\"><img decoding=\"async\" loading=\"lazy\" width=\"1024\" height=\"1024\" src=\"https:\/\/tempusfugit.mx\/blogniebla\/wp-content\/uploads\/2023\/06\/engrane-cubico-sq2-1024x1024.jpg\" alt=\"\" class=\"wp-image-1005 size-full\" srcset=\"https:\/\/tempusfugit.mx\/blogniebla\/wp-content\/uploads\/2023\/06\/engrane-cubico-sq2-1024x1024.jpg 1024w, https:\/\/tempusfugit.mx\/blogniebla\/wp-content\/uploads\/2023\/06\/engrane-cubico-sq2-300x300.jpg 300w, https:\/\/tempusfugit.mx\/blogniebla\/wp-content\/uploads\/2023\/06\/engrane-cubico-sq2-150x150.jpg 150w, https:\/\/tempusfugit.mx\/blogniebla\/wp-content\/uploads\/2023\/06\/engrane-cubico-sq2-768x768.jpg 768w, https:\/\/tempusfugit.mx\/blogniebla\/wp-content\/uploads\/2023\/06\/engrane-cubico-sq2-1536x1536.jpg 1536w, https:\/\/tempusfugit.mx\/blogniebla\/wp-content\/uploads\/2023\/06\/engrane-cubico-sq2-750x750.jpg 750w, https:\/\/tempusfugit.mx\/blogniebla\/wp-content\/uploads\/2023\/06\/engrane-cubico-sq2.jpg 2022w\" sizes=\"(max-width: 1024px) 100vw, 1024px\" \/><\/figure><div class=\"wp-block-media-text__content\">\n<p><a href=\"https:\/\/tempusfugit.mx\/blogniebla\/cubo-con-engranes-conicos\/\" data-type=\"page\" data-id=\"1072\">Cubo giratorio <br>con engranes c\u00f3nicos<\/a><\/p>\n<\/div><\/div>\n\n\n\n<div class=\"wp-block-media-text alignwide is-stacked-on-mobile\" style=\"grid-template-columns:20% auto\"><figure class=\"wp-block-media-text__media\"><a href=\"https:\/\/tempusfugit.mx\/blogniebla\/base-para-balancear-botella\/\"><img decoding=\"async\" loading=\"lazy\" width=\"1024\" height=\"1024\" src=\"https:\/\/tempusfugit.mx\/blogniebla\/wp-content\/uploads\/2023\/06\/Base-botella-sq1-1024x1024.jpg\" alt=\"\" class=\"wp-image-1009 size-full\" srcset=\"https:\/\/tempusfugit.mx\/blogniebla\/wp-content\/uploads\/2023\/06\/Base-botella-sq1-1024x1024.jpg 1024w, https:\/\/tempusfugit.mx\/blogniebla\/wp-content\/uploads\/2023\/06\/Base-botella-sq1-300x300.jpg 300w, https:\/\/tempusfugit.mx\/blogniebla\/wp-content\/uploads\/2023\/06\/Base-botella-sq1-150x150.jpg 150w, https:\/\/tempusfugit.mx\/blogniebla\/wp-content\/uploads\/2023\/06\/Base-botella-sq1-768x768.jpg 768w, https:\/\/tempusfugit.mx\/blogniebla\/wp-content\/uploads\/2023\/06\/Base-botella-sq1-1536x1536.jpg 1536w, https:\/\/tempusfugit.mx\/blogniebla\/wp-content\/uploads\/2023\/06\/Base-botella-sq1-750x750.jpg 750w, https:\/\/tempusfugit.mx\/blogniebla\/wp-content\/uploads\/2023\/06\/Base-botella-sq1.jpg 1872w\" sizes=\"(max-width: 1024px) 100vw, 1024px\" \/><\/a><\/figure><div class=\"wp-block-media-text__content\">\n<p><a href=\"https:\/\/tempusfugit.mx\/blogniebla\/base-para-balancear-botella\/\" data-type=\"page\" data-id=\"1074\">Base balanza para botella<\/a><br><\/p>\n<\/div><\/div>\n\n\n\n<h2 class=\"wp-block-heading has-luminous-vivid-orange-color has-text-color\"><strong>Conoce la secci\u00f3n de esculturas impresas en 3d a la venta, <\/strong><br><strong>visita la liga<\/strong><\/h2>\n\n\n\n<h2 class=\"wp-block-heading has-luminous-vivid-orange-color has-text-color\"><a href=\"https:\/\/tempusfugit.mx\/blogniebla\/obra-grafica-y-pictorica\/impresion-3d\/\" data-type=\"page\" data-id=\"689\">Esculturas en 3d<\/a><\/h2>\n\n\n\n<p><strong>Arte fino al alcance de cualquiera.<\/strong><\/p>\n\n\n\n<p>Impresas en 3d con acabados en esmalte y\/o acr\u00edlico.<br>Para regalos, coleccionismo, decoraci\u00f3n.<br><em>Reconocimientos, trofeos, premiaciones.<br>Personalizamos la base con logotipos o textos, para empresas.<br>Reproducciones de esculturas cl\u00e1sicas o arte sobre pedido.<\/em><\/p>\n","protected":false},"excerpt":{"rendered":"<p>Diversos modelos impresos en 3d disponibles en el cat\u00e1lgo de Niebla Morada\u00a1Escoge el tuyo! 3 Cajitas con motivos celtas Info sobre este producto: Cajitas con motivos celtas M\u00e1s objetos 3d &#8230; Reloj C\u00f3nico Gato durmiendo Drag\u00f3n Tornasol Articulado Porta-vasos con motivos celtasEstuche y 6 portavasos Cubo giratorio con engranes c\u00f3nicos Base balanza para botella Conoce [&hellip;]<\/p>\n","protected":false},"author":1,"featured_media":0,"parent":0,"menu_order":0,"comment_status":"closed","ping_status":"closed","template":"page_fullwidth.php","meta":[],"_links":{"self":[{"href":"https:\/\/tempusfugit.mx\/blogniebla\/wp-json\/wp\/v2\/pages\/945"}],"collection":[{"href":"https:\/\/tempusfugit.mx\/blogniebla\/wp-json\/wp\/v2\/pages"}],"about":[{"href":"https:\/\/tempusfugit.mx\/blogniebla\/wp-json\/wp\/v2\/types\/page"}],"author":[{"embeddable":true,"href":"https:\/\/tempusfugit.mx\/blogniebla\/wp-json\/wp\/v2\/users\/1"}],"replies":[{"embeddable":true,"href":"https:\/\/tempusfugit.mx\/blogniebla\/wp-json\/wp\/v2\/comments?post=945"}],"version-history":[{"count":24,"href":"https:\/\/tempusfugit.mx\/blogniebla\/wp-json\/wp\/v2\/pages\/945\/revisions"}],"predecessor-version":[{"id":1087,"href":"https:\/\/tempusfugit.mx\/blogniebla\/wp-json\/wp\/v2\/pages\/945\/revisions\/1087"}],"wp:attachment":[{"href":"https:\/\/tempusfugit.mx\/blogniebla\/wp-json\/wp\/v2\/media?parent=945"}],"curies":[{"name":"wp","href":"https:\/\/api.w.org\/{rel}","templated":true}]}}